{"id":28819,"date":"2025-05-22T03:26:50","date_gmt":"2025-05-22T01:26:50","guid":{"rendered":"http:\/\/localhost:8888\/Cont\/wordpress\/?post_type=product&#038;p=28819"},"modified":"2025-05-22T03:31:46","modified_gmt":"2025-05-22T01:31:46","slug":"conteneur-de-stockage-de-5-pieds","status":"publish","type":"product","link":"https:\/\/apts-consmetal.com\/en\/product\/conteneur-de-stockage-de-5-pieds\/","title":{"rendered":"5ft storage container"},"content":{"rendered":"<div class=\"container-detail__description\">\n<p class=\"p1\">Le conteneur 5 pieds est le dernier-n\u00e9 de notre gamme. Ce type de conteneur est la solution id\u00e9ale pour le stockage de vos marchandises. Non homologu\u00e9 CSC, il ne convient donc pas au transport intermodal. Fabriqu\u00e9 en acier Corten, il est \u00e9quip\u00e9 d&rsquo;un plancher standard en bois.<\/p>\n<\/div>\n<div class=\"container-detail__specifications\">\n<h5>Features<\/h5>\n<div class=\"container-specifications__dl-group\">Internal dimensions (LxWxH)2.049 x 1.512 x 2.062 mm<\/div>\n<div class=\"container-specifications__dl-group\">External dimensions (LxWxH) 2,200 x 1,600 x 2,260 mm<\/div>\n<div class=\"container-specifications__dl-group\">Door opening (WxH)2.106 x 1.948 mm<\/div>\n<div class=\"container-specifications__dl-group\">Volume6,40 m\u00b3<\/div>\n<div class=\"container-specifications__dl-group\">Empty weight 700 kg<\/div>\n<div class=\"container-specifications__dl-group\">Maximum payload 3,300 kg<\/div>\n<div class=\"container-specifications__dl-group\">Maximum cargo weight 4,000 kg<\/div>\n<div class=\"container-specifications__dl-group\">Standard color RAL5013<\/div>\n<div class=\"container-specifications__dl-group\">\n<p>Features<\/p>\n<p class=\"p1\">Standard vents<br \/>\nCoffre-<br \/>\nfort Poches pour chariot \u00e9l\u00e9vateur de chaque c\u00f4t\u00e9<br \/>\nPlancher en contreplaqu\u00e9<\/p>\n<p class=\"p2\">\n<\/div>\n<div class=\"container-specifications__dl-group\">Additional Information Not CSC certified<br \/>\nIn corten steel<br \/>\nAvailable in all RAL colors<br \/>\nStackable<br \/>\nSuitable for storage<\/div>\n<div class=\"container-specifications__dl-group\">\u00c9paisseur du plancher28 mm<\/div>\n<div class=\"element-text\">\n<p><em>The measurements given are indicative and may actually vary slightly.<\/em><\/p>\n<\/div>\n<\/div>","protected":false},"excerpt":{"rendered":"<div class=\"container-specifications__dl-group\">Internal dimensions (LxWxH)2.049 x 1.512 x 2.062 mm<\/div>\n<div class=\"container-specifications__dl-group\">External dimensions (LxWxH) 2,200 x 1,600 x 2,260 mm<\/div>\n<div class=\"container-specifications__dl-group\">Door opening (WxH)2.106 x 1.948 mm<\/div>\n<div class=\"container-specifications__dl-group\">Volume6,40 m\u00b3<\/div>\n<div class=\"container-specifications__dl-group\">Empty weight 700 kg<\/div>\n<div class=\"container-specifications__dl-group\">Maximum payload 3,300 kg<\/div>\n<div class=\"container-specifications__dl-group\">Maximum cargo weight 4,000 kg<\/div>\n<div class=\"container-specifications__dl-group\">Standard color RAL5013<\/div>","protected":false},"featured_media":28827,"comment_status":"open","ping_status":"closed","template":"","meta":[],"product_brand":[],"product_cat":[94,95],"product_tag":[],"class_list":{"0":"post-28819","1":"product","2":"type-product","3":"status-publish","4":"has-post-thumbnail","6":"product_cat-conteneurs-maritimes-neufs","7":"product_cat-petit","9":"first","10":"instock","11":"shipping-taxable","12":"purchasable","13":"product-type-simple"},"_links":{"self":[{"href":"https:\/\/apts-consmetal.com\/en\/wp-json\/wp\/v2\/product\/28819","targetHints":{"allow":["GET"]}}],"collection":[{"href":"https:\/\/apts-consmetal.com\/en\/wp-json\/wp\/v2\/product"}],"about":[{"href":"https:\/\/apts-consmetal.com\/en\/wp-json\/wp\/v2\/types\/product"}],"replies":[{"embeddable":true,"href":"https:\/\/apts-consmetal.com\/en\/wp-json\/wp\/v2\/comments?post=28819"}],"version-history":[{"count":0,"href":"https:\/\/apts-consmetal.com\/en\/wp-json\/wp\/v2\/product\/28819\/revisions"}],"wp:featuredmedia":[{"embeddable":true,"href":"https:\/\/apts-consmetal.com\/en\/wp-json\/wp\/v2\/media\/28827"}],"wp:attachment":[{"href":"https:\/\/apts-consmetal.com\/en\/wp-json\/wp\/v2\/media?parent=28819"}],"wp:term":[{"taxonomy":"product_brand","embeddable":true,"href":"https:\/\/apts-consmetal.com\/en\/wp-json\/wp\/v2\/product_brand?post=28819"},{"taxonomy":"product_cat","embeddable":true,"href":"https:\/\/apts-consmetal.com\/en\/wp-json\/wp\/v2\/product_cat?post=28819"},{"taxonomy":"product_tag","embeddable":true,"href":"https:\/\/apts-consmetal.com\/en\/wp-json\/wp\/v2\/product_tag?post=28819"}],"curies":[{"name":"wp","href":"https:\/\/api.w.org\/{rel}","templated":true}]}}