{"id":28651,"date":"2025-05-21T22:31:35","date_gmt":"2025-05-21T20:31:35","guid":{"rendered":"http:\/\/localhost:8888\/Cont\/wordpress\/?post_type=product&#038;p=28651"},"modified":"2025-05-21T23:15:11","modified_gmt":"2025-05-21T21:15:11","slug":"conteneur-bar-demontable-xl-3-x-2-metres-anthracite-ral-7016","status":"publish","type":"product","link":"https:\/\/apts-consmetal.com\/en\/product\/conteneur-bar-demontable-xl-3-x-2-metres-anthracite-ral-7016\/","title":{"rendered":"XL 3 x 2 Meters Anthracite RAL Demountable Bar Container"},"content":{"rendered":"<section class=\"elementor-section elementor-top-section elementor-element elementor-element-4975723f elementor-section-boxed elementor-section-height-default elementor-section-height-default\" data-id=\"4975723f\" data-element_type=\"section\">\n<div class=\"elementor-container elementor-column-gap-default\">\n<div class=\"elementor-column elementor-col-100 elementor-top-column elementor-element elementor-element-b1115ed\" data-id=\"b1115ed\" data-element_type=\"column\">\n<div class=\"elementor-widget-wrap elementor-element-populated\">\n<div class=\"elementor-element elementor-element-d0f663f elementor-widget elementor-widget-text-editor\" data-id=\"d0f663f\" data-element_type=\"widget\" data-widget_type=\"text-editor.default\">\n<div class=\"elementor-widget-container\">\n<h2>Conteneur bar \u00e0 vendre con\u00e7u pour de plus grandes ambitions<\/h2>\n<p>Nous avons des conteneurs de toutes sortes \u00e0 vendre, y compris des conteneurs extra larges ! Ce conteneur XL poss\u00e8de toutes les caract\u00e9ristiques de son fr\u00e8re (conteneur bar pliable de 3\u00d72 m\u00e8tres), mais dispose d\u2019un espace suppl\u00e9mentaire dans le sens de la longueur et de la largeur pour la commodit\u00e9 du client.<\/p>\n<blockquote><p>\u201cQuelle meilleure fa\u00e7on de passer une bonne soir\u00e9e que dans son propre bar.\u201d<\/p><\/blockquote>\n<h3>Caract\u00e9ristiques du Conteneur Pliable de 3\u00d72 M\u00e8tres XL<\/h3>\n<p>Le bar-container\u00a0 est \u00e9quip\u00e9 d\u2019un auvent pliant et de doubles portes \u2013 disponibles sur le c\u00f4t\u00e9 long et le c\u00f4t\u00e9 court. Les dimensions sont similaires \u00e0 celles d\u2019un conteneur d\u00e9montable de 16 pieds, mais la largeur et la longueur sont sup\u00e9rieures d\u2019un demi-m\u00e8tre.<\/p>\n<p>La canop\u00e9e de ce conteneur est super solide et contient un syst\u00e8me hydraulique. Ce syst\u00e8me permet de relever et de fermer la b\u00e2che en toute s\u00e9curit\u00e9. De plus, la double porte du conteneur vous permet de placer des articles de grande taille tels que des f\u00fbts de bi\u00e8re, des cong\u00e9lateurs, des tables, etc. C\u2019est donc le moyen id\u00e9al pour offrir une boisson ou un en-cas \u00e0 des clients ou des amis.<\/p>\n<h3>Avantages d\u2019un Conteneur Bar D\u00e9montable<\/h3>\n<p>Le conteneur bar vous apportera des avantages tels qu\u2019un endroit id\u00e9al pour passer du bon temps ou un lieu o\u00f9 vous pourrez d\u00e9velopper une activit\u00e9 commerciale. Si vos proches viennent chez vous, avec le conteneur XL, vous pouvez captiver leur attention et d\u00e9velopper un environnement plus confortable et innovant. Les autres avantages de ce produit sont les suivants:<\/p>\n<\/div>\n<\/div>\n<\/div>\n<\/div>\n<\/div>\n<\/section>\n<section class=\"elementor-section elementor-top-section elementor-element elementor-element-2c16280 elementor-section-boxed elementor-section-height-default elementor-section-height-default\" data-id=\"2c16280\" data-element_type=\"section\">\n<div class=\"elementor-container elementor-column-gap-default\">\n<div class=\"elementor-column elementor-col-50 elementor-top-column elementor-element elementor-element-9673c54\" data-id=\"9673c54\" data-element_type=\"column\">\n<div class=\"elementor-widget-wrap elementor-element-populated\">\n<div class=\"elementor-element elementor-element-11ce4b6 elementor-widget elementor-widget-text-editor\" data-id=\"11ce4b6\" data-element_type=\"widget\" data-widget_type=\"text-editor.default\">\n<div class=\"elementor-widget-container\">\n<h4>Sa durabilit\u00e9<\/h4>\n<p>Nous avons des conteneurs \u00e0 vendre aux meilleurs prix du march\u00e9 sans en diminuer la qualit\u00e9. De cette fa\u00e7on, votre conteneur est id\u00e9al pour toutes sortes d\u2019utilisations. Nos modules sont fabriqu\u00e9s avec le meilleur acier, ce qui les rend tr\u00e8s r\u00e9sistants.<\/p>\n<\/div>\n<\/div>\n<\/div>\n<\/div>\n<div class=\"elementor-column elementor-col-50 elementor-top-column elementor-element elementor-element-2b952d2\" data-id=\"2b952d2\" data-element_type=\"column\">\n<div class=\"elementor-widget-wrap elementor-element-populated\">\n<div class=\"elementor-element elementor-element-fa92f02 elementor-widget elementor-widget-text-editor\" data-id=\"fa92f02\" data-element_type=\"widget\" data-widget_type=\"text-editor.default\">\n<div class=\"elementor-widget-container\">\n<h4>Son adaptabilit\u00e9<\/h4>\n<p>Notre\u00a0conteneur XL est con\u00e7u pour \u00eatre facilement d\u00e9mont\u00e9 pour un transport plus rapide.\u00a0 Si vous ne souhaitez pas le d\u00e9monter, vous pouvez le d\u00e9placer facilement \u00e0 l\u2019aide d\u2019un chariot \u00e9l\u00e9vateur gr\u00e2ce aux fentes situ\u00e9es dans sa base. Aucune grue n\u2019est n\u00e9cessaire, ce qui rend le conteneur polyvalent et efficace.<\/p>\n<\/div>\n<\/div>\n<\/div>\n<\/div>\n<\/div>\n<\/section>\n<section class=\"elementor-section elementor-top-section elementor-element elementor-element-67c8fe4 elementor-section-boxed elementor-section-height-default elementor-section-height-default\" data-id=\"67c8fe4\" data-element_type=\"section\">\n<div class=\"elementor-container elementor-column-gap-default\">\n<div class=\"elementor-column elementor-col-100 elementor-top-column elementor-element elementor-element-5b7f257\" data-id=\"5b7f257\" data-element_type=\"column\">\n<div class=\"elementor-widget-wrap elementor-element-populated\">\n<div class=\"elementor-element elementor-element-119963e elementor-widget elementor-widget-text-editor\" data-id=\"119963e\" data-element_type=\"widget\" data-widget_type=\"text-editor.default\">\n<div class=\"elementor-widget-container\">\n<h3>Le conteneur XL est \u00e9galement modulable!<\/h3>\n<p>Lorsque vous avez des grands conteneurs \u00e0 vendre, vous devez \u00e9galement leur donner toute la flexibilit\u00e9 et la polyvalence dont disposent les autres conteneurs. Les kits de rayonnage, les kits de connexion et la protection contre le vol sont enti\u00e8rement compatibles avec ce produit.<\/p>\n<\/div>\n<\/div>\n<\/div>\n<\/div>\n<\/div>\n<\/section>","protected":false},"excerpt":{"rendered":"<p>The bar container is a safe way to get you started on your adventure thanks to its quick-assembly design.<\/p>\n<ul>\n<li>Detachable bar container for DIY<\/li>\n<li>External dimensions (LxWxH): 2952 x 2290 x 2240 mm<\/li>\n<li>Internal dimensions (LxWxH): 2795 x 2130 x 2100 mm<\/li>\n<li>Dimensions portes (LxH): 1750 x 2050 mm<\/li>\n<li>Available in all RAL colors<\/li>\n<li>The roof of the container is secured by two cylinder locks on both sides<\/li>\n<li>Fully self-supporting construction, including the floor<\/li>\n<\/ul>","protected":false},"featured_media":28652,"comment_status":"open","ping_status":"closed","template":"","meta":[],"product_brand":[],"product_cat":[110,100],"product_tag":[],"class_list":{"0":"post-28651","1":"product","2":"type-product","3":"status-publish","4":"has-post-thumbnail","6":"product_cat-conteneur-amenage","7":"product_cat-habitats-modulables","9":"first","10":"instock","11":"sale","12":"shipping-taxable","13":"purchasable","14":"product-type-simple"},"_links":{"self":[{"href":"https:\/\/apts-consmetal.com\/en\/wp-json\/wp\/v2\/product\/28651","targetHints":{"allow":["GET"]}}],"collection":[{"href":"https:\/\/apts-consmetal.com\/en\/wp-json\/wp\/v2\/product"}],"about":[{"href":"https:\/\/apts-consmetal.com\/en\/wp-json\/wp\/v2\/types\/product"}],"replies":[{"embeddable":true,"href":"https:\/\/apts-consmetal.com\/en\/wp-json\/wp\/v2\/comments?post=28651"}],"version-history":[{"count":0,"href":"https:\/\/apts-consmetal.com\/en\/wp-json\/wp\/v2\/product\/28651\/revisions"}],"wp:featuredmedia":[{"embeddable":true,"href":"https:\/\/apts-consmetal.com\/en\/wp-json\/wp\/v2\/media\/28652"}],"wp:attachment":[{"href":"https:\/\/apts-consmetal.com\/en\/wp-json\/wp\/v2\/media?parent=28651"}],"wp:term":[{"taxonomy":"product_brand","embeddable":true,"href":"https:\/\/apts-consmetal.com\/en\/wp-json\/wp\/v2\/product_brand?post=28651"},{"taxonomy":"product_cat","embeddable":true,"href":"https:\/\/apts-consmetal.com\/en\/wp-json\/wp\/v2\/product_cat?post=28651"},{"taxonomy":"product_tag","embeddable":true,"href":"https:\/\/apts-consmetal.com\/en\/wp-json\/wp\/v2\/product_tag?post=28651"}],"curies":[{"name":"wp","href":"https:\/\/api.w.org\/{rel}","templated":true}]}}