{"id":28797,"date":"2025-05-22T02:00:01","date_gmt":"2025-05-22T00:00:01","guid":{"rendered":"http:\/\/localhost:8888\/Cont\/wordpress\/?page_id=28797"},"modified":"2025-05-23T12:00:36","modified_gmt":"2025-05-23T10:00:36","slug":"mentions-legales","status":"publish","type":"page","link":"https:\/\/apts-consmetal.com\/en\/mentions-legales\/","title":{"rendered":"Legal notices"},"content":{"rendered":"<h3 class=\"wp-block-heading\">Site editor<\/h3>\n\n\n\n<p>This site, accessible at the address <a class=\"\" href=\"https:\/\/apts-consmetal.com\/en\/\">https:\/\/www.apts-consmetal.com<\/a>, is published by:<\/p>\n\n\n\n<p><strong>APTS CONSTRUCTIONS M\u00c9TALLIQUES<\/strong><br>SARL with a share capital of 3,000 \u20ac<br>Registered with the Versailles Trade and Companies Register under number <strong>892 596 040<\/strong><br>STRAIGHT : <strong>892 596 040 00014<\/strong><br>Intra-community VAT number: <strong>FR21892596040<\/strong><br>Code APE : <strong>43.99B \u2013 Assembly work on metal structures<\/strong><br>Head office: 20 rue Schnapper, 78100 Saint-Germain-en-Laye<br>Legal representative \/ Publication director: <strong>Rodrigues Tavares Amilcar<\/strong><br>Email : <a>contact@apts-consmetal.com<\/a><\/p>\n\n\n\n<p>The company APTS CONSTRUCTIONS M\u00c9TALIQUES operates through its site <strong>apts-consmetal.com<\/strong> in order to present its metal construction and associated services.<\/p>\n\n\n\n<hr class=\"wp-block-separator has-alpha-channel-opacity\"\/>\n\n\n\n<h3 class=\"wp-block-heading\">Host<\/h3>\n\n\n\n<p>The site is hosted by:<br><strong>OVH SAS<\/strong><br>Address: 2 rue Kellermann \u2013 59100 Roubaix \u2013 France<br><\/p>\n\n\n\n<hr class=\"wp-block-separator has-alpha-channel-opacity\"\/>\n\n\n\n<h3 class=\"wp-block-heading\">Intellectual property<\/h3>\n\n\n\n<p>All content on the site (texts, images, graphics, logos, icons, files, etc.) is the exclusive property of <strong>APTS CONSTRUCTIONS M\u00c9TALLIQUES<\/strong>, unless otherwise stated.<br>Any reproduction, representation, modification, publication, transmission, distortion, in whole or in part, of the site or its content, by any process whatsoever, without the express authorization of the company, is prohibited and would constitute an infringement punishable by Articles L.335-2 et seq. of the Intellectual Property Code.<\/p>\n\n\n\n<hr class=\"wp-block-separator has-alpha-channel-opacity\"\/>\n\n\n\n<h3 class=\"wp-block-heading\">Personal data<\/h3>\n\n\n\n<p>The information collected via the site forms is subject to computer processing intended exclusively for APTS CONSTRUCTIONS M\u00c9TALIQUES, and is never transmitted to third parties without consent.<br>In accordance with the French Data Protection Act of 6 January 1978, as amended, and the GDPR (General Data Protection Regulation), you have the right to access, rectify, erase, oppose, limit the processing and transfer your personal data.<br>For any request, you can write to us at: <strong><a>contact@apts-consmetal.com<\/a><\/strong>.<\/p>\n\n\n\n<hr class=\"wp-block-separator has-alpha-channel-opacity\"\/>\n\n\n\n<h3 class=\"wp-block-heading\">Cookies<\/h3>\n\n\n\n<p>The site may use cookies to improve the user experience, particularly for statistical or browsing purposes. You can refuse or configure cookies from your browser.<\/p>\n\n\n\n<hr class=\"wp-block-separator has-alpha-channel-opacity\"\/>\n\n\n\n<h3 class=\"wp-block-heading\">Responsibility<\/h3>\n\n\n\n<p>APTS CONSTRUCTIONS M\u00c9TALIQUES strives to provide information that is as accurate as possible on its website. However, it cannot be held responsible for omissions, inaccuracies, or failures to update information, whether caused by itself or by third-party partners.<\/p>\n\n\n\n<p><\/p>","protected":false},"excerpt":{"rendered":"<p>\u00c9diteur du site Le pr\u00e9sent site, accessible \u00e0 l\u2019adresse https:\/\/www.apts-consmetal.com, est \u00e9dit\u00e9 par : APTS CONSTRUCTIONS M\u00c9TALLIQUESSARL au capital social<\/p>","protected":false},"author":1,"featured_media":0,"parent":0,"menu_order":0,"comment_status":"closed","ping_status":"closed","template":"","meta":{"footnotes":""},"class_list":["post-28797","page","type-page","status-publish","hentry"],"_links":{"self":[{"href":"https:\/\/apts-consmetal.com\/en\/wp-json\/wp\/v2\/pages\/28797","targetHints":{"allow":["GET"]}}],"collection":[{"href":"https:\/\/apts-consmetal.com\/en\/wp-json\/wp\/v2\/pages"}],"about":[{"href":"https:\/\/apts-consmetal.com\/en\/wp-json\/wp\/v2\/types\/page"}],"author":[{"embeddable":true,"href":"https:\/\/apts-consmetal.com\/en\/wp-json\/wp\/v2\/users\/1"}],"replies":[{"embeddable":true,"href":"https:\/\/apts-consmetal.com\/en\/wp-json\/wp\/v2\/comments?post=28797"}],"version-history":[{"count":0,"href":"https:\/\/apts-consmetal.com\/en\/wp-json\/wp\/v2\/pages\/28797\/revisions"}],"wp:attachment":[{"href":"https:\/\/apts-consmetal.com\/en\/wp-json\/wp\/v2\/media?parent=28797"}],"curies":[{"name":"wp","href":"https:\/\/api.w.org\/{rel}","templated":true}]}}