{"id":7446,"date":"2024-11-13T00:19:34","date_gmt":"2024-11-12T23:19:34","guid":{"rendered":"https:\/\/trastracontainers.com\/?post_type=product&#038;p=7446"},"modified":"2025-05-22T08:04:17","modified_gmt":"2025-05-22T06:04:17","slug":"conteneur-maritime-doccasion-40-pieds","status":"publish","type":"product","link":"https:\/\/apts-consmetal.com\/de\/produkt\/conteneur-maritime-doccasion-40-pieds\/","title":{"rendered":"Gebrauchter 40-Fu\u00df-Versandcontainer"},"content":{"rendered":"<p><strong>Nos conteneurs maritimes d\u2019occasion de 40 pieds offrent une solution \u00e9conomique et durable pour vos besoins de stockage et de transport.<\/strong> Disponibles dans une vari\u00e9t\u00e9 de mod\u00e8les (Dry, Open Side, Double Porte, High Cube), ces conteneurs sont con\u00e7us pour r\u00e9pondre \u00e0 des exigences sp\u00e9cifiques. Chaque conteneur est soigneusement inspect\u00e9 et test\u00e9 pour garantir une performance optimale, m\u00eame apr\u00e8s une premi\u00e8re utilisation.<\/p>\n<p>Ces conteneurs de 40 pieds sont polyvalents et id\u00e9aux pour une multitude d&rsquo;applications, comme le stockage industriel, la conversion en espace modulaire, ou le transport s\u00e9curis\u00e9 de marchandises. Avec leur grande capacit\u00e9, ils conviennent \u00e0 des projets n\u00e9cessitant un espace de stockage plus important, tout en offrant des options pratiques comme un acc\u00e8s lat\u00e9ral complet ou une double porte pour une manipulation facilit\u00e9e.<\/p>\n<p><strong>Caract\u00e9ristiques principales<\/strong> :<\/p>\n<ul>\n<li><strong>Dimensions de 40 pieds<\/strong>, pour un volume de stockage plus grand.<\/li>\n<li><strong>Disponibles en version standard et High Cube<\/strong> pour maximiser l\u2019espace int\u00e9rieur.<\/li>\n<li><strong>Options avec double porte et acc\u00e8s lat\u00e9ral<\/strong>, offrant une flexibilit\u00e9 maximale d\u2019utilisation.<\/li>\n<li><strong>Construction robuste en acier corten de haute qualit\u00e9<\/strong>, assurant une durabilit\u00e9 \u00e0 long terme.<\/li>\n<li><strong>Capacit\u00e9 de charge allant jusqu\u2019\u00e0 30 480 kg<\/strong>, id\u00e9ale pour des projets industriels lourds.<\/li>\n<li><strong>Disponibles en neuf ou occasion<\/strong>, adapt\u00e9s \u00e0 tous types de besoins.<\/li>\n<\/ul>\n<p><strong>Applications<\/strong> :<\/p>\n<ul>\n<li>Stockage temporaire ou permanent de biens et mat\u00e9riaux<\/li>\n<li>Umbau in Werkst\u00e4tten, modulare B\u00fcros, Kantinen oder tempor\u00e4re Verkaufsr\u00e4ume<\/li>\n<li>Transport s\u00e9curis\u00e9 de marchandises sensibles ou volumineuses<\/li>\n<\/ul>\n<p>Que vous recherchiez un conteneur d\u2019occasion de <strong>40 pieds Dry, Open Side, Double Porte<\/strong>, ou <strong>Hoher W\u00fcrfel<\/strong>, nos produits sont pr\u00eats \u00e0 \u00eatre livr\u00e9s rapidement et \u00e0 r\u00e9pondre \u00e0 vos attentes les plus exigeantes.<\/p>","protected":false},"excerpt":{"rendered":"<p><span>Unsere Container sind in verschiedenen Ausf\u00fchrungen f\u00fcr alle Anforderungen erh\u00e4ltlich und eignen sich ideal f\u00fcr den Transport von G\u00fctern und die sichere Lagerung zu Hause. Sie sind aus robustem Cortenstahl gefertigt und bieten Langlebigkeit und Korrosionsbest\u00e4ndigkeit. Mit Bel\u00fcftungs\u00f6ffnungen zur Luftzirkulation sind sie vielseitig und f\u00fcr verschiedene Anwendungen geeignet. Profitieren Sie au\u00dferdem von der Unterst\u00fctzung unseres globalen Netzwerks mit Drop-Shipping-Optionen zur Reduzierung der Versandkosten.<\/span><\/p>","protected":false},"featured_media":7486,"comment_status":"open","ping_status":"closed","template":"","meta":[],"product_brand":[],"product_cat":[99],"product_tag":[],"class_list":{"0":"post-7446","1":"product","2":"type-product","3":"status-publish","4":"has-post-thumbnail","6":"product_cat-conteneurs-doccassions","8":"first","9":"instock","10":"shipping-taxable","11":"purchasable","12":"product-type-variable"},"_links":{"self":[{"href":"https:\/\/apts-consmetal.com\/de\/wp-json\/wp\/v2\/product\/7446","targetHints":{"allow":["GET"]}}],"collection":[{"href":"https:\/\/apts-consmetal.com\/de\/wp-json\/wp\/v2\/product"}],"about":[{"href":"https:\/\/apts-consmetal.com\/de\/wp-json\/wp\/v2\/types\/product"}],"replies":[{"embeddable":true,"href":"https:\/\/apts-consmetal.com\/de\/wp-json\/wp\/v2\/comments?post=7446"}],"version-history":[{"count":0,"href":"https:\/\/apts-consmetal.com\/de\/wp-json\/wp\/v2\/product\/7446\/revisions"}],"wp:featuredmedia":[{"embeddable":true,"href":"https:\/\/apts-consmetal.com\/de\/wp-json\/wp\/v2\/media\/7486"}],"wp:attachment":[{"href":"https:\/\/apts-consmetal.com\/de\/wp-json\/wp\/v2\/media?parent=7446"}],"wp:term":[{"taxonomy":"product_brand","embeddable":true,"href":"https:\/\/apts-consmetal.com\/de\/wp-json\/wp\/v2\/product_brand?post=7446"},{"taxonomy":"product_cat","embeddable":true,"href":"https:\/\/apts-consmetal.com\/de\/wp-json\/wp\/v2\/product_cat?post=7446"},{"taxonomy":"product_tag","embeddable":true,"href":"https:\/\/apts-consmetal.com\/de\/wp-json\/wp\/v2\/product_tag?post=7446"}],"curies":[{"name":"wp","href":"https:\/\/api.w.org\/{rel}","templated":true}]}}