{"id":7339,"date":"2024-11-04T09:09:26","date_gmt":"2024-11-04T08:09:26","guid":{"rendered":"https:\/\/trastracontainers.com\/?post_type=product&#038;p=7339"},"modified":"2025-05-15T18:19:31","modified_gmt":"2025-05-15T16:19:31","slug":"conteneur-frigorifique-high-cube-neuf-de-40-pieds","status":"publish","type":"product","link":"https:\/\/apts-consmetal.com\/de\/produkt\/conteneur-frigorifique-high-cube-neuf-de-40-pieds\/","title":{"rendered":"Neuer 40-Fu\u00df-High-Cube-K\u00fchlcontainer"},"content":{"rendered":"<p><span>Sie sind leicht zu reparieren, sicher und isoliert und verf\u00fcgen \u00fcber Standardfunktionen wie ein Vakuumventil, einen T-f\u00f6rmigen Boden, eine abriebfeste Innenverkleidung aus Aluminium und eine Track-and-Trace-Funktion. Dar\u00fcber hinaus sind unsere 40-Fu\u00df-HC-K\u00fchlcontainer bakterienresistent und unglaublich effizient. Sie bieten 1 Fu\u00df zus\u00e4tzliche H\u00f6he gegen\u00fcber einem 40-Fu\u00df-K\u00fchlcontainer und verf\u00fcgen \u00fcber ein Gesamtinnenvolumen von 2.387 Kubikfu\u00df.<\/span><\/p>\n<p><span>Durch die F\u00e4higkeit, konstante Durchschnittstemperaturen zwischen -30 \u00b0C und +30 \u00b0C* aufrechtzuerhalten, ist es m\u00f6glich, das Innenklima dieser Einheiten pr\u00e4zise zu steuern und so optimale Bedingungen f\u00fcr die Waren zu schaffen. Sie sind f\u00fcr die Lagerung gro\u00dfer Mengen verderblicher Waren konzipiert und werden h\u00e4ufig verwendet, um die Qualit\u00e4t von Lebensmitteln, Getr\u00e4nken und temperaturempfindlichen Ger\u00e4ten zu erhalten. K\u00fchlmaschinen arbeiten in einem Spannungsbereich von 400\u2013500 V, 3 Phasen bei 60 Hz und 360\u2013460 V, 3 Phasen bei 50 Hz und werden mit vom Hersteller zugelassenen K\u00fchlmitteln bef\u00fcllt.<\/span><\/p>\n<table>\n<thead>\n<tr>\n<th><strong>Kategorie<\/strong><\/th>\n<th><strong>Merkmal<\/strong><\/th>\n<th><strong>Metrisch<\/strong><\/th>\n<th><strong>Kaiserliche<\/strong><\/th>\n<\/tr>\n<\/thead>\n<tbody>\n<tr>\n<td><strong>Au\u00dfenma\u00dfe<\/strong><\/td>\n<td>L\u00e4nge<\/td>\n<td>12 192 mm<\/td>\n<td>40\u2032 0,0\u2033<\/td>\n<\/tr>\n<tr>\n<td><\/td>\n<td>Breite<\/td>\n<td>2 438 mm<\/td>\n<td>8\u2032 0,0\u2033<\/td>\n<\/tr>\n<tr>\n<td><\/td>\n<td>H\u00f6he<\/td>\n<td>2 896 mm<\/td>\n<td>9\u2032 6.0\u2033<\/td>\n<\/tr>\n<tr>\n<td><strong>Innenma\u00dfe<\/strong><\/td>\n<td>L\u00e4nge<\/td>\n<td>11 588 mm<\/td>\n<td>38\u2032 0,2\u2033<\/td>\n<\/tr>\n<tr>\n<td><\/td>\n<td>Breite<\/td>\n<td>2 290 mm<\/td>\n<td>7\u2032 6,2\u2033<\/td>\n<\/tr>\n<tr>\n<td><\/td>\n<td>H\u00f6he<\/td>\n<td>2 547,5 mm<\/td>\n<td>8\u2032 4,3\u2033<\/td>\n<\/tr>\n<tr>\n<td><strong>\u00d6ffnen der T\u00fcr<\/strong><\/td>\n<td>Breite<\/td>\n<td>2 294 mm<\/td>\n<td>7\u2032 6,3\u2033<\/td>\n<\/tr>\n<tr>\n<td><\/td>\n<td>H\u00f6he<\/td>\n<td>2 569 mm<\/td>\n<td>8\u2032 5.1\u2033<\/td>\n<\/tr>\n<tr>\n<td><strong>Kapazit\u00e4t und Gewicht<\/strong><\/td>\n<td>Innenraumvolumen<\/td>\n<td>67,6 m\u00b3<\/td>\n<td>2 387 Pi\u00b3<\/td>\n<\/tr>\n<tr>\n<td><\/td>\n<td>Max Gross<\/td>\n<td>35 000 kg<\/td>\n<td>77 160 Pfund<\/td>\n<\/tr>\n<tr>\n<td><\/td>\n<td>Nutzlast<\/td>\n<td>30 440 kg<\/td>\n<td>67 110 Pfund<\/td>\n<\/tr>\n<tr>\n<td><\/td>\n<td>Absto\u00dfen<\/td>\n<td>4 560 kg<\/td>\n<td>10 050 Pfund<\/td>\n<\/tr>\n<\/tbody>\n<\/table>","protected":false},"excerpt":{"rendered":"<p><span>Die neuen 40 Fu\u00df High Cube K\u00fchlcontainer sind f\u00fcr die sichere Lagerung und den Transport gro\u00dfer Mengen temperaturempfindlicher G\u00fcter vor Ort konzipiert und resistent gegen Wind, Wetter und Ungeziefer.<\/span><\/p>","protected":false},"featured_media":7348,"comment_status":"open","ping_status":"closed","template":"","meta":[],"product_brand":[],"product_cat":[98],"product_tag":[],"class_list":{"0":"post-7339","1":"product","2":"type-product","3":"status-publish","4":"has-post-thumbnail","6":"product_cat-conteneurs-frigorifiques","8":"first","9":"instock","10":"shipping-taxable","11":"purchasable","12":"product-type-simple"},"_links":{"self":[{"href":"https:\/\/apts-consmetal.com\/de\/wp-json\/wp\/v2\/product\/7339","targetHints":{"allow":["GET"]}}],"collection":[{"href":"https:\/\/apts-consmetal.com\/de\/wp-json\/wp\/v2\/product"}],"about":[{"href":"https:\/\/apts-consmetal.com\/de\/wp-json\/wp\/v2\/types\/product"}],"replies":[{"embeddable":true,"href":"https:\/\/apts-consmetal.com\/de\/wp-json\/wp\/v2\/comments?post=7339"}],"version-history":[{"count":0,"href":"https:\/\/apts-consmetal.com\/de\/wp-json\/wp\/v2\/product\/7339\/revisions"}],"wp:featuredmedia":[{"embeddable":true,"href":"https:\/\/apts-consmetal.com\/de\/wp-json\/wp\/v2\/media\/7348"}],"wp:attachment":[{"href":"https:\/\/apts-consmetal.com\/de\/wp-json\/wp\/v2\/media?parent=7339"}],"wp:term":[{"taxonomy":"product_brand","embeddable":true,"href":"https:\/\/apts-consmetal.com\/de\/wp-json\/wp\/v2\/product_brand?post=7339"},{"taxonomy":"product_cat","embeddable":true,"href":"https:\/\/apts-consmetal.com\/de\/wp-json\/wp\/v2\/product_cat?post=7339"},{"taxonomy":"product_tag","embeddable":true,"href":"https:\/\/apts-consmetal.com\/de\/wp-json\/wp\/v2\/product_tag?post=7339"}],"curies":[{"name":"wp","href":"https:\/\/api.w.org\/{rel}","templated":true}]}}