{"id":6587,"date":"2024-10-16T18:57:42","date_gmt":"2024-10-16T16:57:42","guid":{"rendered":"https:\/\/trastracontainers.com\/?post_type=product&#038;p=6587"},"modified":"2025-05-22T08:04:20","modified_gmt":"2025-05-22T06:04:20","slug":"conteneur-maritime-doccasion-20-pieds","status":"publish","type":"product","link":"https:\/\/apts-consmetal.com\/de\/produkt\/conteneur-maritime-doccasion-20-pieds\/","title":{"rendered":"Gebrauchter 20-Fu\u00df-Versandcontainer"},"content":{"rendered":"<p>Unsere gebrauchten Schiffscontainer bieten eine wirtschaftliche und nachhaltige L\u00f6sung f\u00fcr Ihre Lager- und Transportanforderungen. Sie sind in verschiedenen Modellen (Trocken, Offene Seite, Doppelt\u00fcr, High Cube) erh\u00e4ltlich und auf die Erf\u00fcllung spezifischer Anforderungen ausgelegt. Jeder Beh\u00e4lter wird gepr\u00fcft und getestet, um auch nach dem ersten Gebrauch eine optimale Leistung sicherzustellen.<\/p>\n<p>Diese vielseitigen Container eignen sich ideal f\u00fcr zahlreiche Anwendungen, beispielsweise zur industriellen Lagerung, zur Umwandlung in modularen Raum oder zum sicheren Transport von Waren. Sie finden Optionen, die f\u00fcr Projekte geeignet sind, die zus\u00e4tzliche H\u00f6he, vollst\u00e4ndigen seitlichen Zugang oder eine doppelte \u00d6ffnung f\u00fcr eine einfache Handhabung erfordern.<\/p>\n<p><strong>Haupteigenschaften:<\/strong><\/p>\n<ul>\n<li>Erh\u00e4ltlich in den Versionen Standard und High Cube, um den Stauraum zu maximieren.<\/li>\n<li>Containeroptionen mit Doppelt\u00fcren und seitlichem Zugang f\u00fcr maximale Flexibilit\u00e4t.<\/li>\n<li>St\u00e4rke und Haltbarkeit werden durch die hochwertige Cortenstahlkonstruktion gew\u00e4hrleistet.<\/li>\n<li>Tragf\u00e4higkeit bis zu 30.480 kg, ideal f\u00fcr Schwerindustrieprojekte.<\/li>\n<li>Neu und gebraucht erh\u00e4ltlich, mit Varianten f\u00fcr jeden Bedarf.<\/li>\n<\/ul>\n<p><strong>Anwendungen:<\/strong><\/p>\n<ul>\n<li>Vor\u00fcbergehende oder dauerhafte Lagerung von Waren<\/li>\n<li>Umbau in Werkst\u00e4tten, modulare B\u00fcros, Kantinen oder tempor\u00e4re Verkaufsr\u00e4ume<\/li>\n<li>Sicherer Transport sensibler G\u00fcter<\/li>\n<\/ul>\n<p>Egal, ob Sie einen gebrauchten 20-Fu\u00df-Trockencontainer, einen Open Side-, Double Door- oder High Cube-Container suchen, unsere Produkte sind schnell lieferbar und erf\u00fcllen Ihre h\u00f6chsten Erwartungen.<\/p>","protected":false},"excerpt":{"rendered":"<p>Unsere Container sind in verschiedenen Ausf\u00fchrungen f\u00fcr alle Anforderungen erh\u00e4ltlich und eignen sich ideal f\u00fcr den Transport von G\u00fctern und die sichere Lagerung zu Hause. Sie sind aus robustem Cortenstahl gefertigt und bieten Langlebigkeit und Korrosionsbest\u00e4ndigkeit. Mit Bel\u00fcftungs\u00f6ffnungen zur Luftzirkulation sind sie vielseitig und f\u00fcr verschiedene Anwendungen geeignet. Profitieren Sie au\u00dferdem von der Unterst\u00fctzung unseres globalen Netzwerks mit Drop-Shipping-Optionen zur Reduzierung der Versandkosten.<\/p>","protected":false},"featured_media":6589,"comment_status":"open","ping_status":"closed","template":"","meta":[],"product_brand":[],"product_cat":[99],"product_tag":[],"class_list":{"0":"post-6587","1":"product","2":"type-product","3":"status-publish","4":"has-post-thumbnail","6":"product_cat-conteneurs-doccassions","8":"first","9":"instock","10":"shipping-taxable","11":"purchasable","12":"product-type-variable"},"_links":{"self":[{"href":"https:\/\/apts-consmetal.com\/de\/wp-json\/wp\/v2\/product\/6587","targetHints":{"allow":["GET"]}}],"collection":[{"href":"https:\/\/apts-consmetal.com\/de\/wp-json\/wp\/v2\/product"}],"about":[{"href":"https:\/\/apts-consmetal.com\/de\/wp-json\/wp\/v2\/types\/product"}],"replies":[{"embeddable":true,"href":"https:\/\/apts-consmetal.com\/de\/wp-json\/wp\/v2\/comments?post=6587"}],"version-history":[{"count":0,"href":"https:\/\/apts-consmetal.com\/de\/wp-json\/wp\/v2\/product\/6587\/revisions"}],"wp:featuredmedia":[{"embeddable":true,"href":"https:\/\/apts-consmetal.com\/de\/wp-json\/wp\/v2\/media\/6589"}],"wp:attachment":[{"href":"https:\/\/apts-consmetal.com\/de\/wp-json\/wp\/v2\/media?parent=6587"}],"wp:term":[{"taxonomy":"product_brand","embeddable":true,"href":"https:\/\/apts-consmetal.com\/de\/wp-json\/wp\/v2\/product_brand?post=6587"},{"taxonomy":"product_cat","embeddable":true,"href":"https:\/\/apts-consmetal.com\/de\/wp-json\/wp\/v2\/product_cat?post=6587"},{"taxonomy":"product_tag","embeddable":true,"href":"https:\/\/apts-consmetal.com\/de\/wp-json\/wp\/v2\/product_tag?post=6587"}],"curies":[{"name":"wp","href":"https:\/\/api.w.org\/{rel}","templated":true}]}}