{"id":6417,"date":"2024-10-13T13:37:40","date_gmt":"2024-10-13T11:37:40","guid":{"rendered":"https:\/\/trastracontainers.com\/?post_type=product&#038;p=6417"},"modified":"2025-05-15T18:19:31","modified_gmt":"2025-05-15T16:19:31","slug":"conteneur-maritime-neuf-high-cube-open-side-de-20-pieds","status":"publish","type":"product","link":"https:\/\/apts-consmetal.com\/de\/produkt\/conteneur-maritime-neuf-high-cube-open-side-de-20-pieds\/","title":{"rendered":"Neuer 20-Fu\u00df-High-Cube-Open-Side-Versandcontainer"},"content":{"rendered":"<p>Unsere Versandbeh\u00e4lter <strong>High Cube Open Side de 20 pieds<\/strong> offrent un acc\u00e8s lat\u00e9ral complet gr\u00e2ce \u00e0 leurs portes sur toute la longueur d&rsquo;un c\u00f4t\u00e9. Avec une hauteur ext\u00e9rieure de 9&rsquo;6&Prime;, ces conteneurs sont id\u00e9aux pour les chargements volumineux n\u00e9cessitant un acc\u00e8s simplifi\u00e9 et plus d\u2019espace vertical. Leur conception facilite les op\u00e9rations de chargement et de d\u00e9chargement, particuli\u00e8rement pour des projets n\u00e9cessitant des modifications ou des conversions sp\u00e9cifiques.<\/p>\n<p>En standard, ces conteneurs sont \u00e9quip\u00e9s de coffres-forts sur les portes, d\u2019\u00e9vents pour une ventilation optimale et d\u2019un plancher en contreplaqu\u00e9 marin de haute qualit\u00e9.<\/p>\n<p>Certifi\u00e9s CSC, ces conteneurs sont pr\u00eats pour le transport de fret. Un rev\u00eatement anti-condensation Grafo-therm peut \u00eatre ajout\u00e9 moyennant un co\u00fbt suppl\u00e9mentaire pour assurer une protection accrue.<\/p>\n<table>\n<thead>\n<tr>\n<th><strong>Merkmale<\/strong><\/th>\n<th><strong>Imperiale Abmessungen<\/strong><\/th>\n<th><strong>Metrische Abmessungen<\/strong><\/th>\n<\/tr>\n<\/thead>\n<tbody>\n<tr>\n<td><strong>Au\u00dfenma\u00dfe<\/strong><\/td>\n<td>L 20\u2032 x L 8\u2032 x H 9,6\u2032<\/td>\n<td>L 6,1 m x B 2,4 m x H 2,9 m<\/td>\n<\/tr>\n<tr>\n<td><strong>Volume<\/strong><\/td>\n<td>1.289 Pi\u00b3<\/td>\n<td>36,5 m\u00b3<\/td>\n<\/tr>\n<tr>\n<td><strong>Poids \u00e0 vide<\/strong><\/td>\n<td>5,490 livres<\/td>\n<td>2,490 kg<\/td>\n<\/tr>\n<tr>\n<td><strong>Maximale Nutzlast<\/strong><\/td>\n<td>47.398 Pfund<\/td>\n<td>21.500 kg<\/td>\n<\/tr>\n<tr>\n<td><strong>Maximale Ladung<\/strong><\/td>\n<td>52,910 livres<\/td>\n<td>23.970 kg<\/td>\n<\/tr>\n<\/tbody>\n<\/table>","protected":false},"excerpt":{"rendered":"<p>Unsere 20 Fu\u00df High Cube Open Side-Container mit einer H\u00f6he von 9 Fu\u00df 6 Zoll bieten vollen seitlichen Zugang und sind ideal f\u00fcr sperrige Ladungen. Sie sind mit Schlie\u00dff\u00e4chern, mehreren L\u00fcftungs\u00f6ffnungen f\u00fcr optimale Bel\u00fcftung und einem Boden aus Bootsbausperrholz ausgestattet, CSC-zertifiziert und f\u00fcr den Frachttransport bereit; eine Antikondensationsoption ist verf\u00fcgbar.<\/p>","protected":false},"featured_media":6346,"comment_status":"open","ping_status":"closed","template":"","meta":[],"product_brand":[],"product_cat":[94,96],"product_tag":[],"class_list":{"0":"post-6417","1":"product","2":"type-product","3":"status-publish","4":"has-post-thumbnail","6":"product_cat-conteneurs-maritimes-neufs","7":"product_cat-moyen","9":"first","10":"instock","11":"shipping-taxable","12":"purchasable","13":"product-type-simple"},"_links":{"self":[{"href":"https:\/\/apts-consmetal.com\/de\/wp-json\/wp\/v2\/product\/6417","targetHints":{"allow":["GET"]}}],"collection":[{"href":"https:\/\/apts-consmetal.com\/de\/wp-json\/wp\/v2\/product"}],"about":[{"href":"https:\/\/apts-consmetal.com\/de\/wp-json\/wp\/v2\/types\/product"}],"replies":[{"embeddable":true,"href":"https:\/\/apts-consmetal.com\/de\/wp-json\/wp\/v2\/comments?post=6417"}],"version-history":[{"count":0,"href":"https:\/\/apts-consmetal.com\/de\/wp-json\/wp\/v2\/product\/6417\/revisions"}],"wp:featuredmedia":[{"embeddable":true,"href":"https:\/\/apts-consmetal.com\/de\/wp-json\/wp\/v2\/media\/6346"}],"wp:attachment":[{"href":"https:\/\/apts-consmetal.com\/de\/wp-json\/wp\/v2\/media?parent=6417"}],"wp:term":[{"taxonomy":"product_brand","embeddable":true,"href":"https:\/\/apts-consmetal.com\/de\/wp-json\/wp\/v2\/product_brand?post=6417"},{"taxonomy":"product_cat","embeddable":true,"href":"https:\/\/apts-consmetal.com\/de\/wp-json\/wp\/v2\/product_cat?post=6417"},{"taxonomy":"product_tag","embeddable":true,"href":"https:\/\/apts-consmetal.com\/de\/wp-json\/wp\/v2\/product_tag?post=6417"}],"curies":[{"name":"wp","href":"https:\/\/api.w.org\/{rel}","templated":true}]}}