{"id":6375,"date":"2024-10-10T23:41:20","date_gmt":"2024-10-10T21:41:20","guid":{"rendered":"https:\/\/trastracontainers.com\/?post_type=product&#038;p=6375"},"modified":"2025-05-22T08:04:24","modified_gmt":"2025-05-22T06:04:24","slug":"conteneur-maritime-neuf-high-cube-de-10-pieds","status":"publish","type":"product","link":"https:\/\/apts-consmetal.com\/de\/produkt\/conteneur-maritime-neuf-high-cube-de-10-pieds\/","title":{"rendered":"Neuer 10-Fu\u00df-High-Cube-Schiffscontainer"},"content":{"rendered":"<p>Unsere Versandbeh\u00e4lter <strong>High Cube de 10 pieds<\/strong> offrent une solution de stockage compacte tout en b\u00e9n\u00e9ficiant d\u2019une hauteur suppl\u00e9mentaire avec leurs 9&rsquo;6&Prime; de hauteur ext\u00e9rieure. Parfaits pour les espaces restreints n\u00e9cessitant un volume vertical accru, ces conteneurs High Cube sont id\u00e9aux pour le stockage ou les petites conversions.<\/p>\n<p>Dot\u00e9s de portes simples \u00e0 une extr\u00e9mit\u00e9, ils sont \u00e9galement \u00e9quip\u00e9s d\u2019un coffre-fort, de plusieurs \u00e9vents pour une ventilation optimale, ainsi que d\u2019un plancher en contreplaqu\u00e9 marin de haute qualit\u00e9.<\/p>\n<p>Diese Container sind CSC-zertifiziert und f\u00fcr den G\u00fctertransport einsatzbereit. Eine Grafo-Therm-Antikondensationsbehandlung kann optional gegen Aufpreis hinzugef\u00fcgt werden.<\/p>\n<table>\n<thead>\n<tr>\n<th><strong>Merkmale<\/strong><\/th>\n<th><strong>Imperiale Abmessungen<\/strong><\/th>\n<th><strong>Metrische Abmessungen<\/strong><\/th>\n<\/tr>\n<\/thead>\n<tbody>\n<tr>\n<td><strong>Au\u00dfenma\u00dfe<\/strong><\/td>\n<td>L 10&prime; x l 8&prime; x H 9,6&prime;<\/td>\n<td>L 3 m x l 2,4 m x H 2,9 m<\/td>\n<\/tr>\n<tr>\n<td><strong>Volume<\/strong><\/td>\n<td>620 pi\u00b3<\/td>\n<td>17,5 m\u00b3<\/td>\n<\/tr>\n<tr>\n<td><strong>Poids \u00e0 vide<\/strong><\/td>\n<td>3,970 livres<\/td>\n<td>1,800 kg<\/td>\n<\/tr>\n<tr>\n<td><strong>Maximale Nutzlast<\/strong><\/td>\n<td>22,046 livres<\/td>\n<td>10,000 kg<\/td>\n<\/tr>\n<tr>\n<td><strong>Maximale Ladung<\/strong><\/td>\n<td>26,016 livres<\/td>\n<td>11,800 kg<\/td>\n<\/tr>\n<\/tbody>\n<\/table>","protected":false},"excerpt":{"rendered":"<p>Unsere 10 Fu\u00df-High-Cube-Container bieten eine Au\u00dfenh\u00f6he von 9 Fu\u00df 6 Zoll f\u00fcr ein gr\u00f6\u00dferes vertikales Volumen. Sie sind kompakt und praktisch und verf\u00fcgen \u00fcber T\u00fcren an einem Ende, Safes und 10 L\u00fcftungs\u00f6ffnungen f\u00fcr optimale Bel\u00fcftung sowie einen Boden aus Bootsbausperrholz. Sie sind CSC-zertifiziert, transportbereit und verf\u00fcgen \u00fcber eine zus\u00e4tzliche Antikondensationsoption.<\/p>","protected":false},"featured_media":6389,"comment_status":"open","ping_status":"closed","template":"","meta":[],"product_brand":[],"product_cat":[94,95],"product_tag":[],"class_list":{"0":"post-6375","1":"product","2":"type-product","3":"status-publish","4":"has-post-thumbnail","6":"product_cat-conteneurs-maritimes-neufs","7":"product_cat-petit","9":"first","10":"instock","11":"shipping-taxable","12":"purchasable","13":"product-type-variable"},"_links":{"self":[{"href":"https:\/\/apts-consmetal.com\/de\/wp-json\/wp\/v2\/product\/6375","targetHints":{"allow":["GET"]}}],"collection":[{"href":"https:\/\/apts-consmetal.com\/de\/wp-json\/wp\/v2\/product"}],"about":[{"href":"https:\/\/apts-consmetal.com\/de\/wp-json\/wp\/v2\/types\/product"}],"replies":[{"embeddable":true,"href":"https:\/\/apts-consmetal.com\/de\/wp-json\/wp\/v2\/comments?post=6375"}],"version-history":[{"count":0,"href":"https:\/\/apts-consmetal.com\/de\/wp-json\/wp\/v2\/product\/6375\/revisions"}],"wp:featuredmedia":[{"embeddable":true,"href":"https:\/\/apts-consmetal.com\/de\/wp-json\/wp\/v2\/media\/6389"}],"wp:attachment":[{"href":"https:\/\/apts-consmetal.com\/de\/wp-json\/wp\/v2\/media?parent=6375"}],"wp:term":[{"taxonomy":"product_brand","embeddable":true,"href":"https:\/\/apts-consmetal.com\/de\/wp-json\/wp\/v2\/product_brand?post=6375"},{"taxonomy":"product_cat","embeddable":true,"href":"https:\/\/apts-consmetal.com\/de\/wp-json\/wp\/v2\/product_cat?post=6375"},{"taxonomy":"product_tag","embeddable":true,"href":"https:\/\/apts-consmetal.com\/de\/wp-json\/wp\/v2\/product_tag?post=6375"}],"curies":[{"name":"wp","href":"https:\/\/api.w.org\/{rel}","templated":true}]}}