{"id":6365,"date":"2024-10-09T03:40:24","date_gmt":"2024-10-09T01:40:24","guid":{"rendered":"https:\/\/trastracontainers.com\/?post_type=product&#038;p=6365"},"modified":"2025-05-15T18:19:31","modified_gmt":"2025-05-15T16:19:31","slug":"conteneur-maritime-neuf-high-cube-a-double-porte-de-20-pieds","status":"publish","type":"product","link":"https:\/\/apts-consmetal.com\/de\/produkt\/conteneur-maritime-neuf-high-cube-a-double-porte-de-20-pieds\/","title":{"rendered":"Neuer 20 Fu\u00df High Cube Doppelt\u00fcr-Versandcontainer"},"content":{"rendered":"<p>Unsere Versandbeh\u00e4lter <strong>20 Fu\u00df High Cube mit Doppelt\u00fcr<\/strong> sind so konzipiert, dass sie mit Doppelt\u00fcren an jedem Ende optimalen Zugang bieten und so das Be- und Entladen erleichtern. Diese Container sind ideal, wenn Sie mehr Lagerraum ben\u00f6tigen als ein Standardcontainer. Mit einer Au\u00dfenh\u00f6he von 2,80 m eignen sie sich perfekt f\u00fcr Waren, die mehr vertikales Volumen erfordern.<\/p>\n<p>Jede Doppelt\u00fcr ist standardm\u00e4\u00dfig mit Schlie\u00dff\u00e4chern ausgestattet und diese Container verf\u00fcgen \u00fcber 10 L\u00fcftungs\u00f6ffnungen f\u00fcr optimale Bel\u00fcftung sowie einen hochwertigen Bootsbausperrholzboden.<\/p>\n<p>Diese Container sind CSC-zertifiziert und f\u00fcr den G\u00fctertransport bereit. F\u00fcr zus\u00e4tzlichen Schutz kann gegen Aufpreis eine Grafo-Therm-Antikondensationsbehandlung hinzugef\u00fcgt werden.<\/p>\n<table>\n<thead>\n<tr>\n<th><strong>Merkmale<\/strong><\/th>\n<th><strong>Imperiale Abmessungen<\/strong><\/th>\n<th><strong>Metrische Abmessungen<\/strong><\/th>\n<\/tr>\n<\/thead>\n<tbody>\n<tr>\n<td><strong>Au\u00dfenma\u00dfe<\/strong><\/td>\n<td>L 20\u2032 x L 8\u2032 x H 9,6\u2032<\/td>\n<td>L 6,1 m x B 2,4 m x H 2,9 m<\/td>\n<\/tr>\n<tr>\n<td><strong>Volume<\/strong><\/td>\n<td>1.289 Pi\u00b3<\/td>\n<td>36,5 m\u00b3<\/td>\n<\/tr>\n<tr>\n<td><strong>Poids \u00e0 vide<\/strong><\/td>\n<td>5.290 Pfund<\/td>\n<td>2.400 kg<\/td>\n<\/tr>\n<tr>\n<td><strong>Maximale Nutzlast<\/strong><\/td>\n<td>47.398 Pfund<\/td>\n<td>21.500 kg<\/td>\n<\/tr>\n<tr>\n<td><strong>Maximale Ladung<\/strong><\/td>\n<td>52.690 Pfund<\/td>\n<td>23.900 kg<\/td>\n<\/tr>\n<\/tbody>\n<\/table>","protected":false},"excerpt":{"rendered":"<p>Nos conteneurs maritimes High Cube \u00e0 double porte de 20 pieds sont con\u00e7us pour offrir un acc\u00e8s optimal avec des<\/p>","protected":false},"featured_media":28051,"comment_status":"open","ping_status":"closed","template":"","meta":[],"product_brand":[],"product_cat":[94,96],"product_tag":[],"class_list":{"0":"post-6365","1":"product","2":"type-product","3":"status-publish","4":"has-post-thumbnail","6":"product_cat-conteneurs-maritimes-neufs","7":"product_cat-moyen","9":"first","10":"instock","11":"shipping-taxable","12":"purchasable","13":"product-type-simple"},"_links":{"self":[{"href":"https:\/\/apts-consmetal.com\/de\/wp-json\/wp\/v2\/product\/6365","targetHints":{"allow":["GET"]}}],"collection":[{"href":"https:\/\/apts-consmetal.com\/de\/wp-json\/wp\/v2\/product"}],"about":[{"href":"https:\/\/apts-consmetal.com\/de\/wp-json\/wp\/v2\/types\/product"}],"replies":[{"embeddable":true,"href":"https:\/\/apts-consmetal.com\/de\/wp-json\/wp\/v2\/comments?post=6365"}],"version-history":[{"count":0,"href":"https:\/\/apts-consmetal.com\/de\/wp-json\/wp\/v2\/product\/6365\/revisions"}],"wp:featuredmedia":[{"embeddable":true,"href":"https:\/\/apts-consmetal.com\/de\/wp-json\/wp\/v2\/media\/28051"}],"wp:attachment":[{"href":"https:\/\/apts-consmetal.com\/de\/wp-json\/wp\/v2\/media?parent=6365"}],"wp:term":[{"taxonomy":"product_brand","embeddable":true,"href":"https:\/\/apts-consmetal.com\/de\/wp-json\/wp\/v2\/product_brand?post=6365"},{"taxonomy":"product_cat","embeddable":true,"href":"https:\/\/apts-consmetal.com\/de\/wp-json\/wp\/v2\/product_cat?post=6365"},{"taxonomy":"product_tag","embeddable":true,"href":"https:\/\/apts-consmetal.com\/de\/wp-json\/wp\/v2\/product_tag?post=6365"}],"curies":[{"name":"wp","href":"https:\/\/api.w.org\/{rel}","templated":true}]}}