{"id":6358,"date":"2024-10-09T03:29:44","date_gmt":"2024-10-09T01:29:44","guid":{"rendered":"https:\/\/trastracontainers.com\/?post_type=product&#038;p=6358"},"modified":"2025-05-15T18:19:31","modified_gmt":"2025-05-15T16:19:31","slug":"conteneur-maritime-neuf-open-side-de-40-pieds","status":"publish","type":"product","link":"https:\/\/apts-consmetal.com\/de\/produkt\/conteneur-maritime-neuf-open-side-de-40-pieds\/","title":{"rendered":"Neuer 40-Fu\u00df-Open-Side-Versandcontainer"},"content":{"rendered":"<p>Wenn Sie f\u00fcr Ihren Betrieb noch mehr Zugriff ben\u00f6tigen, der Container <strong>offene Seite<\/strong> 40 Fu\u00df sind die perfekte L\u00f6sung. Dieses Modell ist in Standard- oder High-Cube-H\u00f6he erh\u00e4ltlich und verf\u00fcgt \u00fcber durchgehende T\u00fcren auf einer Seite sowie an einem Ende, sodass sperrige Lasten von der Seite vollst\u00e4ndig zug\u00e4nglich sind. Es eignet sich ideal f\u00fcr spezielle Umbauten oder komplexe logistische Anforderungen.<\/p>\n<p>Jede T\u00fcr ist standardm\u00e4\u00dfig mit Schlie\u00dff\u00e4chern ausgestattet und der Container verf\u00fcgt \u00fcber L\u00fcftungsschlitze f\u00fcr eine optimale Bel\u00fcftung sowie einen hochwertigen Bootsbausperrholzboden.<\/p>\n<p>Diese Container sind CSC-zertifiziert und f\u00fcr den G\u00fctertransport einsatzbereit. Eine Grafo-Therm-Antikondensationsbehandlung kann optional gegen Aufpreis hinzugef\u00fcgt werden.<\/p>\n<table>\n<thead>\n<tr>\n<th><strong>Merkmale<\/strong><\/th>\n<th><strong>Imperiale Abmessungen<\/strong><\/th>\n<th><strong>Metrische Abmessungen<\/strong><\/th>\n<\/tr>\n<\/thead>\n<tbody>\n<tr>\n<td><strong>Au\u00dfenma\u00dfe<\/strong><\/td>\n<td>L 40\u2032 x L 8\u2032 x H 8,6\u2032<\/td>\n<td>L 12,2 m x B 2,4 m x H 2,6 m<\/td>\n<\/tr>\n<tr>\n<td><strong>Volume<\/strong><\/td>\n<td>2.390 Pi\u00b3<\/td>\n<td>67,7 m\u00b3<\/td>\n<\/tr>\n<tr>\n<td><strong>Poids \u00e0 vide<\/strong><\/td>\n<td>8.490 Pfund<\/td>\n<td>3.850 kg<\/td>\n<\/tr>\n<tr>\n<td><strong>Maximale Nutzlast<\/strong><\/td>\n<td>61.730 Pfund<\/td>\n<td>28.000 kg<\/td>\n<\/tr>\n<tr>\n<td><strong>Maximale Ladung<\/strong><\/td>\n<td>70.220 Pfund<\/td>\n<td>31.850 kg<\/td>\n<\/tr>\n<\/tbody>\n<\/table>","protected":false},"excerpt":{"rendered":"<p>Unsere 40 Fu\u00df Open-Side-Container, erh\u00e4ltlich in Standard- oder High Cube-Versionen, bieten vollen seitlichen Zugang mit T\u00fcren in voller L\u00e4nge und einer Endt\u00fcr. Ausgestattet mit Safes, optimaler Bel\u00fcftung und einem Boden aus Bootsbausperrholz sind diese Container CSC-zertifiziert und bereit f\u00fcr die Fracht, wobei eine Antikondensationsoption verf\u00fcgbar ist.<\/p>","protected":false},"featured_media":6359,"comment_status":"open","ping_status":"closed","template":"","meta":[],"product_brand":[],"product_cat":[94,97],"product_tag":[],"class_list":{"0":"post-6358","1":"product","2":"type-product","3":"status-publish","4":"has-post-thumbnail","6":"product_cat-conteneurs-maritimes-neufs","7":"product_cat-grand","9":"first","10":"instock","11":"shipping-taxable","12":"purchasable","13":"product-type-simple"},"_links":{"self":[{"href":"https:\/\/apts-consmetal.com\/de\/wp-json\/wp\/v2\/product\/6358","targetHints":{"allow":["GET"]}}],"collection":[{"href":"https:\/\/apts-consmetal.com\/de\/wp-json\/wp\/v2\/product"}],"about":[{"href":"https:\/\/apts-consmetal.com\/de\/wp-json\/wp\/v2\/types\/product"}],"replies":[{"embeddable":true,"href":"https:\/\/apts-consmetal.com\/de\/wp-json\/wp\/v2\/comments?post=6358"}],"version-history":[{"count":0,"href":"https:\/\/apts-consmetal.com\/de\/wp-json\/wp\/v2\/product\/6358\/revisions"}],"wp:featuredmedia":[{"embeddable":true,"href":"https:\/\/apts-consmetal.com\/de\/wp-json\/wp\/v2\/media\/6359"}],"wp:attachment":[{"href":"https:\/\/apts-consmetal.com\/de\/wp-json\/wp\/v2\/media?parent=6358"}],"wp:term":[{"taxonomy":"product_brand","embeddable":true,"href":"https:\/\/apts-consmetal.com\/de\/wp-json\/wp\/v2\/product_brand?post=6358"},{"taxonomy":"product_cat","embeddable":true,"href":"https:\/\/apts-consmetal.com\/de\/wp-json\/wp\/v2\/product_cat?post=6358"},{"taxonomy":"product_tag","embeddable":true,"href":"https:\/\/apts-consmetal.com\/de\/wp-json\/wp\/v2\/product_tag?post=6358"}],"curies":[{"name":"wp","href":"https:\/\/api.w.org\/{rel}","templated":true}]}}