{"id":6292,"date":"2024-10-09T02:48:29","date_gmt":"2024-10-09T00:48:29","guid":{"rendered":"https:\/\/trastracontainers.com\/?post_type=product&#038;p=6292"},"modified":"2025-05-15T18:19:30","modified_gmt":"2025-05-15T16:19:30","slug":"conteneur-maritime-neuf-open-side-de-20-pieds","status":"publish","type":"product","link":"https:\/\/apts-consmetal.com\/de\/produkt\/conteneur-maritime-neuf-open-side-de-20-pieds\/","title":{"rendered":"Neuer 20-Fu\u00df-Open-Side-Versandcontainer"},"content":{"rendered":"<p>Wenn Sie eine deutlich gr\u00f6\u00dfere Ladefl\u00e4che ben\u00f6tigen, unsere Seecontainer <strong>offene Seite<\/strong> 20 Fu\u00df sind die ideale L\u00f6sung. Sie sind in den Ausf\u00fchrungen Standardh\u00f6he und High Cube erh\u00e4ltlich und verf\u00fcgen \u00fcber Seitent\u00fcren \u00fcber die gesamte L\u00e4nge von 20 Fu\u00df sowie eine Endt\u00fcr, die Ihnen vollen seitlichen Zugang bietet. Dies macht es zu einer perfekten Option f\u00fcr einige spezifische Containerumbauten.<\/p>\n<p>Jede T\u00fcr ist mit einem Safe ausgestattet und die Container verf\u00fcgen au\u00dferdem \u00fcber L\u00fcftungsschlitze f\u00fcr eine optimale Bel\u00fcftung sowie einen hochwertigen Bootsbausperrholzboden.<\/p>\n<p>Diese Container sind CSC-zertifiziert und f\u00fcr den G\u00fctertransport einsatzbereit. Optional kann gegen Aufpreis eine Grafo-Therm-Antikondensationsbehandlung durchgef\u00fchrt werden.<\/p>\n<table>\n<thead>\n<tr>\n<th><strong>Merkmale<\/strong><\/th>\n<th><strong>Imperiale Abmessungen<\/strong><\/th>\n<th><strong>Metrische Abmessungen<\/strong><\/th>\n<\/tr>\n<\/thead>\n<tbody>\n<tr>\n<td><strong>Au\u00dfenma\u00dfe<\/strong><\/td>\n<td>L 20\u2032 x L 8\u2032 x H 8,6\u2032<\/td>\n<td>L 6,1 m x B 2,4 m x H 2,6 m<\/td>\n<\/tr>\n<tr>\n<td><strong>Volume<\/strong><\/td>\n<td>1.169 Pi\u00b3<\/td>\n<td>33,1 m\u00b3<\/td>\n<\/tr>\n<tr>\n<td><strong>Poids \u00e0 vide<\/strong><\/td>\n<td>5.181 Pfund<\/td>\n<td>2.350 kg<\/td>\n<\/tr>\n<tr>\n<td><strong>Maximale Nutzlast<\/strong><\/td>\n<td>47.620 Pfund<\/td>\n<td>21.620 kg<\/td>\n<\/tr>\n<tr>\n<td><strong>Maximale Ladung<\/strong><\/td>\n<td>52.801 Pfund<\/td>\n<td>23.970 kg<\/td>\n<\/tr>\n<\/tbody>\n<\/table>","protected":false},"excerpt":{"rendered":"<p>Unsere 20 Fu\u00df Open-Side-Container, erh\u00e4ltlich in Standard- oder High-Cube-H\u00f6he, bieten vollen seitlichen Zugang mit T\u00fcren in voller L\u00e4nge und einer Endt\u00fcr. Diese Container verf\u00fcgen \u00fcber Schlie\u00dff\u00e4cher an jeder T\u00fcr, optimale Bel\u00fcftung und einen Boden aus Bootsbausperrholz. Sie sind CSC-zertifiziert und transportbereit und verf\u00fcgen als zus\u00e4tzliche Funktion \u00fcber eine Antikondensationsoption.<\/p>","protected":false},"featured_media":6346,"comment_status":"open","ping_status":"closed","template":"","meta":[],"product_brand":[],"product_cat":[94,96],"product_tag":[],"class_list":{"0":"post-6292","1":"product","2":"type-product","3":"status-publish","4":"has-post-thumbnail","6":"product_cat-conteneurs-maritimes-neufs","7":"product_cat-moyen","9":"first","10":"instock","11":"shipping-taxable","12":"purchasable","13":"product-type-simple"},"_links":{"self":[{"href":"https:\/\/apts-consmetal.com\/de\/wp-json\/wp\/v2\/product\/6292","targetHints":{"allow":["GET"]}}],"collection":[{"href":"https:\/\/apts-consmetal.com\/de\/wp-json\/wp\/v2\/product"}],"about":[{"href":"https:\/\/apts-consmetal.com\/de\/wp-json\/wp\/v2\/types\/product"}],"replies":[{"embeddable":true,"href":"https:\/\/apts-consmetal.com\/de\/wp-json\/wp\/v2\/comments?post=6292"}],"version-history":[{"count":0,"href":"https:\/\/apts-consmetal.com\/de\/wp-json\/wp\/v2\/product\/6292\/revisions"}],"wp:featuredmedia":[{"embeddable":true,"href":"https:\/\/apts-consmetal.com\/de\/wp-json\/wp\/v2\/media\/6346"}],"wp:attachment":[{"href":"https:\/\/apts-consmetal.com\/de\/wp-json\/wp\/v2\/media?parent=6292"}],"wp:term":[{"taxonomy":"product_brand","embeddable":true,"href":"https:\/\/apts-consmetal.com\/de\/wp-json\/wp\/v2\/product_brand?post=6292"},{"taxonomy":"product_cat","embeddable":true,"href":"https:\/\/apts-consmetal.com\/de\/wp-json\/wp\/v2\/product_cat?post=6292"},{"taxonomy":"product_tag","embeddable":true,"href":"https:\/\/apts-consmetal.com\/de\/wp-json\/wp\/v2\/product_tag?post=6292"}],"curies":[{"name":"wp","href":"https:\/\/api.w.org\/{rel}","templated":true}]}}