{"id":6284,"date":"2024-10-08T17:07:30","date_gmt":"2024-10-08T15:07:30","guid":{"rendered":"https:\/\/trastracontainers.com\/?post_type=product&#038;p=6284"},"modified":"2025-05-15T18:19:30","modified_gmt":"2025-05-15T16:19:30","slug":"conteneur-maritime-neuf-a-double-porte-de-20-pieds","status":"publish","type":"product","link":"https:\/\/apts-consmetal.com\/de\/produkt\/conteneur-maritime-neuf-a-double-porte-de-20-pieds\/","title":{"rendered":"Neuer 20 Fu\u00df Trockenfrachtcontainer mit Doppelt\u00fcr"},"content":{"rendered":"<p>Unsere 20 Fu\u00df-Versandcontainer mit Doppelt\u00fcr bieten die gleichen Spezifikationen wie die Standardmodelle, verf\u00fcgen jedoch an jedem Ende \u00fcber Doppelt\u00fcren f\u00fcr eine bessere Zug\u00e4nglichkeit. Jede T\u00fcr ist mit vier Verriegelungsstangen und h\u00fcfthohen Griffen ausgestattet und l\u00e4sst sich daher leicht bedienen. Diese Container sind in Standardh\u00f6he oder in einer High Cube-Version f\u00fcr zus\u00e4tzlichen Stauraumbedarf \u00fcber Kopf erh\u00e4ltlich.<\/p>\n<p>Zur Standardausstattung geh\u00f6ren ein Safe an jeder Doppelt\u00fcr, 10 L\u00fcftungs\u00f6ffnungen f\u00fcr optimale Bel\u00fcftung und ein hochwertiger Bootsbau-Sperrholzboden.<\/p>\n<p>Sie sind CSC-zertifiziert und k\u00f6nnen als Frachtcontainer verwendet werden. Optional ist gegen Aufpreis eine Grafo-Therm-Antikondensationsbehandlung erh\u00e4ltlich.<\/p>\n<table>\n<thead>\n<tr>\n<th><strong>Merkmale<\/strong><\/th>\n<th><strong>Imperiale Abmessungen<\/strong><\/th>\n<th><strong>Metrische Abmessungen<\/strong><\/th>\n<\/tr>\n<\/thead>\n<tbody>\n<tr>\n<td><strong>Au\u00dfenma\u00dfe<\/strong><\/td>\n<td>L 20\u2032 x L 8\u2032 x H 8,6\u2032<\/td>\n<td>L 6,1 m x B 2,4 m x H 2,6 m<\/td>\n<\/tr>\n<tr>\n<td><strong>Volume<\/strong><\/td>\n<td>1.169 Pi\u00b3<\/td>\n<td>33,1 m\u00b3<\/td>\n<\/tr>\n<tr>\n<td><strong>Poids \u00e0 vide<\/strong><\/td>\n<td>5.071 Pfund<\/td>\n<td>2.300 kg<\/td>\n<\/tr>\n<tr>\n<td><strong>Maximale Nutzlast<\/strong><\/td>\n<td>47.899 Pfund<\/td>\n<td>21.770 kg<\/td>\n<\/tr>\n<tr>\n<td><strong>Maximale Ladung<\/strong><\/td>\n<td>52.971 Pfund<\/td>\n<td>24.000 kg<\/td>\n<\/tr>\n<\/tbody>\n<\/table>","protected":false},"excerpt":{"rendered":"<p>Unsere 20 Fu\u00df-Versandcontainer mit Doppelt\u00fcr, die in Standard- oder High-Cube-H\u00f6he erh\u00e4ltlich sind, verf\u00fcgen an jedem Ende \u00fcber Doppelt\u00fcren mit vier Verriegelungsstangen zur einfachen Handhabung. Sie verf\u00fcgen \u00fcber 10 L\u00fcftungs\u00f6ffnungen f\u00fcr optimale Bel\u00fcftung und einen Boden aus Bootsbausperrholz. Sie sind CSC-zertifiziert, f\u00fcr den G\u00fctertransport bereit und verf\u00fcgen \u00fcber eine Option zur Kondensationsvermeidung.<\/p>","protected":false},"featured_media":6285,"comment_status":"open","ping_status":"closed","template":"","meta":[],"product_brand":[],"product_cat":[94,96],"product_tag":[],"class_list":{"0":"post-6284","1":"product","2":"type-product","3":"status-publish","4":"has-post-thumbnail","6":"product_cat-conteneurs-maritimes-neufs","7":"product_cat-moyen","9":"first","10":"instock","11":"shipping-taxable","12":"purchasable","13":"product-type-simple"},"_links":{"self":[{"href":"https:\/\/apts-consmetal.com\/de\/wp-json\/wp\/v2\/product\/6284","targetHints":{"allow":["GET"]}}],"collection":[{"href":"https:\/\/apts-consmetal.com\/de\/wp-json\/wp\/v2\/product"}],"about":[{"href":"https:\/\/apts-consmetal.com\/de\/wp-json\/wp\/v2\/types\/product"}],"replies":[{"embeddable":true,"href":"https:\/\/apts-consmetal.com\/de\/wp-json\/wp\/v2\/comments?post=6284"}],"version-history":[{"count":0,"href":"https:\/\/apts-consmetal.com\/de\/wp-json\/wp\/v2\/product\/6284\/revisions"}],"wp:featuredmedia":[{"embeddable":true,"href":"https:\/\/apts-consmetal.com\/de\/wp-json\/wp\/v2\/media\/6285"}],"wp:attachment":[{"href":"https:\/\/apts-consmetal.com\/de\/wp-json\/wp\/v2\/media?parent=6284"}],"wp:term":[{"taxonomy":"product_brand","embeddable":true,"href":"https:\/\/apts-consmetal.com\/de\/wp-json\/wp\/v2\/product_brand?post=6284"},{"taxonomy":"product_cat","embeddable":true,"href":"https:\/\/apts-consmetal.com\/de\/wp-json\/wp\/v2\/product_cat?post=6284"},{"taxonomy":"product_tag","embeddable":true,"href":"https:\/\/apts-consmetal.com\/de\/wp-json\/wp\/v2\/product_tag?post=6284"}],"curies":[{"name":"wp","href":"https:\/\/api.w.org\/{rel}","templated":true}]}}