{"id":6276,"date":"2024-10-08T16:53:45","date_gmt":"2024-10-08T14:53:45","guid":{"rendered":"https:\/\/trastracontainers.com\/?post_type=product&#038;p=6276"},"modified":"2025-05-15T18:19:30","modified_gmt":"2025-05-15T16:19:30","slug":"conteneur-maritime-neuf-a-double-porte-de-40-pieds","status":"publish","type":"product","link":"https:\/\/apts-consmetal.com\/de\/produkt\/conteneur-maritime-neuf-a-double-porte-de-40-pieds\/","title":{"rendered":"Neuer 40-Fu\u00df-Versandcontainer mit Doppelt\u00fcr"},"content":{"rendered":"<p>Nos conteneurs d&rsquo;exp\u00e9dition \u00e0 doubles portes de 40 pieds, \u00e9galement appel\u00e9s conteneurs tunnel, offrent les m\u00eames sp\u00e9cifications que les mod\u00e8les standard de 40 pieds, mais avec des doubles portes \u00e0 chaque extr\u00e9mit\u00e9. Ces portes sont \u00e9quip\u00e9es de quatre barres de verrouillage et de poign\u00e9es \u00e0 hauteur de taille pour une manipulation facile.<\/p>\n<p>Ces conteneurs sont \u00e9galement disponibles en version High Cube pour un espace de stockage suppl\u00e9mentaire en hauteur.<\/p>\n<p>Chaque double porte est \u00e9quip\u00e9e d\u2019un coffre-fort, et les conteneurs disposent de 10 \u00e9vents pour une ventilation optimale ainsi que d\u2019un plancher en contreplaqu\u00e9 marin de haute qualit\u00e9.<\/p>\n<p>Certifi\u00e9s CSC, ces conteneurs sont pr\u00eats pour le transport de fret. Un traitement anti-condensation Grafo-therm peut \u00eatre ajout\u00e9 moyennant un co\u00fbt suppl\u00e9mentaire.<\/p>\n<table>\n<thead>\n<tr>\n<th><strong>Merkmale<\/strong><\/th>\n<th><strong>Imperiale Abmessungen<\/strong><\/th>\n<th><strong>Metrische Abmessungen<\/strong><\/th>\n<\/tr>\n<\/thead>\n<tbody>\n<tr>\n<td><strong>Au\u00dfenma\u00dfe<\/strong><\/td>\n<td>L 40\u2032 x L 8\u2032 x H 8,6\u2032<\/td>\n<td>L 12,2 m x B 2,4 m x H 2,6 m<\/td>\n<\/tr>\n<tr>\n<td><strong>Volume<\/strong><\/td>\n<td>2.390 Pi\u00b3<\/td>\n<td>67,7 m\u00b3<\/td>\n<\/tr>\n<tr>\n<td><strong>Poids \u00e0 vide<\/strong><\/td>\n<td>8.160 Pfund<\/td>\n<td>3.700 kg<\/td>\n<\/tr>\n<tr>\n<td><strong>Maximale Nutzlast<\/strong><\/td>\n<td>63.271 Pfund<\/td>\n<td>28.620 kg<\/td>\n<\/tr>\n<tr>\n<td><strong>Maximale Ladung<\/strong><\/td>\n<td>71.650 Pfund<\/td>\n<td>32.500 kg<\/td>\n<\/tr>\n<\/tbody>\n<\/table>","protected":false},"excerpt":{"rendered":"<p>Unsere 40 Fu\u00df-Doppelt\u00fcr-Seecontainer, auch Tunnelcontainer genannt, sind in den Ausf\u00fchrungen Standard oder High Cube erh\u00e4ltlich. Sie verf\u00fcgen \u00fcber Doppelt\u00fcren an jedem Ende, sind mit vier Verriegelungsstangen leicht zu handhaben, haben 10 L\u00fcftungs\u00f6ffnungen f\u00fcr optimale Bel\u00fcftung und einen Boden aus Bootsbausperrholz. Sie sind CSC-zertifiziert, f\u00fcr den G\u00fctertransport bereit und verf\u00fcgen \u00fcber eine zus\u00e4tzliche Antikondensationsoption.<\/p>","protected":false},"featured_media":6277,"comment_status":"open","ping_status":"closed","template":"","meta":[],"product_brand":[],"product_cat":[94,97],"product_tag":[],"class_list":{"0":"post-6276","1":"product","2":"type-product","3":"status-publish","4":"has-post-thumbnail","6":"product_cat-conteneurs-maritimes-neufs","7":"product_cat-grand","9":"first","10":"instock","11":"shipping-taxable","12":"purchasable","13":"product-type-simple"},"_links":{"self":[{"href":"https:\/\/apts-consmetal.com\/de\/wp-json\/wp\/v2\/product\/6276","targetHints":{"allow":["GET"]}}],"collection":[{"href":"https:\/\/apts-consmetal.com\/de\/wp-json\/wp\/v2\/product"}],"about":[{"href":"https:\/\/apts-consmetal.com\/de\/wp-json\/wp\/v2\/types\/product"}],"replies":[{"embeddable":true,"href":"https:\/\/apts-consmetal.com\/de\/wp-json\/wp\/v2\/comments?post=6276"}],"version-history":[{"count":0,"href":"https:\/\/apts-consmetal.com\/de\/wp-json\/wp\/v2\/product\/6276\/revisions"}],"wp:featuredmedia":[{"embeddable":true,"href":"https:\/\/apts-consmetal.com\/de\/wp-json\/wp\/v2\/media\/6277"}],"wp:attachment":[{"href":"https:\/\/apts-consmetal.com\/de\/wp-json\/wp\/v2\/media?parent=6276"}],"wp:term":[{"taxonomy":"product_brand","embeddable":true,"href":"https:\/\/apts-consmetal.com\/de\/wp-json\/wp\/v2\/product_brand?post=6276"},{"taxonomy":"product_cat","embeddable":true,"href":"https:\/\/apts-consmetal.com\/de\/wp-json\/wp\/v2\/product_cat?post=6276"},{"taxonomy":"product_tag","embeddable":true,"href":"https:\/\/apts-consmetal.com\/de\/wp-json\/wp\/v2\/product_tag?post=6276"}],"curies":[{"name":"wp","href":"https:\/\/api.w.org\/{rel}","templated":true}]}}