{"id":6266,"date":"2024-10-08T16:43:15","date_gmt":"2024-10-08T14:43:15","guid":{"rendered":"https:\/\/trastracontainers.com\/?post_type=product&#038;p=6266"},"modified":"2025-05-22T08:04:30","modified_gmt":"2025-05-22T06:04:30","slug":"conteneur-maritime-neuf-high-cube-de-40-pieds","status":"publish","type":"product","link":"https:\/\/apts-consmetal.com\/de\/produkt\/conteneur-maritime-neuf-high-cube-de-40-pieds\/","title":{"rendered":"Neuer 40-Fu\u00df-High-Cube-Schiffscontainer"},"content":{"rendered":"<p>Mit einer Gesamtau\u00dfenh\u00f6he von 9 Fu\u00df 6 Zoll eignen sich unsere 40 Fu\u00df High Cube-Container ideal f\u00fcr die Lagerung von G\u00fctern, die mehr H\u00f6he erfordern als Standardcontainer. Sie bieten dieselben Funktionen wie herk\u00f6mmliche 40 Fu\u00df-Schiffscontainer und gleichzeitig mehr vertikale Kapazit\u00e4t.<\/p>\n<p>Diese Container verf\u00fcgen an einem Ende \u00fcber Doppelt\u00fcren, sind in Blau oder Gr\u00fcn erh\u00e4ltlich und verf\u00fcgen \u00fcber vier Verriegelungsstangen und h\u00fcfthohe Griffe zur einfachen Handhabung. Zur Standardausstattung geh\u00f6ren ein Safe, 10 L\u00fcftungs\u00f6ffnungen f\u00fcr optimale Bel\u00fcftung und ein hochwertiger Bootsbau-Sperrholzboden.<\/p>\n<p>Diese Container sind CSC-zertifiziert und f\u00fcr den G\u00fctertransport einsatzbereit. F\u00fcr zus\u00e4tzlichen Schutz ist gegen Aufpreis eine Grafo-Therm-Antikondensations-Innenbeschichtung erh\u00e4ltlich.<\/p>\n<table>\n<thead>\n<tr>\n<th><strong>Merkmale<\/strong><\/th>\n<th><strong>Imperiale Abmessungen<\/strong><\/th>\n<th><strong>Metrische Abmessungen<\/strong><\/th>\n<\/tr>\n<\/thead>\n<tbody>\n<tr>\n<td><strong>Au\u00dfenma\u00dfe<\/strong><\/td>\n<td>L 40\u2032 x L 8\u2032 x H 9,6\u2032<\/td>\n<td>L 12,2 m x B 2,4 m x H 2,9 m<\/td>\n<\/tr>\n<tr>\n<td><strong>Volume<\/strong><\/td>\n<td>2.694 Pi\u00b3<\/td>\n<td>76,2 m\u00b3<\/td>\n<\/tr>\n<tr>\n<td><strong>Poids \u00e0 vide<\/strong><\/td>\n<td>8.775 Pfund<\/td>\n<td>3.980 kg<\/td>\n<\/tr>\n<tr>\n<td><strong>Maximale Nutzlast<\/strong><\/td>\n<td>63.499 Pfund<\/td>\n<td>28.860 kg<\/td>\n<\/tr>\n<tr>\n<td><strong>Maximale Ladung<\/strong><\/td>\n<td>72.300 Pfund<\/td>\n<td>32.500 kg<\/td>\n<\/tr>\n<\/tbody>\n<\/table>","protected":false},"excerpt":{"rendered":"<p>Unsere 40 Fu\u00df-High-Cube-Container mit einer Au\u00dfenh\u00f6he von 9 Fu\u00df 6 Zoll eignen sich perfekt f\u00fcr die Lagerung h\u00f6herer G\u00fcter. Sie sind in Blau oder Gr\u00fcn mit Doppelt\u00fcren, vier Verriegelungsstangen, 10 L\u00fcftungs\u00f6ffnungen f\u00fcr optimale Bel\u00fcftung und einem Boden aus Bootsbausperrholz erh\u00e4ltlich. Sie sind CSC-zertifiziert und transportbereit, optional mit einer Antikondensationsbehandlung.<\/p>","protected":false},"featured_media":28032,"comment_status":"open","ping_status":"closed","template":"","meta":[],"product_brand":[],"product_cat":[94,97],"product_tag":[],"class_list":{"0":"post-6266","1":"product","2":"type-product","3":"status-publish","4":"has-post-thumbnail","6":"product_cat-conteneurs-maritimes-neufs","7":"product_cat-grand","9":"first","10":"instock","11":"shipping-taxable","12":"purchasable","13":"product-type-variable"},"_links":{"self":[{"href":"https:\/\/apts-consmetal.com\/de\/wp-json\/wp\/v2\/product\/6266","targetHints":{"allow":["GET"]}}],"collection":[{"href":"https:\/\/apts-consmetal.com\/de\/wp-json\/wp\/v2\/product"}],"about":[{"href":"https:\/\/apts-consmetal.com\/de\/wp-json\/wp\/v2\/types\/product"}],"replies":[{"embeddable":true,"href":"https:\/\/apts-consmetal.com\/de\/wp-json\/wp\/v2\/comments?post=6266"}],"version-history":[{"count":0,"href":"https:\/\/apts-consmetal.com\/de\/wp-json\/wp\/v2\/product\/6266\/revisions"}],"wp:featuredmedia":[{"embeddable":true,"href":"https:\/\/apts-consmetal.com\/de\/wp-json\/wp\/v2\/media\/28032"}],"wp:attachment":[{"href":"https:\/\/apts-consmetal.com\/de\/wp-json\/wp\/v2\/media?parent=6266"}],"wp:term":[{"taxonomy":"product_brand","embeddable":true,"href":"https:\/\/apts-consmetal.com\/de\/wp-json\/wp\/v2\/product_brand?post=6266"},{"taxonomy":"product_cat","embeddable":true,"href":"https:\/\/apts-consmetal.com\/de\/wp-json\/wp\/v2\/product_cat?post=6266"},{"taxonomy":"product_tag","embeddable":true,"href":"https:\/\/apts-consmetal.com\/de\/wp-json\/wp\/v2\/product_tag?post=6266"}],"curies":[{"name":"wp","href":"https:\/\/api.w.org\/{rel}","templated":true}]}}