{"id":6252,"date":"2024-10-08T16:30:45","date_gmt":"2024-10-08T14:30:45","guid":{"rendered":"https:\/\/trastracontainers.com\/?post_type=product&#038;p=6252"},"modified":"2025-05-22T08:04:31","modified_gmt":"2025-05-22T06:04:31","slug":"conteneur-maritime-neuf-40-pieds-dry","status":"publish","type":"product","link":"https:\/\/apts-consmetal.com\/de\/produkt\/conteneur-maritime-neuf-40-pieds-dry\/","title":{"rendered":"Neuer 40-Fu\u00df-Trockenfrachtcontainer"},"content":{"rendered":"<p>Unsere 40-Fu\u00df-Container sind die gr\u00f6\u00dften, die wir zum Verkauf anbieten. Sie bieten die doppelte Lagerkapazit\u00e4t von 20-Fu\u00df-Modellen und erf\u00fcllen dabei die gleichen Anforderungen. Sie sind in Blau oder Gr\u00fcn erh\u00e4ltlich und verf\u00fcgen \u00fcber Doppelt\u00fcren an einem Ende sowie vier Verriegelungsstangen mit h\u00fcfthohen Griffen zur einfachen Bedienung. Diese Beh\u00e4lter werden nach den h\u00f6chsten Standards hergestellt und nur einmal verwendet, bevor sie zum Verkauf freigegeben werden.<\/p>\n<p>Sie verf\u00fcgen standardm\u00e4\u00dfig \u00fcber einen Safe, 10 L\u00fcftungs\u00f6ffnungen f\u00fcr optimale Bel\u00fcftung und einen hochwertigen Bootsbau-Sperrholzboden.<\/p>\n<p>Diese Container sind CSC-zertifiziert und f\u00fcr den G\u00fctertransport bereit. Optional ist gegen Aufpreis eine Grafo-Therm-Antikondensationsbehandlung erh\u00e4ltlich.<\/p>\n<table>\n<thead>\n<tr>\n<th><strong>Merkmale<\/strong><\/th>\n<th><strong>Imperiale Abmessungen<\/strong><\/th>\n<th><strong>Metrische Abmessungen<\/strong><\/th>\n<\/tr>\n<\/thead>\n<tbody>\n<tr>\n<td><strong>Au\u00dfenma\u00dfe<\/strong><\/td>\n<td>L 40\u2032 x L 8\u2032 x H 8,6\u2032<\/td>\n<td>L 12,2 m x B 2,4 m x H 2,6 m<\/td>\n<\/tr>\n<tr>\n<td><strong>Volume<\/strong><\/td>\n<td>2.390 Pi\u00b3<\/td>\n<td>67,7 m\u00b3<\/td>\n<\/tr>\n<tr>\n<td><strong>Poids \u00e0 vide<\/strong><\/td>\n<td>8.160 Pfund<\/td>\n<td>3.700 kg<\/td>\n<\/tr>\n<tr>\n<td><strong>Maximale Nutzlast<\/strong><\/td>\n<td>63.271 Pfund<\/td>\n<td>28.620 kg<\/td>\n<\/tr>\n<tr>\n<td><strong>Maximale Ladung<\/strong><\/td>\n<td>71.650 Pfund<\/td>\n<td>32.500 kg<\/td>\n<\/tr>\n<\/tbody>\n<\/table>","protected":false},"excerpt":{"rendered":"<p>Unsere 40-Fu\u00df-Versandcontainer, erh\u00e4ltlich in Blau oder Gr\u00fcn, bieten die doppelte Kapazit\u00e4t der 20-Fu\u00df-Modelle. Sie verf\u00fcgen \u00fcber Doppelt\u00fcren, vier Verriegelungsstangen, 10 L\u00fcftungs\u00f6ffnungen f\u00fcr optimale Bel\u00fcftung und einen Boden aus Bootsbausperrholz. Sie sind CSC-zertifiziert, f\u00fcr den G\u00fctertransport bereit und k\u00f6nnen optional mit einer Antikondensationsbehandlung ausgestattet werden.<\/p>","protected":false},"featured_media":6255,"comment_status":"open","ping_status":"closed","template":"","meta":[],"product_brand":[],"product_cat":[94,97],"product_tag":[],"class_list":{"0":"post-6252","1":"product","2":"type-product","3":"status-publish","4":"has-post-thumbnail","6":"product_cat-conteneurs-maritimes-neufs","7":"product_cat-grand","9":"first","10":"instock","11":"shipping-taxable","12":"purchasable","13":"product-type-variable"},"_links":{"self":[{"href":"https:\/\/apts-consmetal.com\/de\/wp-json\/wp\/v2\/product\/6252","targetHints":{"allow":["GET"]}}],"collection":[{"href":"https:\/\/apts-consmetal.com\/de\/wp-json\/wp\/v2\/product"}],"about":[{"href":"https:\/\/apts-consmetal.com\/de\/wp-json\/wp\/v2\/types\/product"}],"replies":[{"embeddable":true,"href":"https:\/\/apts-consmetal.com\/de\/wp-json\/wp\/v2\/comments?post=6252"}],"version-history":[{"count":0,"href":"https:\/\/apts-consmetal.com\/de\/wp-json\/wp\/v2\/product\/6252\/revisions"}],"wp:featuredmedia":[{"embeddable":true,"href":"https:\/\/apts-consmetal.com\/de\/wp-json\/wp\/v2\/media\/6255"}],"wp:attachment":[{"href":"https:\/\/apts-consmetal.com\/de\/wp-json\/wp\/v2\/media?parent=6252"}],"wp:term":[{"taxonomy":"product_brand","embeddable":true,"href":"https:\/\/apts-consmetal.com\/de\/wp-json\/wp\/v2\/product_brand?post=6252"},{"taxonomy":"product_cat","embeddable":true,"href":"https:\/\/apts-consmetal.com\/de\/wp-json\/wp\/v2\/product_cat?post=6252"},{"taxonomy":"product_tag","embeddable":true,"href":"https:\/\/apts-consmetal.com\/de\/wp-json\/wp\/v2\/product_tag?post=6252"}],"curies":[{"name":"wp","href":"https:\/\/api.w.org\/{rel}","templated":true}]}}