{"id":6026,"date":"2024-09-25T14:35:05","date_gmt":"2024-09-25T12:35:05","guid":{"rendered":"https:\/\/trastracontainers.com\/?post_type=product&#038;p=6026"},"modified":"2025-05-15T18:19:30","modified_gmt":"2025-05-15T16:19:30","slug":"conteneur-maritime-neuf-high-cube-de-20-pieds","status":"publish","type":"product","link":"https:\/\/apts-consmetal.com\/de\/produkt\/conteneur-maritime-neuf-high-cube-de-20-pieds\/","title":{"rendered":"Neuer 20-Fu\u00df-High-Cube-Schiffscontainer"},"content":{"rendered":"<p>Nos conteneurs d&rsquo;exp\u00e9dition High Cube de 20 pieds sont id\u00e9als si vous avez besoin des dimensions standards en longueur et largeur d&rsquo;un conteneur de 20 pieds, mais avec une hauteur suppl\u00e9mentaire. Ces conteneurs offrent une hauteur ext\u00e9rieure de 9&rsquo;6&Prime;, vous offrant un espace vertical plus important.<\/p>\n<p>Ils conservent les m\u00eames caract\u00e9ristiques qu&rsquo;un mod\u00e8le standard de 20 pieds, avec des doubles portes \u00e0 une extr\u00e9mit\u00e9, disponibles en bleu ou vert, et sont \u00e9quip\u00e9s de quatre barres de verrouillage. En standard, ils incluent un coffre-fort, 10 \u00e9vents pour assurer une ventilation optimale, et un plancher en contreplaqu\u00e9 marin de haute qualit\u00e9.<\/p>\n<p>Certifi\u00e9s CSC, ces conteneurs sont pr\u00eats pour le transport de fret. En option, ils peuvent \u00eatre trait\u00e9s avec un rev\u00eatement anti-condensation Grafo-therm moyennant un co\u00fbt suppl\u00e9mentaire.<\/p>\n<table>\n<thead>\n<tr>\n<th><strong>Merkmale<\/strong><\/th>\n<th><strong>Imperiale Abmessungen<\/strong><\/th>\n<th><strong>Metrische Abmessungen<\/strong><\/th>\n<\/tr>\n<\/thead>\n<tbody>\n<tr>\n<td><strong>Au\u00dfenma\u00dfe<\/strong><\/td>\n<td>L 20\u2032 x L 8\u2032 x H 9,6\u2032<\/td>\n<td>L 6 m x B 2,4 m x H 2,9 m<\/td>\n<\/tr>\n<tr>\n<td><strong>Volume<\/strong><\/td>\n<td>1,320 pi\u00b3<\/td>\n<td>37,4 m\u00b3<\/td>\n<\/tr>\n<tr>\n<td><strong>Poids \u00e0 vide<\/strong><\/td>\n<td>4,630 livres<\/td>\n<td>2,100 kg<\/td>\n<\/tr>\n<tr>\n<td><strong>Maximale Nutzlast<\/strong><\/td>\n<td>62,550 livres<\/td>\n<td>28,380 kg<\/td>\n<\/tr>\n<tr>\n<td><strong>Maximale Ladung<\/strong><\/td>\n<td>67.200 Pfund<\/td>\n<td>30.480 kg<\/td>\n<\/tr>\n<\/tbody>\n<\/table>","protected":false},"excerpt":{"rendered":"<p>Unsere 20 Fu\u00df-High-Cube-Container bieten die gleichen L\u00e4ngen- und Breitenma\u00dfe wie ein Standardcontainer, jedoch eine gr\u00f6\u00dfere H\u00f6he von 9 Fu\u00df 6 Zoll. Sie sind in Blau oder Gr\u00fcn erh\u00e4ltlich und verf\u00fcgen \u00fcber Doppelt\u00fcren, vier Verriegelungsstangen, 10 L\u00fcftungs\u00f6ffnungen f\u00fcr optimale Bel\u00fcftung und einen Boden aus Bootsbausperrholz. Sie sind CSC-zertifiziert und f\u00fcr den G\u00fctertransport bereit, optional mit einer Grafo-Therm-Antikondensationsbehandlung.<\/p>","protected":false},"featured_media":6250,"comment_status":"open","ping_status":"closed","template":"","meta":[],"product_brand":[],"product_cat":[94,96],"product_tag":[],"class_list":{"0":"post-6026","1":"product","2":"type-product","3":"status-publish","4":"has-post-thumbnail","6":"product_cat-conteneurs-maritimes-neufs","7":"product_cat-moyen","9":"first","10":"instock","11":"shipping-taxable","12":"purchasable","13":"product-type-simple"},"_links":{"self":[{"href":"https:\/\/apts-consmetal.com\/de\/wp-json\/wp\/v2\/product\/6026","targetHints":{"allow":["GET"]}}],"collection":[{"href":"https:\/\/apts-consmetal.com\/de\/wp-json\/wp\/v2\/product"}],"about":[{"href":"https:\/\/apts-consmetal.com\/de\/wp-json\/wp\/v2\/types\/product"}],"replies":[{"embeddable":true,"href":"https:\/\/apts-consmetal.com\/de\/wp-json\/wp\/v2\/comments?post=6026"}],"version-history":[{"count":0,"href":"https:\/\/apts-consmetal.com\/de\/wp-json\/wp\/v2\/product\/6026\/revisions"}],"wp:featuredmedia":[{"embeddable":true,"href":"https:\/\/apts-consmetal.com\/de\/wp-json\/wp\/v2\/media\/6250"}],"wp:attachment":[{"href":"https:\/\/apts-consmetal.com\/de\/wp-json\/wp\/v2\/media?parent=6026"}],"wp:term":[{"taxonomy":"product_brand","embeddable":true,"href":"https:\/\/apts-consmetal.com\/de\/wp-json\/wp\/v2\/product_brand?post=6026"},{"taxonomy":"product_cat","embeddable":true,"href":"https:\/\/apts-consmetal.com\/de\/wp-json\/wp\/v2\/product_cat?post=6026"},{"taxonomy":"product_tag","embeddable":true,"href":"https:\/\/apts-consmetal.com\/de\/wp-json\/wp\/v2\/product_tag?post=6026"}],"curies":[{"name":"wp","href":"https:\/\/api.w.org\/{rel}","templated":true}]}}