{"id":6018,"date":"2024-09-25T14:11:36","date_gmt":"2024-09-25T12:11:36","guid":{"rendered":"https:\/\/trastracontainers.com\/?post_type=product&#038;p=6018"},"modified":"2025-05-15T18:19:30","modified_gmt":"2025-05-15T16:19:30","slug":"conteneur-maritime-neuf-20-pieds-dry","status":"publish","type":"product","link":"https:\/\/apts-consmetal.com\/de\/produkt\/conteneur-maritime-neuf-20-pieds-dry\/","title":{"rendered":"Neuer 20-Fu\u00df-Trockenfrachtcontainer"},"content":{"rendered":"<p>Unsere 20-Fu\u00df-Versandcontainer sind am beliebtesten und bieten ein hervorragendes Preis-Leistungs-Verh\u00e4ltnis. Sie verf\u00fcgen an einem Ende \u00fcber Doppelt\u00fcren mit vier Verriegelungsstangen und auf H\u00fcfth\u00f6he angebrachten Griffen zur bequemen Nutzung. Diese in China nach strengen Standards hergestellten Container werden nur einmal f\u00fcr den Transport verwendet.<\/p>\n<p>Sie verf\u00fcgen au\u00dferdem \u00fcber einen Safe, 10 Bel\u00fcftungs\u00f6ffnungen f\u00fcr optimale Bel\u00fcftung sowie einen hochwertigen Bootsbau-Sperrholzboden.<\/p>\n<p>Sie sind CSC-zertifiziert und f\u00fcr den G\u00fctertransport bereit. Gegen Aufpreis ist optional eine Grafo-Therm-Antikondensationsbehandlung erh\u00e4ltlich.<\/p>\n<div class=\"elementor-element elementor-element-40ca69d elementor-widget elementor-widget-wd_title\" data-id=\"40ca69d\" data-element_type=\"widget\" data-widget_type=\"wd_title.default\">\n<div class=\"elementor-widget-container\">\n<div class=\"title-wrapper set-mb-s reset-last-child wd-title-color-default wd-title-style-default wd-title-size-default text-left\">\n<div class=\"liner-continer\">\n<h4 class=\"woodmart-title-container title wd-fontsize-l\"><span>MERKMALE<\/span><\/h4>\n<\/div>\n<\/div>\n<\/div>\n<\/div>\n<div class=\"elementor-element elementor-element-fa6880f color-scheme-inherit text-left elementor-widget elementor-widget-text-editor\" data-id=\"fa6880f\" data-element_type=\"widget\" data-widget_type=\"text-editor.default\">\n<div class=\"elementor-widget-container\">\n<table id=\"tableSpecs\">\n<tbody>\n<tr>\n<td><strong><span>Au\u00dfenma\u00dfe<\/span><\/strong><\/td>\n<td><span>L 20\u2032 x L 8\u2032 x H 9,6\u2032<\/span><\/td>\n<td><span>L 6 m x B 2,4 m x H 2,9 m<\/span><\/td>\n<\/tr>\n<tr>\n<td><strong><span>Volume<\/span><\/strong><\/td>\n<td><span>1.207 pi3<\/span><\/td>\n<td><span>34,2 m\u00b3<\/span><\/td>\n<\/tr>\n<tr>\n<td><strong><span>Poids \u00e0 vide<\/span><\/strong><\/td>\n<td><span>7.390 Pfund<\/span><\/td>\n<td><span>2,015 kg<\/span><\/td>\n<\/tr>\n<tr>\n<td><strong><span>Maximale Nutzlast<\/span><\/strong><\/td>\n<td><span>62.760 Pfund<\/span><\/td>\n<td><span>28.250 kg<\/span><\/td>\n<\/tr>\n<tr>\n<td><strong><span>Maximale Ladung<\/span><\/strong><\/td>\n<td><span>67.200 Pfund<\/span><\/td>\n<td><span>30.480 kg<\/span><\/td>\n<\/tr>\n<\/tbody>\n<\/table>\n<\/div>\n<\/div>","protected":false},"excerpt":{"rendered":"<p>Unsere 20-Fu\u00df-Versandcontainer sind aufgrund ihres hervorragenden Preis-Leistungs-Verh\u00e4ltnisses am beliebtesten. Sie verf\u00fcgen \u00fcber Doppelt\u00fcren, vier Verriegelungsstangen, 10 L\u00fcftungs\u00f6ffnungen f\u00fcr eine gute Bel\u00fcftung und einen Boden aus Bootsbausperrholz. Sie sind CSC-zertifiziert und f\u00fcr den G\u00fctertransport bereit. Optional ist eine Grafo-Therm-Antikondensationsbehandlung als Zusatzoption erh\u00e4ltlich.<\/p>","protected":false},"featured_media":6251,"comment_status":"open","ping_status":"closed","template":"","meta":[],"product_brand":[],"product_cat":[94,96],"product_tag":[],"class_list":{"0":"post-6018","1":"product","2":"type-product","3":"status-publish","4":"has-post-thumbnail","6":"product_cat-conteneurs-maritimes-neufs","7":"product_cat-moyen","9":"first","10":"instock","11":"shipping-taxable","12":"purchasable","13":"product-type-simple"},"_links":{"self":[{"href":"https:\/\/apts-consmetal.com\/de\/wp-json\/wp\/v2\/product\/6018","targetHints":{"allow":["GET"]}}],"collection":[{"href":"https:\/\/apts-consmetal.com\/de\/wp-json\/wp\/v2\/product"}],"about":[{"href":"https:\/\/apts-consmetal.com\/de\/wp-json\/wp\/v2\/types\/product"}],"replies":[{"embeddable":true,"href":"https:\/\/apts-consmetal.com\/de\/wp-json\/wp\/v2\/comments?post=6018"}],"version-history":[{"count":0,"href":"https:\/\/apts-consmetal.com\/de\/wp-json\/wp\/v2\/product\/6018\/revisions"}],"wp:featuredmedia":[{"embeddable":true,"href":"https:\/\/apts-consmetal.com\/de\/wp-json\/wp\/v2\/media\/6251"}],"wp:attachment":[{"href":"https:\/\/apts-consmetal.com\/de\/wp-json\/wp\/v2\/media?parent=6018"}],"wp:term":[{"taxonomy":"product_brand","embeddable":true,"href":"https:\/\/apts-consmetal.com\/de\/wp-json\/wp\/v2\/product_brand?post=6018"},{"taxonomy":"product_cat","embeddable":true,"href":"https:\/\/apts-consmetal.com\/de\/wp-json\/wp\/v2\/product_cat?post=6018"},{"taxonomy":"product_tag","embeddable":true,"href":"https:\/\/apts-consmetal.com\/de\/wp-json\/wp\/v2\/product_tag?post=6018"}],"curies":[{"name":"wp","href":"https:\/\/api.w.org\/{rel}","templated":true}]}}