{"id":5978,"date":"2024-09-24T01:22:24","date_gmt":"2024-09-23T23:22:24","guid":{"rendered":"https:\/\/trastracontainers.com\/?post_type=product&#038;p=5978"},"modified":"2025-05-22T08:04:34","modified_gmt":"2025-05-22T06:04:34","slug":"conteneur-maritime-neuf-10-pieds-dry","status":"publish","type":"product","link":"https:\/\/apts-consmetal.com\/de\/produkt\/conteneur-maritime-neuf-10-pieds-dry\/","title":{"rendered":"Neuer 10-Fu\u00df-Trockenfrachtcontainer"},"content":{"rendered":"<p>Unsere 10-Fu\u00df-Container eignen sich optimal f\u00fcr kleine bis mittelgro\u00dfe Lagerbed\u00fcrfnisse, insbesondere im Selfstorage-Bereich. Sie eignen sich auch ideal f\u00fcr den Versand und die Lagerung von Werkzeugen, Ger\u00e4ten oder Haushaltsgegenst\u00e4nden.<\/p>\n<p>Diese Container bieten die gleichen Funktionen wie ein 20-Fu\u00df-Standardmodell, verf\u00fcgen jedoch \u00fcber Doppelt\u00fcren an einem Ende, sind in Blau oder Gr\u00fcn erh\u00e4ltlich und mit vier Verriegelungsstangen mit h\u00fcfthohen Griffen ausgestattet.<\/p>\n<p>Sie verf\u00fcgen \u00fcber einen eingebauten Safe, 10 L\u00fcftungs\u00f6ffnungen f\u00fcr optimale Bel\u00fcftung und einen hochwertigen Bootsbausperrholzboden.<\/p>\n<p>Sie sind CSC-beschichtet und f\u00fcr den G\u00fctertransport einsatzbereit. Optional k\u00f6nnen sie gegen Aufpreis mit einer Grafo-therm Antikondensationsbeschichtung ausgestattet werden.<\/p>\n<div class=\"elementor-element elementor-element-06ed321 elementor-widget elementor-widget-wd_title\" data-id=\"06ed321\" data-element_type=\"widget\" data-widget_type=\"wd_title.default\">\n<div class=\"elementor-widget-container\">\n<div class=\"title-wrapper set-mb-s reset-last-child wd-title-color-default wd-title-style-default wd-title-size-default text-left\">\n<div class=\"liner-continer\">\n<h4 class=\"woodmart-title-container title wd-fontsize-l\"><span>MERKMALE<\/span><\/h4>\n<\/div>\n<\/div>\n<\/div>\n<\/div>\n<div class=\"elementor-element elementor-element-7bcf580 color-scheme-inherit text-left elementor-widget elementor-widget-text-editor\" data-id=\"7bcf580\" data-element_type=\"widget\" data-widget_type=\"text-editor.default\">\n<div class=\"elementor-widget-container\">\n<table id=\"tableSpecs\">\n<tbody>\n<tr>\n<td><strong><span>Au\u00dfenma\u00dfe<\/span><\/strong><\/td>\n<td><span>L 10\u2032 x L 8\u2032 x H 8,6\u2032<\/span><\/td>\n<td><span>L 3 m x L 2,4 m x H 2,6 m<\/span><\/td>\n<\/tr>\n<tr>\n<td><strong><span>Volume<\/span><\/strong><\/td>\n<td><span>565 pi3<\/span><\/td>\n<td><span>16 m\u00b3<\/span><\/td>\n<\/tr>\n<tr>\n<td><strong><span>Poids \u00e0 vide<\/span><\/strong><\/td>\n<td><span>2.730 Pfund<\/span><\/td>\n<td><span>1.240 kg<\/span><\/td>\n<\/tr>\n<tr>\n<td><strong><span>Maximale Nutzlast<\/span><\/strong><\/td>\n<td><span>26.460 Pfund<\/span><\/td>\n<td><span>12 000 kg<\/span><\/td>\n<\/tr>\n<tr>\n<td><strong><span>Maximale Ladung<\/span><\/strong><\/td>\n<td><span>23.730 Pfund<\/span><\/td>\n<td><span>10.760 kg<\/span><\/td>\n<\/tr>\n<\/tbody>\n<\/table>\n<\/div>\n<\/div>","protected":false},"excerpt":{"rendered":"<p>Unsere 10-Fu\u00df-Container, erh\u00e4ltlich in Blau oder Gr\u00fcn, eignen sich perfekt f\u00fcr die Selbstlagerung und den Versand kleiner Ger\u00e4te. Sie verf\u00fcgen \u00fcber Doppelt\u00fcren, 10 L\u00fcftungs\u00f6ffnungen f\u00fcr optimale Bel\u00fcftung und einen hochwertigen Bootsbausperrholzboden. Dank der CSC-Beschichtung sind sie f\u00fcr den G\u00fctertransport bereit und k\u00f6nnen optional mit einer Antikondensationsbeschichtung versehen werden.<\/p>","protected":false},"featured_media":6249,"comment_status":"open","ping_status":"closed","template":"","meta":[],"product_brand":[],"product_cat":[94,95],"product_tag":[],"class_list":{"0":"post-5978","1":"product","2":"type-product","3":"status-publish","4":"has-post-thumbnail","6":"product_cat-conteneurs-maritimes-neufs","7":"product_cat-petit","9":"first","10":"instock","11":"shipping-taxable","12":"purchasable","13":"product-type-variable"},"_links":{"self":[{"href":"https:\/\/apts-consmetal.com\/de\/wp-json\/wp\/v2\/product\/5978","targetHints":{"allow":["GET"]}}],"collection":[{"href":"https:\/\/apts-consmetal.com\/de\/wp-json\/wp\/v2\/product"}],"about":[{"href":"https:\/\/apts-consmetal.com\/de\/wp-json\/wp\/v2\/types\/product"}],"replies":[{"embeddable":true,"href":"https:\/\/apts-consmetal.com\/de\/wp-json\/wp\/v2\/comments?post=5978"}],"version-history":[{"count":0,"href":"https:\/\/apts-consmetal.com\/de\/wp-json\/wp\/v2\/product\/5978\/revisions"}],"wp:featuredmedia":[{"embeddable":true,"href":"https:\/\/apts-consmetal.com\/de\/wp-json\/wp\/v2\/media\/6249"}],"wp:attachment":[{"href":"https:\/\/apts-consmetal.com\/de\/wp-json\/wp\/v2\/media?parent=5978"}],"wp:term":[{"taxonomy":"product_brand","embeddable":true,"href":"https:\/\/apts-consmetal.com\/de\/wp-json\/wp\/v2\/product_brand?post=5978"},{"taxonomy":"product_cat","embeddable":true,"href":"https:\/\/apts-consmetal.com\/de\/wp-json\/wp\/v2\/product_cat?post=5978"},{"taxonomy":"product_tag","embeddable":true,"href":"https:\/\/apts-consmetal.com\/de\/wp-json\/wp\/v2\/product_tag?post=5978"}],"curies":[{"name":"wp","href":"https:\/\/api.w.org\/{rel}","templated":true}]}}