{"id":28919,"date":"2025-05-22T05:58:32","date_gmt":"2025-05-22T03:58:32","guid":{"rendered":"http:\/\/localhost:8888\/Cont\/wordpress\/?post_type=product&#038;p=28919"},"modified":"2025-05-22T05:58:32","modified_gmt":"2025-05-22T03:58:32","slug":"bungalow-bureau-modele-stockholm-de-6x3-metres","status":"publish","type":"product","link":"https:\/\/apts-consmetal.com\/de\/produkt\/bungalow-bureau-modele-stockholm-de-6x3-metres\/","title":{"rendered":"STOCKHOLMER MODELL-B\u00dcROBUNGALOW VON 6\u00d73 METERN"},"content":{"rendered":"<h1>STOCKHOLMER MODELL MODULB\u00dcRO 6\u00d73 METER<\/h1>\n<p>Das modulare Mehrzweckb\u00fcro Stockholm kann f\u00fcr verschiedene Zwecke eingesetzt werden. Mit unserem 6\u00d73-Modulb\u00fcromodell haben Sie die Freiheit, einen Raum zu schaffen, der Ihren Anforderungen entspricht. Ganz gleich, ob Sie diesen Raum als B\u00fcro oder Friseursalon nutzen oder ihn in einen Lagerraum oder Unterschlupf umwandeln m\u00f6chten, unsere L\u00f6sung ist ideal. Auch f\u00fcr Baustellen ist dieser Bungalow eine hervorragende Option, da er als Kabine oder Besprechungsraum genutzt werden kann. Wenn Sie nur dort wohnen m\u00f6chten, richten Sie es mit Ihren M\u00f6beln ein, um einen komfortablen und ger\u00e4umigen Raum zu schaffen.<\/p>\n<h2>ISOLIERUNG<\/h2>\n<p>Ein gro\u00dfer Vorteil unseres Modulb\u00fcros liegt in seiner Isolierung. Boden, W\u00e4nde und Dach sind mit einer 100 mm starken EPS-D\u00e4mmung ausgestattet und gew\u00e4hrleisten so eine komfortable Nutzung das ganze Jahr \u00fcber. Diese Isolierung sorgt au\u00dferdem f\u00fcr eine hervorragende Ger\u00e4uschreduzierung, was ideal ist, wenn sich das B\u00fcro in einer lauten Gegend befindet. Ob f\u00fcr professionelle B\u00fcros, Gartenh\u00e4user, Baustellen oder sogar f\u00fcr den Wohnbereich, unser Sortiment an schnell aufzubauenden Bungalows wird Ihren Anforderungen gerecht.<\/p>\n<h2>FENSTER UND T\u00dcREN<\/h2>\n<p>F\u00fcr uns war es entscheidend, einen hellen, in nat\u00fcrliches Licht getauchten Raum zu entwerfen. Wir haben diese Herausforderung gemeistert, indem wir eine gro\u00dfe Glasfensterscheibe mit den Abmessungen 800 x 1100 mm sowie ein Drehkippfenster an der Seite eingebaut haben, um frische Luft hereinzulassen. Dar\u00fcber hinaus verf\u00fcgt unser modulares B\u00fcro \u00fcber eine Stahlt\u00fcr mit einem gro\u00dfen Glasfenster, wodurch die Menge an nat\u00fcrlichem Licht erh\u00f6ht wird.<\/p>\n<h2>EIN DESIGNER-CONTAINER<\/h2>\n<p>Anders als herk\u00f6mmliche Schiffscontainer verf\u00fcgt unser Stockholmer Bungalow \u00fcber eine Stahlverkleidung in RAL 7016 mit aufgesetzten Paneelen, die ihm ein modernes und luxuri\u00f6ses Aussehen verleihen. Die Paneele mit dunkler Holzoberfl\u00e4che lassen sich harmonisch in Ihr Zuhause integrieren oder verleihen Ihrem Gesch\u00e4ft einen Hauch von Eleganz.<\/p>\n<h2>LIEFERUNG UND INSTALLATION<\/h2>\n<p>Die Lieferung unserer Isolierbeh\u00e4lter erfolgt direkt ab Lager. Da nicht alle Kunden in der Lage sind, den Container selbst zu transportieren oder zu installieren, bieten wir einen entsprechenden Transport- und Lieferservice an. Der Bungalow Stockholm ist mit Hebe\u00f6sen auf dem Dach ausgestattet, sodass er sich problemlos in jeder Umgebung aufstellen l\u00e4sst, sei es im Garten oder in gewerblichen R\u00e4umen. F\u00fcr jede spezielle Anfrage stehen Ihnen unsere Experten zur Verf\u00fcgung, um eine passende L\u00f6sung zu finden.<\/p>\n<h2>UNSERE ARBEITSWEISE<\/h2>\n<h3>ANALYSIEREN<\/h3>\n<p>Wir nehmen uns Zeit f\u00fcr ein Gespr\u00e4ch mit Ihnen, um Ihren Bedarf genau zu ermitteln und Ihnen das Modell anzubieten, das Ihren Vorstellungen am besten entspricht.<\/p>\n<h3>MUSSTE<\/h3>\n<p>Es wird ein detailliertes Angebot mit allen Spezifikationen Ihres Modulb\u00fcros erstellt.<\/p>\n<h3>LIEFERUNG<\/h3>\n<p>Die Bungalows werden direkt aus unserem Lager geliefert. Wir bieten Ihnen stets eine passende und kosteng\u00fcnstige Liefer- und Montagel\u00f6sung. Unsere Experten mit langj\u00e4hriger Erfahrung in der Containerlieferung vereinbaren nach der Best\u00e4tigung des Angebots mit Ihnen den Liefertermin.<\/p>","protected":false},"excerpt":{"rendered":"<ul>\n<li>Jetzt auf Lager!<\/li>\n<li>RAL 7016 Anthrazit au\u00dfen<\/li>\n<li>RAL 9010 Reinwei\u00df innen<\/li>\n<li>Au\u00dfenma\u00dfe: 600 x 300 x 250 cm<\/li>\n<li>Nat\u00fcrliches Licht durch die Erkerfenster<\/li>\n<li>Vollst\u00e4ndig isoliert<\/li>\n<li>Strom und LED-Beleuchtung<\/li>\n<li>Einfache und schnelle Lieferung<\/li>\n<\/ul>","protected":false},"featured_media":28923,"comment_status":"open","ping_status":"closed","template":"","meta":[],"product_brand":[],"product_cat":[111,100],"product_tag":[],"class_list":{"0":"post-28919","1":"product","2":"type-product","3":"status-publish","4":"has-post-thumbnail","6":"product_cat-bungalow","7":"product_cat-habitats-modulables","9":"first","10":"instock","11":"sale","12":"shipping-taxable","13":"purchasable","14":"product-type-simple"},"_links":{"self":[{"href":"https:\/\/apts-consmetal.com\/de\/wp-json\/wp\/v2\/product\/28919","targetHints":{"allow":["GET"]}}],"collection":[{"href":"https:\/\/apts-consmetal.com\/de\/wp-json\/wp\/v2\/product"}],"about":[{"href":"https:\/\/apts-consmetal.com\/de\/wp-json\/wp\/v2\/types\/product"}],"replies":[{"embeddable":true,"href":"https:\/\/apts-consmetal.com\/de\/wp-json\/wp\/v2\/comments?post=28919"}],"version-history":[{"count":0,"href":"https:\/\/apts-consmetal.com\/de\/wp-json\/wp\/v2\/product\/28919\/revisions"}],"wp:featuredmedia":[{"embeddable":true,"href":"https:\/\/apts-consmetal.com\/de\/wp-json\/wp\/v2\/media\/28923"}],"wp:attachment":[{"href":"https:\/\/apts-consmetal.com\/de\/wp-json\/wp\/v2\/media?parent=28919"}],"wp:term":[{"taxonomy":"product_brand","embeddable":true,"href":"https:\/\/apts-consmetal.com\/de\/wp-json\/wp\/v2\/product_brand?post=28919"},{"taxonomy":"product_cat","embeddable":true,"href":"https:\/\/apts-consmetal.com\/de\/wp-json\/wp\/v2\/product_cat?post=28919"},{"taxonomy":"product_tag","embeddable":true,"href":"https:\/\/apts-consmetal.com\/de\/wp-json\/wp\/v2\/product_tag?post=28919"}],"curies":[{"name":"wp","href":"https:\/\/api.w.org\/{rel}","templated":true}]}}