{"id":28877,"date":"2025-05-22T04:10:47","date_gmt":"2025-05-22T02:10:47","guid":{"rendered":"http:\/\/localhost:8888\/Cont\/wordpress\/?post_type=product&#038;p=28877"},"modified":"2025-05-22T04:10:47","modified_gmt":"2025-05-22T02:10:47","slug":"conteneur-dobservation-high-cube-de-10-pieds","status":"publish","type":"product","link":"https:\/\/apts-consmetal.com\/de\/produkt\/conteneur-dobservation-high-cube-de-10-pieds\/","title":{"rendered":"10 Fu\u00df High Cube Beobachtungscontainer"},"content":{"rendered":"<div class=\"container-detail__description\">\n<p><span>Der 3 Meter hohe High Cube Beobachtungscontainer ist der ideale mobile Arbeitsplatz. Dank der Fenster rundherum kann es perfekt als Concierge-Lodge, Kontrollraum oder einfach als B\u00fcro dienen. Diese Fenster verf\u00fcgen \u00fcber eine Doppelsicherheitsverglasung und k\u00f6nnen mit PVC-Rolll\u00e4den verschlossen werden.<\/span><\/p>\n<p><span>Der 10ft High Cube Beobachtungscontainer wird h\u00e4ufig im maritimen Bereich eingesetzt, eignet sich aber auch sehr gut f\u00fcr die Bau-, Infrastruktur- und Eventbranche. Ein weiterer Vorteil: Es entspricht den CSC-Standards und kann per Boot transportiert werden.<\/span><\/p>\n<p><span>Der 10 Fu\u00df hohe Aussichtscontainer kann gekauft und gemietet werden.<\/span><\/p>\n<\/div>\n<div class=\"container-detail__specifications\">\n<h5><span>Merkmale<\/span><\/h5>\n<div class=\"container-specifications__dl-group\"><span>Dimensions ext\u00e9rieures (LxlxH)<\/span><span>2.991 x 2.438 x 2.896 mm<\/span><\/div>\n<div class=\"container-specifications__dl-group\"><span>Couleur standard<\/span><span>RAL9016 PU<\/span><\/div>\n<div class=\"container-specifications__dl-group\"><span>Elektrische Installation<\/span><span>Die Elektroinstallation kann ganz nach Kundenwunsch erfolgen.<\/span><br \/>\n<span>Es besteht zudem die M\u00f6glichkeit, den Beobachtungscontainer mit einer Klimaanlage auszustatten.<\/span><\/p>\n<\/div>\n<div class=\"container-specifications__dl-group\"><span>Merkmale<\/span><span>Der Container ist mit Sandwichpaneelen vollst\u00e4ndig isoliert.<\/span><\/p>\n<\/div>\n<div class=\"container-specifications__dl-group\"><span>Informations compl\u00e9mentaires<\/span><span>Enth\u00e4lt Fenster<\/span><\/p>\n<\/div>\n<div class=\"element-text\">\n<p><em><span>Les mesures indiqu\u00e9es sont indicatives et peuvent en r\u00e9alit\u00e9 l\u00e9g\u00e8rement varier.<\/span><\/em><\/p>\n<\/div>\n<\/div>","protected":false},"excerpt":{"rendered":"<div class=\"container-specifications__dl-group\">Au\u00dfenma\u00dfe (LxBxH) 2.991 x 2.438 x 2.896 mm<\/div>\n<div class=\"container-specifications__dl-group\">Standardfarbe RAL9016 PU<\/div>\n<div class=\"container-specifications__dl-group\">ElektroinstallationDie Elektroinstallation kann ganz nach Kundenwunsch erfolgen.<br \/>\nEs besteht zudem die M\u00f6glichkeit, den Beobachtungscontainer mit einer Klimaanlage auszustatten.<\/p>\n<\/div>","protected":false},"featured_media":28883,"comment_status":"open","ping_status":"closed","template":"","meta":[],"product_brand":[],"product_cat":[111,100],"product_tag":[],"class_list":{"0":"post-28877","1":"product","2":"type-product","3":"status-publish","4":"has-post-thumbnail","6":"product_cat-bungalow","7":"product_cat-habitats-modulables","9":"first","10":"instock","11":"sale","12":"shipping-taxable","13":"purchasable","14":"product-type-simple"},"_links":{"self":[{"href":"https:\/\/apts-consmetal.com\/de\/wp-json\/wp\/v2\/product\/28877","targetHints":{"allow":["GET"]}}],"collection":[{"href":"https:\/\/apts-consmetal.com\/de\/wp-json\/wp\/v2\/product"}],"about":[{"href":"https:\/\/apts-consmetal.com\/de\/wp-json\/wp\/v2\/types\/product"}],"replies":[{"embeddable":true,"href":"https:\/\/apts-consmetal.com\/de\/wp-json\/wp\/v2\/comments?post=28877"}],"version-history":[{"count":0,"href":"https:\/\/apts-consmetal.com\/de\/wp-json\/wp\/v2\/product\/28877\/revisions"}],"wp:featuredmedia":[{"embeddable":true,"href":"https:\/\/apts-consmetal.com\/de\/wp-json\/wp\/v2\/media\/28883"}],"wp:attachment":[{"href":"https:\/\/apts-consmetal.com\/de\/wp-json\/wp\/v2\/media?parent=28877"}],"wp:term":[{"taxonomy":"product_brand","embeddable":true,"href":"https:\/\/apts-consmetal.com\/de\/wp-json\/wp\/v2\/product_brand?post=28877"},{"taxonomy":"product_cat","embeddable":true,"href":"https:\/\/apts-consmetal.com\/de\/wp-json\/wp\/v2\/product_cat?post=28877"},{"taxonomy":"product_tag","embeddable":true,"href":"https:\/\/apts-consmetal.com\/de\/wp-json\/wp\/v2\/product_tag?post=28877"}],"curies":[{"name":"wp","href":"https:\/\/api.w.org\/{rel}","templated":true}]}}