{"id":28868,"date":"2025-05-22T04:05:39","date_gmt":"2025-05-22T02:05:39","guid":{"rendered":"http:\/\/localhost:8888\/Cont\/wordpress\/?post_type=product&#038;p=28868"},"modified":"2025-05-22T04:23:33","modified_gmt":"2025-05-22T02:23:33","slug":"unite-dhebergement-de-20-pieds-6-x-3-avec-cuisine","status":"publish","type":"product","link":"https:\/\/apts-consmetal.com\/de\/produkt\/unite-dhebergement-de-20-pieds-6-x-3-avec-cuisine\/","title":{"rendered":"20 Fu\u00df 6 x 3 Wohneinheit mit K\u00fcche"},"content":{"rendered":"<div class=\"container-detail__description\">\n<p class=\"tw-data-text tw-text-large XcVN5d tw-ta\" dir=\"ltr\" data-placeholder=\"Vertaling\"><span class=\"Y2IQFc\" lang=\"en\"><span>L&rsquo;unit\u00e9 Accommodation 6 x 3 de 6 m est la derni\u00e8re-n\u00e9e de notre stock. Faciles \u00e0 transporter, elles sont con\u00e7ues avec des connexions suppl\u00e9mentaires \u00e0 la hauteur du ch\u00e2ssis standard de 6 m. Elles disposent \u00e9galement de trois fen\u00eatres basculantes avec volets roulants, d&rsquo;une protection anti-relevage, et sont \u00e9quip\u00e9es de l&rsquo;\u00e9lectricit\u00e9 et d&rsquo;un chauffage \u00e9lectrique.\u00a0<\/span><\/span><span class=\"Y2IQFc\" lang=\"en\"><span>La kitchenette permet \u00e9galement de pr\u00e9parer les repas.\u00a0<\/span><\/span><span class=\"Y2IQFc\" lang=\"en\"><span>Un espace id\u00e9al pour travailler ou se r\u00e9unir lors d&rsquo;un projet (\u00e0 long terme).<\/span><\/span><\/p>\n<\/div>\n<div class=\"container-detail__specifications\">\n<h5><span>Merkmale<\/span><\/h5>\n<div class=\"container-specifications__dl-group\"><span>Dimensions ext\u00e9rieures (LxlxH)<\/span><span>6,085 x 2,990 x 2,820<\/span><\/div>\n<div class=\"container-specifications__dl-group\"><span>Poids \u00e0 vide<\/span><span>3 300 kg<\/span><\/div>\n<div class=\"container-specifications__dl-group\"><span>Couleur standard<\/span><span>RAL 7040<\/span><\/div>\n<div class=\"container-specifications__dl-group\"><span>Geliefert mit<\/span><\/p>\n<p id=\"tw-target-text\" class=\"tw-data-text tw-text-large XcVN5d tw-ta\" dir=\"ltr\" data-placeholder=\"Vertaling\"><span class=\"Y2IQFc\" lang=\"en\"><span>Deux passages pour chariot \u00e9l\u00e9vateur avec raccords pour conteneur standard (compatible avec un ch\u00e2ssis de conteneur standard de 20 pieds).<\/span><br \/>\n<span>Fen\u00eatres oscillo-battantes en plastique avec vitrage isolant et volets int\u00e9gr\u00e9s, avec protection anti-relevage.<\/span><br \/>\n<span>Passage mural de 150 mm pour climatiseur mobile.<\/span><br \/>\n<span>Portillon en acier anti-effraction verrouillable par cylindre profil\u00e9.<\/span><br \/>\n<span>Cuisine avec mini-r\u00e9frig\u00e9rateur et rangements.<\/span><\/span><\/p>\n<\/div>\n<div class=\"container-specifications__dl-group\"><span>Elektrische Installation<\/span><\/p>\n<p id=\"tw-target-text\" class=\"tw-data-text tw-text-large XcVN5d tw-ta\" dir=\"ltr\" data-placeholder=\"Vertaling\"><span class=\"Y2IQFc\" lang=\"en\"><span>Chauffage \u00e9lectrique<\/span><br \/>\n<span>3x \u00e9clairage LED<\/span><br \/>\n<span>Connexion du c\u00e2ble de donn\u00e9es \u00e0 l&rsquo;avant<\/span><br \/>\n<span>Connexion ext\u00e9rieure 400 V avec boucle 400 V avec interrupteur de maintenance<\/span><\/span><\/p>\n<\/div>\n<div class=\"container-specifications__dl-group\"><span>Sol<\/span><span>PVC<\/span><\/p>\n<\/div>\n<div class=\"container-specifications__dl-group\"><span>Merkmale<\/span><\/p>\n<p id=\"tw-target-text\" class=\"tw-data-text tw-text-large XcVN5d tw-ta\" dir=\"ltr\" data-placeholder=\"Vertaling\"><span class=\"Y2IQFc\" lang=\"en\"><span>Non certifi\u00e9 CSC<\/span><br \/>\n<\/span><span class=\"Y2IQFc\" lang=\"en\"><span>Fabriqu\u00e9 en acier doux<\/span><br \/>\n<span>Stapelbar<\/span><\/p>\n<p><\/span><\/p>\n<\/div>\n<div class=\"element-text\">\n<p><em><span>Les mesures indiqu\u00e9es sont indicatives et peuvent en r\u00e9alit\u00e9 l\u00e9g\u00e8rement varier.<\/span><\/em><\/p>\n<\/div>\n<\/div>","protected":false},"excerpt":{"rendered":"<div class=\"container-specifications__dl-group\">Dimensions ext\u00e9rieures (LxlxH)6,085 x 2,990 x 2,820<\/div>\n<div class=\"container-specifications__dl-group\">Poids \u00e0 vide3 300 kg<\/div>\n<div class=\"container-specifications__dl-group\">Couleur standardRAL 7040<\/div>\n<div class=\"container-specifications__dl-group\">Geliefert mit<\/p>\n<p id=\"tw-target-text\" class=\"tw-data-text tw-text-large XcVN5d tw-ta\" dir=\"ltr\" data-placeholder=\"Vertaling\"><span class=\"Y2IQFc\" lang=\"en\">Deux passages pour chariot \u00e9l\u00e9vateur avec raccords pour conteneur standard (compatible avec un ch\u00e2ssis de conteneur standard de 20 pieds).<br \/>\nFen\u00eatres oscillo-battantes en plastique avec vitrage isolant et volets int\u00e9gr\u00e9s, avec protection anti-relevage.<br \/>\nPassage mural de 150 mm pour climatiseur mobile.<br \/>\nPortillon en acier anti-effraction verrouillable par cylindre profil\u00e9.<br \/>\nCuisine avec mini-r\u00e9frig\u00e9rateur et rangements.<\/span><\/p>\n<\/div>","protected":false},"featured_media":28871,"comment_status":"open","ping_status":"closed","template":"","meta":[],"product_brand":[],"product_cat":[111,100],"product_tag":[],"class_list":{"0":"post-28868","1":"product","2":"type-product","3":"status-publish","4":"has-post-thumbnail","6":"product_cat-bungalow","7":"product_cat-habitats-modulables","9":"first","10":"instock","11":"sale","12":"shipping-taxable","13":"purchasable","14":"product-type-simple"},"_links":{"self":[{"href":"https:\/\/apts-consmetal.com\/de\/wp-json\/wp\/v2\/product\/28868","targetHints":{"allow":["GET"]}}],"collection":[{"href":"https:\/\/apts-consmetal.com\/de\/wp-json\/wp\/v2\/product"}],"about":[{"href":"https:\/\/apts-consmetal.com\/de\/wp-json\/wp\/v2\/types\/product"}],"replies":[{"embeddable":true,"href":"https:\/\/apts-consmetal.com\/de\/wp-json\/wp\/v2\/comments?post=28868"}],"version-history":[{"count":0,"href":"https:\/\/apts-consmetal.com\/de\/wp-json\/wp\/v2\/product\/28868\/revisions"}],"wp:featuredmedia":[{"embeddable":true,"href":"https:\/\/apts-consmetal.com\/de\/wp-json\/wp\/v2\/media\/28871"}],"wp:attachment":[{"href":"https:\/\/apts-consmetal.com\/de\/wp-json\/wp\/v2\/media?parent=28868"}],"wp:term":[{"taxonomy":"product_brand","embeddable":true,"href":"https:\/\/apts-consmetal.com\/de\/wp-json\/wp\/v2\/product_brand?post=28868"},{"taxonomy":"product_cat","embeddable":true,"href":"https:\/\/apts-consmetal.com\/de\/wp-json\/wp\/v2\/product_cat?post=28868"},{"taxonomy":"product_tag","embeddable":true,"href":"https:\/\/apts-consmetal.com\/de\/wp-json\/wp\/v2\/product_tag?post=28868"}],"curies":[{"name":"wp","href":"https:\/\/api.w.org\/{rel}","templated":true}]}}