{"id":28852,"date":"2025-05-22T03:55:45","date_gmt":"2025-05-22T01:55:45","guid":{"rendered":"http:\/\/localhost:8888\/Cont\/wordpress\/?post_type=product&#038;p=28852"},"modified":"2025-05-22T04:24:20","modified_gmt":"2025-05-22T02:24:20","slug":"conteneur-dobservation-de-20-pieds","status":"publish","type":"product","link":"https:\/\/apts-consmetal.com\/de\/produkt\/conteneur-dobservation-de-20-pieds\/","title":{"rendered":"20-Fu\u00df-Beobachtungscontainer"},"content":{"rendered":"<div class=\"container-detail__description\">\n<p class=\"p1\">Le conteneur d&rsquo;observation de 20 pieds est l&rsquo;espace de travail mobile id\u00e9al. Il peut parfaitement servir de loge de concierge, de salle de contr\u00f4le ou simplement de bureau gr\u00e2ce \u00e0 ses fen\u00eatres tout autour.<\/p>\n<p class=\"p1\">Les fen\u00eatres sont en double vitrage de s\u00e9curit\u00e9 et peuvent \u00eatre ferm\u00e9es par des volets en PVC. De plus, le conteneur est enti\u00e8rement isol\u00e9 par des panneaux sandwich. L&rsquo;installation \u00e9lectrique peut \u00eatre enti\u00e8rement configur\u00e9e selon les besoins du client. Il est \u00e9galement possible d&rsquo;\u00e9quiper le conteneur Observation de la climatisation.<\/p>\n<p class=\"p1\">Le conteneur d&rsquo;observation de 20 pieds est souvent utilis\u00e9 dans le secteur maritime, mais convient \u00e9galement tr\u00e8s bien au secteur de la construction, au secteur des infrastructures et \u00e0 l&rsquo;industrie \u00e9v\u00e9nementielle.<\/p>\n<p class=\"p1\">Un avantage suppl\u00e9mentaire est que le conteneur d&rsquo;observation est conforme aux normes CSC, ce qui permet de le transporter sans effort et en toute s\u00e9curit\u00e9 par bateau.<\/p>\n<p class=\"p1\">Le conteneur d&rsquo;observation de 20 pieds est disponible \u00e0 l&rsquo;achat et \u00e0 la location.<\/p>\n<\/div>\n<div class=\"container-detail__specifications\">\n<h5>Merkmale<\/h5>\n<div class=\"container-specifications__dl-group\">Dimensions ext\u00e9rieures (LxlxH)6,058 x 2,438 x 2,591 mm<\/div>\n<div class=\"container-specifications__dl-group\">\n<p>Installation \u00e9lectriqueSur demande<\/p>\n<\/div>\n<div class=\"container-specifications__dl-group\">\n<p>Isolementlaine de roche de 50 mm<\/p>\n<\/div>\n<div class=\"container-specifications__dl-group\">\n<p>SolContreplaqu\u00e9 de 30 mm, verni<\/p>\n<\/div>\n<div class=\"container-specifications__dl-group\">\n<p>CertificationsCSC \/ ISO<\/p>\n<\/div>\n<div class=\"element-text\">\n<p><em>Les mesures indiqu\u00e9es sont indicatives et peuvent en r\u00e9alit\u00e9 l\u00e9g\u00e8rement varier.<\/em><\/p>\n<\/div>\n<\/div>","protected":false},"excerpt":{"rendered":"<div class=\"container-specifications__dl-group\">Dimensions ext\u00e9rieures (LxlxH)6,058 x 2,438 x 2,591 mm<\/div>\n<div class=\"container-specifications__dl-group\">\n<p>Installation \u00e9lectriqueSur demande<\/p>\n<\/div>\n<div class=\"container-specifications__dl-group\">\n<p>Isolementlaine de roche de 50 mm<\/p>\n<\/div>\n<div class=\"container-specifications__dl-group\">\n<p>SolContreplaqu\u00e9 de 30 mm, verni<\/p>\n<\/div>\n<div class=\"container-specifications__dl-group\">\n<p>CertificationsCSC \/ ISO<\/p>\n<\/div>\n<div class=\"element-text\">\n<p>&nbsp;<\/p>\n<\/div>","protected":false},"featured_media":28854,"comment_status":"open","ping_status":"closed","template":"","meta":[],"product_brand":[],"product_cat":[111,100],"product_tag":[],"class_list":{"0":"post-28852","1":"product","2":"type-product","3":"status-publish","4":"has-post-thumbnail","6":"product_cat-bungalow","7":"product_cat-habitats-modulables","9":"first","10":"instock","11":"sale","12":"shipping-taxable","13":"purchasable","14":"product-type-simple"},"_links":{"self":[{"href":"https:\/\/apts-consmetal.com\/de\/wp-json\/wp\/v2\/product\/28852","targetHints":{"allow":["GET"]}}],"collection":[{"href":"https:\/\/apts-consmetal.com\/de\/wp-json\/wp\/v2\/product"}],"about":[{"href":"https:\/\/apts-consmetal.com\/de\/wp-json\/wp\/v2\/types\/product"}],"replies":[{"embeddable":true,"href":"https:\/\/apts-consmetal.com\/de\/wp-json\/wp\/v2\/comments?post=28852"}],"version-history":[{"count":0,"href":"https:\/\/apts-consmetal.com\/de\/wp-json\/wp\/v2\/product\/28852\/revisions"}],"wp:featuredmedia":[{"embeddable":true,"href":"https:\/\/apts-consmetal.com\/de\/wp-json\/wp\/v2\/media\/28854"}],"wp:attachment":[{"href":"https:\/\/apts-consmetal.com\/de\/wp-json\/wp\/v2\/media?parent=28852"}],"wp:term":[{"taxonomy":"product_brand","embeddable":true,"href":"https:\/\/apts-consmetal.com\/de\/wp-json\/wp\/v2\/product_brand?post=28852"},{"taxonomy":"product_cat","embeddable":true,"href":"https:\/\/apts-consmetal.com\/de\/wp-json\/wp\/v2\/product_cat?post=28852"},{"taxonomy":"product_tag","embeddable":true,"href":"https:\/\/apts-consmetal.com\/de\/wp-json\/wp\/v2\/product_tag?post=28852"}],"curies":[{"name":"wp","href":"https:\/\/api.w.org\/{rel}","templated":true}]}}