{"id":28813,"date":"2025-05-22T03:24:48","date_gmt":"2025-05-22T01:24:48","guid":{"rendered":"http:\/\/localhost:8888\/Cont\/wordpress\/?post_type=product&#038;p=28813"},"modified":"2025-05-22T03:24:48","modified_gmt":"2025-05-22T01:24:48","slug":"conteneur-de-demenagement-de-5-pieds-acier-doux","status":"publish","type":"product","link":"https:\/\/apts-consmetal.com\/de\/produkt\/conteneur-de-demenagement-de-5-pieds-acier-doux\/","title":{"rendered":"5-Fu\u00df-Umzugscontainer (Weichstahl)"},"content":{"rendered":"<div class=\"container-detail__description\">\n<p><span>Le conteneur de d\u00e9m\u00e9nagement de 1,5 m est la solution id\u00e9ale pour un espace de stockage suppl\u00e9mentaire. Nos clients l\u2019utilisent pour stocker des outils (de jardin), des agr\u00e9gats, des tondeuses \u00e0 gazon et des meubles.<\/span><br \/>\n<span>Dot\u00e9 de passages pour fourches de chariot \u00e9l\u00e9vateur sur tous les c\u00f4t\u00e9s, ce conteneur est tr\u00e8s maniable et pratique. Il est \u00e9galement dot\u00e9 d\u2019une porte, au lieu des deux habituelles. Il n\u2019est pas certifi\u00e9 CSC. Fabriqu\u00e9 en acier doux.<\/span><\/p>\n<\/div>\n<div class=\"container-detail__specifications\">\n<h5><span>Merkmale<\/span><\/h5>\n<div class=\"container-specifications__dl-group\"><span>Dimensions int\u00e9rieures (LxlxH)<\/span><span>2.040 x 1.500 x 2.200 mm<\/span><\/div>\n<div class=\"container-specifications__dl-group\"><span>Dimensions ext\u00e9rieures (LxlxH)<\/span><span>2.200 x 1.600 x 2.445 mm<\/span><\/div>\n<div class=\"container-specifications__dl-group\"><span>Volume<\/span><span>6,55 m\u00b3<\/span><\/div>\n<div class=\"container-specifications__dl-group\"><span>Poids \u00e0 vide<\/span><span>450 kg<\/span><\/div>\n<div class=\"container-specifications__dl-group\"><span>Couleur standard<\/span><span>RAL5010<\/span><\/div>\n<div class=\"container-specifications__dl-group\"><span>Merkmale<\/span><\/p>\n<p class=\"p1\"><span>A\u00e9rations standard<\/span><br \/>\n<span>Poches pour chariot \u00e9l\u00e9vateur de chaque c\u00f4t\u00e9<\/span><\/p>\n<p class=\"p2\">\n<\/div>\n<div class=\"container-specifications__dl-group\"><span>Informations compl\u00e9mentaires<\/span><span>Non certifi\u00e9 CSC<\/span><br \/>\n<span>En acier doux<\/span><br \/>\n<span>Disponible dans toutes les couleurs RAL<\/span><br \/>\n<span>Convient au stockage<\/span><\/p>\n<\/div>\n<div class=\"element-text\">\n<p><em><span>Les mesures indiqu\u00e9es sont indicatives et peuvent en r\u00e9alit\u00e9 l\u00e9g\u00e8rement varier.<\/span><\/em><\/p>\n<\/div>\n<\/div>","protected":false},"excerpt":{"rendered":"<div class=\"container-specifications__dl-group\">Innenma\u00dfe (LxBxH) 2.040 x 1.500 x 2.200 mm<\/div>\n<div class=\"container-specifications__dl-group\">Au\u00dfenma\u00dfe (LxBxH) 2.200 x 1.600 x 2.445 mm<\/div>\n<div class=\"container-specifications__dl-group\">Volumen6,55 m\u00b3<\/div>\n<div class=\"container-specifications__dl-group\">Leergewicht 450 kg<\/div>\n<div class=\"container-specifications__dl-group\">Standardfarbe RAL5010<\/div>","protected":false},"featured_media":28814,"comment_status":"open","ping_status":"closed","template":"","meta":[],"product_brand":[],"product_cat":[94,95],"product_tag":[],"class_list":{"0":"post-28813","1":"product","2":"type-product","3":"status-publish","4":"has-post-thumbnail","6":"product_cat-conteneurs-maritimes-neufs","7":"product_cat-petit","9":"first","10":"instock","11":"shipping-taxable","12":"purchasable","13":"product-type-simple"},"_links":{"self":[{"href":"https:\/\/apts-consmetal.com\/de\/wp-json\/wp\/v2\/product\/28813","targetHints":{"allow":["GET"]}}],"collection":[{"href":"https:\/\/apts-consmetal.com\/de\/wp-json\/wp\/v2\/product"}],"about":[{"href":"https:\/\/apts-consmetal.com\/de\/wp-json\/wp\/v2\/types\/product"}],"replies":[{"embeddable":true,"href":"https:\/\/apts-consmetal.com\/de\/wp-json\/wp\/v2\/comments?post=28813"}],"version-history":[{"count":0,"href":"https:\/\/apts-consmetal.com\/de\/wp-json\/wp\/v2\/product\/28813\/revisions"}],"wp:featuredmedia":[{"embeddable":true,"href":"https:\/\/apts-consmetal.com\/de\/wp-json\/wp\/v2\/media\/28814"}],"wp:attachment":[{"href":"https:\/\/apts-consmetal.com\/de\/wp-json\/wp\/v2\/media?parent=28813"}],"wp:term":[{"taxonomy":"product_brand","embeddable":true,"href":"https:\/\/apts-consmetal.com\/de\/wp-json\/wp\/v2\/product_brand?post=28813"},{"taxonomy":"product_cat","embeddable":true,"href":"https:\/\/apts-consmetal.com\/de\/wp-json\/wp\/v2\/product_cat?post=28813"},{"taxonomy":"product_tag","embeddable":true,"href":"https:\/\/apts-consmetal.com\/de\/wp-json\/wp\/v2\/product_tag?post=28813"}],"curies":[{"name":"wp","href":"https:\/\/api.w.org\/{rel}","templated":true}]}}