{"id":28804,"date":"2025-05-22T03:21:43","date_gmt":"2025-05-22T01:21:43","guid":{"rendered":"http:\/\/localhost:8888\/Cont\/wordpress\/?post_type=product&#038;p=28804"},"modified":"2025-05-22T03:21:43","modified_gmt":"2025-05-22T01:21:43","slug":"conteneur-de-stockage-de-4-pieds","status":"publish","type":"product","link":"https:\/\/apts-consmetal.com\/de\/produkt\/conteneur-de-stockage-de-4-pieds\/","title":{"rendered":"4-Fu\u00df-Lagercontainer"},"content":{"rendered":"<div class=\"container-detail__description\">\n<p><span>Der Mini-4-Fu\u00df-Lagercontainer ist der kleinste in unserem Sortiment. Dieser Containertyp eignet sich optimal zur trockenen Lagerung Ihrer Waren. Dieser Container ist nicht CSC-zugelassen und daher nicht f\u00fcr den intermodalen Transport geeignet. Es besteht aus Cortenstahl und ist mit einem Sperrholzboden ausgestattet.<\/span><\/p>\n<\/div>\n<div class=\"container-detail__specifications\">\n<h5><span>Merkmale<\/span><\/h5>\n<div class=\"container-specifications__dl-group\"><span>Dimensions int\u00e9rieures (LxlxH)<\/span><span>1.049 x 2.112 x 2.062 mm<\/span><\/div>\n<div class=\"container-specifications__dl-group\"><span>Dimensions ext\u00e9rieures (LxlxH)<\/span><span>1.200 x 2.200 x 2.260 mm<\/span><\/div>\n<div class=\"container-specifications__dl-group\"><span>T\u00fcr\u00f6ffnung (BxH)<\/span><span>2.070 x 1.945 mm<\/span><\/div>\n<div class=\"container-specifications__dl-group\"><span>Volume<\/span><span>4,60 m\u00b3<\/span><\/div>\n<div class=\"container-specifications__dl-group\"><span>Poids \u00e0 vide<\/span><span>670 kg<\/span><\/div>\n<div class=\"container-specifications__dl-group\"><span>Maximale Nutzlast<\/span><span>2.330 kg<\/span><\/div>\n<div class=\"container-specifications__dl-group\"><span>Maximales Frachtgewicht<\/span><span>3 000 kg<\/span><\/div>\n<div class=\"container-specifications__dl-group\"><span>Couleur standard<\/span><span>RAL5013<\/span><\/div>\n<div class=\"container-specifications__dl-group\"><span>Merkmale<\/span><span>Standard-Entl\u00fcftungs\u00f6ffnungen,<\/span><br \/>\n<span>hoher Griff und Verriegelungsmechanismus,\u00a0<\/span><br \/>\n<span>sicher,<\/span><br \/>\n<span>Gabelstaplertaschen<\/span><br \/>\n<span>, Sperrholzb\u00f6den<\/span><\/p>\n<\/div>\n<div class=\"container-specifications__dl-group\"><span>Informations compl\u00e9mentaires<\/span><span>Non certifi\u00e9 CSC<\/span><br \/>\n<span>Aus Cortenstahl<\/span><br \/>\n<span>Disponible dans toutes les couleurs RAL<\/span><br \/>\n<span>Stapelbar<\/span><br \/>\n<span>Convient au stockage<\/span><\/p>\n<\/div>\n<div class=\"element-text\">\n<p><em><span>Les mesures indiqu\u00e9es sont indicatives et peuvent en r\u00e9alit\u00e9 l\u00e9g\u00e8rement varier.<\/span><\/em><\/p>\n<\/div>\n<\/div>","protected":false},"excerpt":{"rendered":"<div class=\"container-specifications__dl-group\">Innenma\u00dfe (LxBxH)1.049 x 2.112 x 2.062 mm<\/div>\n<div class=\"container-specifications__dl-group\">Au\u00dfenma\u00dfe (LxBxH) 1.200 x 2.200 x 2.260 mm<\/div>\n<div class=\"container-specifications__dl-group\">T\u00fcr\u00f6ffnung (BxH)2.070 x 1.945 mm<\/div>\n<div class=\"container-specifications__dl-group\">Volumen4,60 m\u00b3<\/div>\n<div class=\"container-specifications__dl-group\">Leergewicht 670 kg<\/div>\n<div class=\"container-specifications__dl-group\">Nutzlast maximal 2.330 kg<\/div>\n<div class=\"container-specifications__dl-group\">Maximales Frachtgewicht 3.000 kg<\/div>\n<div class=\"container-specifications__dl-group\">Standardfarbe RAL5013<\/div>\n<div class=\"container-specifications__dl-group\">Merkmale<\/div>","protected":false},"featured_media":28805,"comment_status":"open","ping_status":"closed","template":"","meta":[],"product_brand":[],"product_cat":[94,95],"product_tag":[],"class_list":{"0":"post-28804","1":"product","2":"type-product","3":"status-publish","4":"has-post-thumbnail","6":"product_cat-conteneurs-maritimes-neufs","7":"product_cat-petit","9":"first","10":"instock","11":"shipping-taxable","12":"purchasable","13":"product-type-simple"},"_links":{"self":[{"href":"https:\/\/apts-consmetal.com\/de\/wp-json\/wp\/v2\/product\/28804","targetHints":{"allow":["GET"]}}],"collection":[{"href":"https:\/\/apts-consmetal.com\/de\/wp-json\/wp\/v2\/product"}],"about":[{"href":"https:\/\/apts-consmetal.com\/de\/wp-json\/wp\/v2\/types\/product"}],"replies":[{"embeddable":true,"href":"https:\/\/apts-consmetal.com\/de\/wp-json\/wp\/v2\/comments?post=28804"}],"version-history":[{"count":0,"href":"https:\/\/apts-consmetal.com\/de\/wp-json\/wp\/v2\/product\/28804\/revisions"}],"wp:featuredmedia":[{"embeddable":true,"href":"https:\/\/apts-consmetal.com\/de\/wp-json\/wp\/v2\/media\/28805"}],"wp:attachment":[{"href":"https:\/\/apts-consmetal.com\/de\/wp-json\/wp\/v2\/media?parent=28804"}],"wp:term":[{"taxonomy":"product_brand","embeddable":true,"href":"https:\/\/apts-consmetal.com\/de\/wp-json\/wp\/v2\/product_brand?post=28804"},{"taxonomy":"product_cat","embeddable":true,"href":"https:\/\/apts-consmetal.com\/de\/wp-json\/wp\/v2\/product_cat?post=28804"},{"taxonomy":"product_tag","embeddable":true,"href":"https:\/\/apts-consmetal.com\/de\/wp-json\/wp\/v2\/product_tag?post=28804"}],"curies":[{"name":"wp","href":"https:\/\/api.w.org\/{rel}","templated":true}]}}