{"id":28679,"date":"2025-05-21T22:54:02","date_gmt":"2025-05-21T20:54:02","guid":{"rendered":"http:\/\/localhost:8888\/Cont\/wordpress\/?post_type=product&#038;p=28679"},"modified":"2025-05-21T23:14:37","modified_gmt":"2025-05-21T21:14:37","slug":"conteneur-bar-demontable-4x4-metres-xl-rose-ral-3015","status":"publish","type":"product","link":"https:\/\/apts-consmetal.com\/de\/produkt\/conteneur-bar-demontable-4x4-metres-xl-rose-ral-3015\/","title":{"rendered":"4\u00d74 Meter XL Abnehmbarer Barcontainer Pink RAL"},"content":{"rendered":"<section class=\"elementor-section elementor-top-section elementor-element elementor-element-5d655291 elementor-section-boxed elementor-section-height-default elementor-section-height-default\" data-id=\"5d655291\" data-element_type=\"section\">\n<div class=\"elementor-container elementor-column-gap-default\">\n<div class=\"elementor-column elementor-col-100 elementor-top-column elementor-element elementor-element-6dfcf8d3\" data-id=\"6dfcf8d3\" data-element_type=\"column\">\n<div class=\"elementor-widget-wrap elementor-element-populated\">\n<div class=\"elementor-element elementor-element-2443f386 elementor-widget elementor-widget-text-editor\" data-id=\"2443f386\" data-element_type=\"widget\" data-widget_type=\"text-editor.default\">\n<div class=\"elementor-widget-container\">\n<h2>Barcontainer zu verkaufen, konzipiert f\u00fcr gr\u00f6\u00dfere Ambitionen<\/h2>\n<p>Wir haben alle Arten von Containern zum Verkauf, einschlie\u00dflich extragro\u00dfer Container! Dieser XL-Container verf\u00fcgt \u00fcber alle Funktionen seines Bruders (4\u00d74 Meter faltbarer Barcontainer), bietet jedoch f\u00fcr den Komfort der Kunden zus\u00e4tzlichen Platz in der L\u00e4nge und Breite.<\/p>\n<blockquote><p>\u201eWie k\u00f6nnte man einen sch\u00f6nen Abend besser verbringen als in der eigenen Bar. \u00bb<\/p><\/blockquote>\n<h3>Eigenschaften des 4\u00d74 Meter XL Faltcontainers<\/h3>\n<p>Die 2,3 Meter hohe Containerbar ist mit einem faltbaren Vordach und Doppelt\u00fcren \u2013 wahlweise an der L\u00e4ngs- und der Stirnseite \u2013 ausgestattet. Die Abmessungen \u00e4hneln denen eines 16 Fu\u00df-Absetzcontainers, jedoch sind Breite und L\u00e4nge jeweils einen halben Meter gr\u00f6\u00dfer.<\/p>\n<p>Das Dach dieses Containers ist superstabil und enth\u00e4lt ein Hydrauliksystem. Dieses System erm\u00f6glicht ein sicheres Anheben und Schlie\u00dfen der Plane. Dar\u00fcber hinaus bietet die Doppelt\u00fcr des Containers die M\u00f6glichkeit, gro\u00dfe Gegenst\u00e4nde wie Bierf\u00e4sser, Gefrierschr\u00e4nke, Tische usw. unterzubringen. Er ist daher die ideale M\u00f6glichkeit, Kunden oder Freunden ein Getr\u00e4nk oder einen Snack anzubieten.<\/p>\n<h3>Vorteile eines zerlegbaren Barcontainers<\/h3>\n<p>Der Barcontainer bietet Ihnen Vorteile wie einen tollen Ort, um wertvolle Zeit zu verbringen oder eine Gesch\u00e4ftst\u00e4tigkeit auszu\u00fcben. Wenn Ihre Lieben zu Ihnen nach Hause kommen, k\u00f6nnen Sie mit dem XL-Container ihre Aufmerksamkeit gewinnen und eine gem\u00fctlichere und innovativere Atmosph\u00e4re schaffen. Weitere Vorteile dieses Produkts sind:<\/p>\n<\/div>\n<\/div>\n<\/div>\n<\/div>\n<\/div>\n<\/section>\n<section class=\"elementor-section elementor-top-section elementor-element elementor-element-88ee49a elementor-section-boxed elementor-section-height-default elementor-section-height-default\" data-id=\"88ee49a\" data-element_type=\"section\">\n<div class=\"elementor-container elementor-column-gap-default\">\n<div class=\"elementor-column elementor-col-50 elementor-top-column elementor-element elementor-element-dbae0da\" data-id=\"dbae0da\" data-element_type=\"column\">\n<div class=\"elementor-widget-wrap elementor-element-populated\">\n<div class=\"elementor-element elementor-element-c304ac9 elementor-widget elementor-widget-text-editor\" data-id=\"c304ac9\" data-element_type=\"widget\" data-widget_type=\"text-editor.default\">\n<div class=\"elementor-widget-container\">\n<h4>Seine Haltbarkeit<\/h4>\n<p>Wir bieten Container zu den besten Preisen auf dem Markt an, ohne Kompromisse bei der Qualit\u00e4t einzugehen. So ist Ihr Beh\u00e4lter optimal f\u00fcr die unterschiedlichsten Einsatzzwecke geeignet. Unsere Module werden aus bestem Stahl gefertigt, was sie sehr widerstandsf\u00e4hig macht.<\/p>\n<\/div>\n<\/div>\n<\/div>\n<\/div>\n<div class=\"elementor-column elementor-col-50 elementor-top-column elementor-element elementor-element-7b9bd85\" data-id=\"7b9bd85\" data-element_type=\"column\">\n<div class=\"elementor-widget-wrap elementor-element-populated\">\n<div class=\"elementor-element elementor-element-b743a25 elementor-widget elementor-widget-text-editor\" data-id=\"b743a25\" data-element_type=\"widget\" data-widget_type=\"text-editor.default\">\n<div class=\"elementor-widget-container\">\n<h4>Seine Anpassungsf\u00e4higkeit<\/h4>\n<p>Unser XL-Container ist so konzipiert, dass er f\u00fcr einen schnelleren Transport leicht zerlegt werden kann. Wenn Sie es nicht zerlegen m\u00f6chten, k\u00f6nnen Sie es dank der Schlitze im Sockel problemlos mit einem Gabelstapler bewegen. Da kein Kran erforderlich ist, ist der Container vielseitig und effizient einsetzbar.<\/p>\n<\/div>\n<\/div>\n<\/div>\n<\/div>\n<\/div>\n<\/section>\n<section class=\"elementor-section elementor-top-section elementor-element elementor-element-117b974 elementor-section-boxed elementor-section-height-default elementor-section-height-default\" data-id=\"117b974\" data-element_type=\"section\">\n<div class=\"elementor-container elementor-column-gap-default\">\n<div class=\"elementor-column elementor-col-100 elementor-top-column elementor-element elementor-element-7e9d564\" data-id=\"7e9d564\" data-element_type=\"column\">\n<div class=\"elementor-widget-wrap elementor-element-populated\">\n<div class=\"elementor-element elementor-element-bd4e978 elementor-widget elementor-widget-text-editor\" data-id=\"bd4e978\" data-element_type=\"widget\" data-widget_type=\"text-editor.default\">\n<div class=\"elementor-widget-container\">\n<h3>Auch der XL-Container ist modular!<\/h3>\n<p>Wenn Sie gro\u00dfe Container verkaufen, m\u00fcssen Sie ihnen auch die gleiche Flexibilit\u00e4t und Vielseitigkeit bieten wie anderen Containern. Regalbaus\u00e4tze, Verbindungss\u00e4tze und Diebstahlschutz sind vollst\u00e4ndig mit diesem Produkt kompatibel.<\/p>\n<\/div>\n<\/div>\n<\/div>\n<\/div>\n<\/div>\n<\/section>","protected":false},"excerpt":{"rendered":"<p>Der Barcontainer erm\u00f6glicht Ihnen dank seiner Schnellaufbau-Konstruktion einen sicheren Start in Ihr Abenteuer.<\/p>\n<ul>\n<li>Abnehmbarer Barcontainer zur Selbstmontage<\/li>\n<li>Au\u00dfenma\u00dfe (LxBxH): 4585 x 3885 x 2240 mm<\/li>\n<li>Innenma\u00dfe (LxBxH): 4434 x 3727 x 2230 mm<\/li>\n<li>T\u00fcrma\u00dfe: (LxH): 1750 x 2050 mm<\/li>\n<li>Disponible dans toutes les couleurs RAL<\/li>\n<li>Der Beh\u00e4lterdeckel ist beidseitig durch zwei Zylinderschl\u00f6sser gesichert.<\/li>\n<li>Vollst\u00e4ndig selbsttragende Konstruktion, einschlie\u00dflich Boden.<\/li>\n<\/ul>","protected":false},"featured_media":28680,"comment_status":"open","ping_status":"closed","template":"","meta":[],"product_brand":[],"product_cat":[110,100],"product_tag":[],"class_list":{"0":"post-28679","1":"product","2":"type-product","3":"status-publish","4":"has-post-thumbnail","6":"product_cat-conteneur-amenage","7":"product_cat-habitats-modulables","9":"first","10":"instock","11":"sale","12":"shipping-taxable","13":"purchasable","14":"product-type-simple"},"_links":{"self":[{"href":"https:\/\/apts-consmetal.com\/de\/wp-json\/wp\/v2\/product\/28679","targetHints":{"allow":["GET"]}}],"collection":[{"href":"https:\/\/apts-consmetal.com\/de\/wp-json\/wp\/v2\/product"}],"about":[{"href":"https:\/\/apts-consmetal.com\/de\/wp-json\/wp\/v2\/types\/product"}],"replies":[{"embeddable":true,"href":"https:\/\/apts-consmetal.com\/de\/wp-json\/wp\/v2\/comments?post=28679"}],"version-history":[{"count":0,"href":"https:\/\/apts-consmetal.com\/de\/wp-json\/wp\/v2\/product\/28679\/revisions"}],"wp:featuredmedia":[{"embeddable":true,"href":"https:\/\/apts-consmetal.com\/de\/wp-json\/wp\/v2\/media\/28680"}],"wp:attachment":[{"href":"https:\/\/apts-consmetal.com\/de\/wp-json\/wp\/v2\/media?parent=28679"}],"wp:term":[{"taxonomy":"product_brand","embeddable":true,"href":"https:\/\/apts-consmetal.com\/de\/wp-json\/wp\/v2\/product_brand?post=28679"},{"taxonomy":"product_cat","embeddable":true,"href":"https:\/\/apts-consmetal.com\/de\/wp-json\/wp\/v2\/product_cat?post=28679"},{"taxonomy":"product_tag","embeddable":true,"href":"https:\/\/apts-consmetal.com\/de\/wp-json\/wp\/v2\/product_tag?post=28679"}],"curies":[{"name":"wp","href":"https:\/\/api.w.org\/{rel}","templated":true}]}}