{"id":28673,"date":"2025-05-21T22:52:03","date_gmt":"2025-05-21T20:52:03","guid":{"rendered":"http:\/\/localhost:8888\/Cont\/wordpress\/?post_type=product&#038;p=28673"},"modified":"2025-05-21T22:52:03","modified_gmt":"2025-05-21T20:52:03","slug":"conteneur-bar-demontable-xl-3x2-m-vert-ral-6016","status":"publish","type":"product","link":"https:\/\/apts-consmetal.com\/de\/produkt\/conteneur-bar-demontable-xl-3x2-m-vert-ral-6016\/","title":{"rendered":"XL 3\u00d72 m demontierbarer Barcontainer Gr\u00fcn RAL 6016"},"content":{"rendered":"<section class=\"elementor-section elementor-top-section elementor-element elementor-element-aae1229 elementor-section-boxed elementor-section-height-default elementor-section-height-default\" data-id=\"aae1229\" data-element_type=\"section\">\n<div class=\"elementor-container elementor-column-gap-default\">\n<div class=\"elementor-column elementor-col-100 elementor-top-column elementor-element elementor-element-d1aa0fd\" data-id=\"d1aa0fd\" data-element_type=\"column\">\n<div class=\"elementor-widget-wrap elementor-element-populated\">\n<div class=\"elementor-element elementor-element-93b8f86 elementor-widget elementor-widget-text-editor\" data-id=\"93b8f86\" data-element_type=\"widget\" data-widget_type=\"text-editor.default\">\n<div class=\"elementor-widget-container\">\n<h2>Id\u00e9al pour l\u2019entreprenariat et\/ou le divertissement<\/h2>\n<p>Le conteneur bar pliable vert mesure environ 3\u00d72 m\u00e8tres et poss\u00e8de un auvent pliable, les dimensions sont \u00e0 peu pr\u00e8s les m\u00eames que celles d\u2019un conteneur pliable de 10 pieds. C\u2019est id\u00e9al pour les personnes qui attendent d\u2019\u00eatre au sec et cela donne au conteneur l\u2019aspect d\u2019un vrai bar. L\u2019auvent peut \u00e9galement \u00eatre verrouill\u00e9, de sorte que le conteneur bar peut \u00eatre laiss\u00e9 avec les affaires \u00e0 l\u2019int\u00e9rieur en toute s\u00e9curit\u00e9. De plus, il y a une double porte sur le petit c\u00f4t\u00e9 qui vous permet de faire entrer des objets volumineux comme un tonneau de bi\u00e8re. C\u2019est donc la solution id\u00e9ale pour proposer un bar lors d\u2019\u00e9v\u00e9nements. Un conteneur bar simple mais solide dans une couleur \u00e9l\u00e9gante et propre comme le vert, RAL 6016.<\/p>\n<h3>Un conteneur polyvalent et efficace<\/h3>\n<p>Le conteneur bar peut \u00eatre utilis\u00e9 \u00e0 de nombreuses fins. Vous pouvez donc l\u2019utiliser lors d\u2019une f\u00eate comme un bar o\u00f9 les gens peuvent venir chercher des boissons ou de la nourriture. Le conteneur est pr\u00eat \u00e0 l\u2019emploi, vous n\u2019avez qu\u2019\u00e0 le monter et installer vos produits dedans. Une foi l\u2019\u00e9v\u00e8nement termin\u00e9 le conteneur est simple \u00e0 d\u00e9monter gr\u00e2ce aux panneaux amovibles dont il est constitu\u00e9. Une fois d\u00e9mont\u00e9, le conteneur prend peu de place. Bien entendu, le conteneur peut \u00e9galement \u00eatre utilis\u00e9 \u00e0 d\u2019autres fins. Vous pouvez en faire ce que vous voulez et nous serons toujours pr\u00eats \u00e0 vous aider dans vos choix. N\u2019h\u00e9sitez donc pas \u00e0 nous contacter, nous serons heureux de vous aider!<\/p>\n<p>Un autre grand avantage du conteneur bar pliable 3\u00d72 est qu\u2019il est facile \u00e0 d\u00e9placer avec un chariot \u00e9l\u00e9vateur gr\u00e2ce aux manchons pour chariot \u00e9l\u00e9vateur situ\u00e9s sur le fond du conteneur. Il est donc facile \u00e0 d\u00e9placer sans l\u2019aide de nombreuses personnes. Le conteneur bar est \u00e9galement disponible dans toutes les couleurs RAL, comme dans ce mod\u00e8le o\u00f9 le conteneur a \u00e9t\u00e9 peint dans le RAL 6016 qui est un ton de vert, cela fera ressortir votre conteneur bar et lui donnera du style.<\/p>\n<\/div>\n<\/div>\n<\/div>\n<\/div>\n<\/div>\n<\/section>\n<section class=\"elementor-section elementor-top-section elementor-element elementor-element-d1098e6 elementor-section-boxed elementor-section-height-default elementor-section-height-default\" data-id=\"d1098e6\" data-element_type=\"section\">\n<div class=\"elementor-container elementor-column-gap-default\">\n<div class=\"elementor-column elementor-col-50 elementor-top-column elementor-element elementor-element-ecf306b\" data-id=\"ecf306b\" data-element_type=\"column\">\n<div class=\"elementor-widget-wrap elementor-element-populated\">\n<div class=\"elementor-element elementor-element-969156d elementor-widget elementor-widget-image\" data-id=\"969156d\" data-element_type=\"widget\" data-widget_type=\"image.default\">\n<div class=\"elementor-widget-container\"><img fetchpriority=\"high\" decoding=\"async\" class=\"attachment-large size-large wp-image-11120\" src=\"https:\/\/containerbar.fr\/wp-content\/uploads\/2020\/12\/Bar-container-port-3.jpg\" sizes=\"(max-width: 640px) 100vw, 640px\" srcset=\"https:\/\/containerbar.fr\/wp-content\/uploads\/2020\/12\/Bar-container-port-3.jpg 1024w, https:\/\/containerbar.fr\/wp-content\/uploads\/2020\/12\/Bar-container-port-3-600x450.jpg 600w, https:\/\/containerbar.fr\/wp-content\/uploads\/2020\/12\/Bar-container-port-3-300x225.jpg 300w, https:\/\/containerbar.fr\/wp-content\/uploads\/2020\/12\/Bar-container-port-3-768x576.jpg 768w\" alt=\"Conteneur \u00e0 bar\" width=\"640\" height=\"480\" title=\"\"><\/div>\n<\/div>\n<\/div>\n<\/div>\n<div class=\"elementor-column elementor-col-50 elementor-top-column elementor-element elementor-element-a2a9913\" data-id=\"a2a9913\" data-element_type=\"column\">\n<div class=\"elementor-widget-wrap elementor-element-populated\">\n<div class=\"elementor-element elementor-element-41ce8d2 elementor-widget elementor-widget-image\" data-id=\"41ce8d2\" data-element_type=\"widget\" data-widget_type=\"image.default\">\n<div class=\"elementor-widget-container\"><img decoding=\"async\" class=\"attachment-large size-large wp-image-11144\" src=\"https:\/\/containerbar.fr\/wp-content\/uploads\/2020\/12\/1645183013143-1024x768.jpg\" sizes=\"(max-width: 640px) 100vw, 640px\" srcset=\"https:\/\/containerbar.fr\/wp-content\/uploads\/2020\/12\/1645183013143-1024x768.jpg 1024w, https:\/\/containerbar.fr\/wp-content\/uploads\/2020\/12\/1645183013143-600x450.jpg 600w, https:\/\/containerbar.fr\/wp-content\/uploads\/2020\/12\/1645183013143-300x225.jpg 300w, https:\/\/containerbar.fr\/wp-content\/uploads\/2020\/12\/1645183013143-768x576.jpg 768w, https:\/\/containerbar.fr\/wp-content\/uploads\/2020\/12\/1645183013143-1536x1152.jpg 1536w, https:\/\/containerbar.fr\/wp-content\/uploads\/2020\/12\/1645183013143.jpg 1600w\" alt=\"Conteneur \u00e0 bar\" width=\"640\" height=\"480\" title=\"\"><\/div>\n<\/div>\n<\/div>\n<\/div>\n<\/div>\n<\/section>\n<section class=\"elementor-section elementor-top-section elementor-element elementor-element-d7a0a1c elementor-section-boxed elementor-section-height-default elementor-section-height-default\" data-id=\"d7a0a1c\" data-element_type=\"section\">\n<div class=\"elementor-container elementor-column-gap-default\">\n<div class=\"elementor-column elementor-col-100 elementor-top-column elementor-element elementor-element-2d017ba\" data-id=\"2d017ba\" data-element_type=\"column\">\n<div class=\"elementor-widget-wrap elementor-element-populated\">\n<div class=\"elementor-element elementor-element-12f331a elementor-widget elementor-widget-text-editor\" data-id=\"12f331a\" data-element_type=\"widget\" data-widget_type=\"text-editor.default\">\n<div class=\"elementor-widget-container\">\n<h4>Cela vous permettras d\u2019avoir un produit de qualit\u00e9 \u00e0 bas prix!<\/h4>\n<p>Vous \u00eates int\u00e9ress\u00e9s ou vous avez encore des doutes ? N\u2019h\u00e9sitez pas \u00e0 nous contacter, nous serons heureux de vous aider!<\/p>\n<\/div>\n<\/div>\n<\/div>\n<\/div>\n<\/div>\n<\/section>","protected":false},"excerpt":{"rendered":"<p>Le moyen id\u00e9al pour offrir une boisson \u00e0 des clients ou des amis. Un conteneur bar pliant simple mais robuste, solide et durable.<\/p>\n<ul>\n<li>Conteneur bar auto-assemblable et d\u00e9montable<\/li>\n<li>Au\u00dfenma\u00dfe (LxBxH): 2952 x 2290 x 2240 mm<\/li>\n<li>Innenma\u00dfe (LxBxH): 2795 x 2130 x 2100 mm<\/li>\n<li>T\u00fcrma\u00dfe: (LxH): 1750 x 2050 mm<\/li>\n<li>La couleur du conteneur est le vert RAL 6016<\/li>\n<li>Le couvercle du conteneur est s\u00e9curis\u00e9 par deux serrures cylindriques des deux c\u00f4t\u00e9s.<\/li>\n<li>Vollst\u00e4ndig selbsttragende Konstruktion, einschlie\u00dflich Boden.<\/li>\n<\/ul>","protected":false},"featured_media":28677,"comment_status":"open","ping_status":"closed","template":"","meta":[],"product_brand":[],"product_cat":[110,100],"product_tag":[],"class_list":{"0":"post-28673","1":"product","2":"type-product","3":"status-publish","4":"has-post-thumbnail","6":"product_cat-conteneur-amenage","7":"product_cat-habitats-modulables","9":"first","10":"instock","11":"sale","12":"shipping-taxable","13":"purchasable","14":"product-type-simple"},"_links":{"self":[{"href":"https:\/\/apts-consmetal.com\/de\/wp-json\/wp\/v2\/product\/28673","targetHints":{"allow":["GET"]}}],"collection":[{"href":"https:\/\/apts-consmetal.com\/de\/wp-json\/wp\/v2\/product"}],"about":[{"href":"https:\/\/apts-consmetal.com\/de\/wp-json\/wp\/v2\/types\/product"}],"replies":[{"embeddable":true,"href":"https:\/\/apts-consmetal.com\/de\/wp-json\/wp\/v2\/comments?post=28673"}],"version-history":[{"count":0,"href":"https:\/\/apts-consmetal.com\/de\/wp-json\/wp\/v2\/product\/28673\/revisions"}],"wp:featuredmedia":[{"embeddable":true,"href":"https:\/\/apts-consmetal.com\/de\/wp-json\/wp\/v2\/media\/28677"}],"wp:attachment":[{"href":"https:\/\/apts-consmetal.com\/de\/wp-json\/wp\/v2\/media?parent=28673"}],"wp:term":[{"taxonomy":"product_brand","embeddable":true,"href":"https:\/\/apts-consmetal.com\/de\/wp-json\/wp\/v2\/product_brand?post=28673"},{"taxonomy":"product_cat","embeddable":true,"href":"https:\/\/apts-consmetal.com\/de\/wp-json\/wp\/v2\/product_cat?post=28673"},{"taxonomy":"product_tag","embeddable":true,"href":"https:\/\/apts-consmetal.com\/de\/wp-json\/wp\/v2\/product_tag?post=28673"}],"curies":[{"name":"wp","href":"https:\/\/api.w.org\/{rel}","templated":true}]}}