{"id":28659,"date":"2025-05-21T22:37:11","date_gmt":"2025-05-21T20:37:11","guid":{"rendered":"http:\/\/localhost:8888\/Cont\/wordpress\/?post_type=product&#038;p=28659"},"modified":"2025-05-22T08:04:13","modified_gmt":"2025-05-22T06:04:13","slug":"conteneur-bar-demontable-6x2-metres-xl-noir-ral-9005","status":"publish","type":"product","link":"https:\/\/apts-consmetal.com\/de\/produkt\/conteneur-bar-demontable-6x2-metres-xl-noir-ral-9005\/","title":{"rendered":"Abnehmbarer Barcontainer 6\u00d72 Meter XL Schwarz RAL"},"content":{"rendered":"<h2>Hei\u00dfen Sie Ihre G\u00e4ste mit Stil willkommen!<\/h2>\n<p>Diese Variante unseres Barcontainers eignet sich optimal f\u00fcr den Einsatz als Outdoor-Bar auf der Terrasse. Tats\u00e4chlich besteht die Outdoor-Bar aus zwei unterschiedlichen, miteinander verbundenen Containern. Dadurch entsteht Platz, um beispielsweise Artikel f\u00fcr die Bar zu lagern und es besteht Raum, um beispielsweise auf der Terrasse Kunden zu bedienen. Dieser Outdoor-Bar-Container ist in drei verschiedenen Versionen erh\u00e4ltlich: eine Outdoor-Bar mit 1 Markise, eine Outdoor-Bar mit 2 Markisen und eine Outdoor-Bar mit 3 Markisen. Diese Vord\u00e4cher k\u00f6nnen beliebig angebracht werden, zum Beispiel zwei Vord\u00e4cher nebeneinander auf der L\u00e4ngsseite oder drei Vord\u00e4cher auf einer Seite des Containers (wie im Bild und Video gezeigt). Letzteres eignet sich optimal f\u00fcr eine stark frequentierte Terrasse, sodass auf der einen Seite die G\u00e4ste an der Bar bedient werden k\u00f6nnen und auf der anderen Seite des Containers beispielsweise Platz f\u00fcr Bierf\u00e4sser ist.<\/p>\n<p>Dieser Outdoor-Barcontainer ist vielseitig einsetzbar. Der Outdoor Bar Container kann nat\u00fcrlich in der Gastronomie, in einem Restaurant oder Caf\u00e9 eingesetzt werden, aber auch bei einem Festival oder Event kann er zum Einsatz kommen. Nat\u00fcrlich muss der Container nicht immer f\u00fcr gesch\u00e4ftliche Zwecke genutzt werden, er kann auch im Garten aufgestellt werden, um Freunde und\/oder Familie zu empfangen, die auf einen Drink vorbeikommen.<\/p>\n<section class=\"elementor-section elementor-top-section elementor-element elementor-element-6cfe97b elementor-section-boxed elementor-section-height-default elementor-section-height-default\" data-id=\"6cfe97b\" data-element_type=\"section\">\n<div class=\"elementor-container elementor-column-gap-default\">\n<div class=\"elementor-column elementor-col-100 elementor-top-column elementor-element elementor-element-50d9227\" data-id=\"50d9227\" data-element_type=\"column\">\n<div class=\"elementor-widget-wrap elementor-element-populated\">\n<div class=\"elementor-element elementor-element-d3b361e elementor-widget elementor-widget-text-editor\" data-id=\"d3b361e\" data-element_type=\"widget\" data-widget_type=\"text-editor.default\">\n<div class=\"elementor-widget-container\">\n<h3>Warum einen zusammenklappbaren Beh\u00e4lter f\u00fcr eine Bar oder ein Gesch\u00e4ft kaufen?<\/h3>\n<div>Wir priorisieren zwei Ziele, die die Grundlage unseres Gesch\u00e4fts bilden:<\/div>\n<div><\/div>\n<\/div>\n<\/div>\n<\/div>\n<\/div>\n<\/div>\n<\/section>\n<section class=\"elementor-section elementor-top-section elementor-element elementor-element-45d7e6d elementor-section-boxed elementor-section-height-default elementor-section-height-default\" data-id=\"45d7e6d\" data-element_type=\"section\">\n<div class=\"elementor-container elementor-column-gap-default\">\n<div class=\"elementor-column elementor-col-50 elementor-top-column elementor-element elementor-element-7c433fd\" data-id=\"7c433fd\" data-element_type=\"column\">\n<div class=\"elementor-widget-wrap elementor-element-populated\">\n<div class=\"elementor-element elementor-element-7a19ae0 elementor-widget elementor-widget-text-editor\" data-id=\"7a19ae0\" data-element_type=\"widget\" data-widget_type=\"text-editor.default\">\n<div class=\"elementor-widget-container\">\n<h4>Kundenzufriedenheit<\/h4>\n<p>Wir sind stets bestrebt, unseren Kunden den bestm\u00f6glichen Service zu bieten und setzen alles daran, dies zu erreichen. F\u00fcr Fragen, Anmerkungen und eine professionelle Beratung stehen wir Ihnen jederzeit gerne zur Verf\u00fcgung.<\/p>\n<\/div>\n<\/div>\n<\/div>\n<\/div>\n<div class=\"elementor-column elementor-col-50 elementor-top-column elementor-element elementor-element-aa5a4f2\" data-id=\"aa5a4f2\" data-element_type=\"column\">\n<div class=\"elementor-widget-wrap elementor-element-populated\">\n<div class=\"elementor-element elementor-element-2740681 elementor-widget elementor-widget-text-editor\" data-id=\"2740681\" data-element_type=\"widget\" data-widget_type=\"text-editor.default\">\n<div class=\"elementor-widget-container\">\n<h4>Erstklassige Qualit\u00e4t<\/h4>\n<p>Wir bieten hohe Qualit\u00e4tsstandards mit mindestens einem Jahr Garantie. Indem wir diese hohen Standards auf unsere zusammenklappbaren Barbeh\u00e4lter anwenden, sorgen wir daf\u00fcr, dass sie leicht zu montieren sind und gleichzeitig dank ihrer Stahlplatten superstark und robust sind.<\/p>\n<\/div>\n<\/div>\n<\/div>\n<\/div>\n<\/div>\n<\/section>\n<section class=\"elementor-section elementor-top-section elementor-element elementor-element-4422d44 elementor-section-boxed elementor-section-height-default elementor-section-height-default\" data-id=\"4422d44\" data-element_type=\"section\">\n<div class=\"elementor-container elementor-column-gap-default\">\n<div class=\"elementor-column elementor-col-100 elementor-top-column elementor-element elementor-element-a464038\" data-id=\"a464038\" data-element_type=\"column\">\n<div class=\"elementor-widget-wrap elementor-element-populated\">\n<div class=\"elementor-element elementor-element-ffb43c2 elementor-widget elementor-widget-text-editor\" data-id=\"ffb43c2\" data-element_type=\"widget\" data-widget_type=\"text-editor.default\">\n<div class=\"elementor-widget-container\">\n<p>Der Outdoor-Barcontainer bietet zahlreiche Vorteile. Erstens ist der Container zerlegbar und kann ohne den Einsatz schwerer Werkzeuge einfach auf- und abgebaut werden. Da der Container abnehmbar ist, haben Sie zudem die M\u00f6glichkeit, die Paneele nach Ihren W\u00fcnschen zu positionieren und so die Markise flexibel dort aufzustellen, wo Sie m\u00f6chten. Zudem sind die Vord\u00e4cher abschlie\u00dfbar, sodass auch abends kein Unbefugter durch das Vordach in den Container gelangen kann. Ein weiterer gro\u00dfer Vorteil ist, dass der Outdoor-Barcontainer in allen klassischen RAL-Farben erh\u00e4ltlich ist und dies auch im Preis inbegriffen ist. Wir von Conteneurmontagerapide haben die Garantie des niedrigsten Preises in Frankreich. Das bedeutet, dass Sie f\u00fcr diesen Outdoor-Bar-Container nie zu viel bezahlen.<\/p>\n<p>Du hast Interesse oder noch Zweifel? Kontaktieren Sie uns also und wir helfen Ihnen gerne weiter!<\/p>\n<\/div>\n<\/div>\n<\/div>\n<\/div>\n<\/div>\n<\/section>","protected":false},"excerpt":{"rendered":"<p>Diese Variante unseres Barcontainers eignet sich optimal f\u00fcr den Einsatz als Outdoor-Bar auf der Terrasse.<\/p>\n<ul>\n<li>Zerlegbarer und selbstgebauter Barcontainer<\/li>\n<li>Au\u00dfenma\u00dfe (LxBxH): 5903,2 x 2289,7 x 2238,5 mm<\/li>\n<li>Innenma\u00dfe (LxBxH): 5741 x 2130 x 2230 mm<\/li>\n<li>Abmessungen der T\u00fcren: (L x H): 1750 x 1850 mm<\/li>\n<li>Vollst\u00e4ndig zerlegbar<\/li>\n<li>Disponible dans toutes les couleurs RAL<\/li>\n<li>Container\u00f6ffnungen sind gesichert<\/li>\n<li>Vollst\u00e4ndig selbsttragende Konstruktion, einschlie\u00dflich Boden<\/li>\n<\/ul>","protected":false},"featured_media":28660,"comment_status":"open","ping_status":"closed","template":"","meta":[],"product_brand":[],"product_cat":[110,100],"product_tag":[],"class_list":{"0":"post-28659","1":"product","2":"type-product","3":"status-publish","4":"has-post-thumbnail","6":"product_cat-conteneur-amenage","7":"product_cat-habitats-modulables","9":"first","10":"instock","11":"sale","12":"shipping-taxable","13":"purchasable","14":"product-type-variable"},"_links":{"self":[{"href":"https:\/\/apts-consmetal.com\/de\/wp-json\/wp\/v2\/product\/28659","targetHints":{"allow":["GET"]}}],"collection":[{"href":"https:\/\/apts-consmetal.com\/de\/wp-json\/wp\/v2\/product"}],"about":[{"href":"https:\/\/apts-consmetal.com\/de\/wp-json\/wp\/v2\/types\/product"}],"replies":[{"embeddable":true,"href":"https:\/\/apts-consmetal.com\/de\/wp-json\/wp\/v2\/comments?post=28659"}],"version-history":[{"count":0,"href":"https:\/\/apts-consmetal.com\/de\/wp-json\/wp\/v2\/product\/28659\/revisions"}],"wp:featuredmedia":[{"embeddable":true,"href":"https:\/\/apts-consmetal.com\/de\/wp-json\/wp\/v2\/media\/28660"}],"wp:attachment":[{"href":"https:\/\/apts-consmetal.com\/de\/wp-json\/wp\/v2\/media?parent=28659"}],"wp:term":[{"taxonomy":"product_brand","embeddable":true,"href":"https:\/\/apts-consmetal.com\/de\/wp-json\/wp\/v2\/product_brand?post=28659"},{"taxonomy":"product_cat","embeddable":true,"href":"https:\/\/apts-consmetal.com\/de\/wp-json\/wp\/v2\/product_cat?post=28659"},{"taxonomy":"product_tag","embeddable":true,"href":"https:\/\/apts-consmetal.com\/de\/wp-json\/wp\/v2\/product_tag?post=28659"}],"curies":[{"name":"wp","href":"https:\/\/api.w.org\/{rel}","templated":true}]}}