{"id":9,"date":"2025-05-14T02:37:09","date_gmt":"2025-05-14T00:37:09","guid":{"rendered":"http:\/\/localhost:8888\/Cont\/wordpress\/panier\/"},"modified":"2025-05-15T18:23:47","modified_gmt":"2025-05-15T16:23:47","slug":"panier","status":"publish","type":"page","link":"https:\/\/apts-consmetal.com\/de\/panier\/","title":{"rendered":"Korb"},"content":{"rendered":"<div data-block-name=\"woocommerce\/cart\" class=\"wp-block-woocommerce-cart alignwide is-loading\">\n<div data-block-name=\"woocommerce\/filled-cart-block\" class=\"wp-block-woocommerce-filled-cart-block\">\n<div data-block-name=\"woocommerce\/cart-items-block\" class=\"wp-block-woocommerce-cart-items-block\">\n<div data-block-name=\"woocommerce\/cart-line-items-block\" class=\"wp-block-woocommerce-cart-line-items-block\"><\/div>\n\n\n\n<div data-block-name=\"woocommerce\/cart-cross-sells-block\" class=\"wp-block-woocommerce-cart-cross-sells-block\">\n<h2 class=\"wp-block-heading has-large-font-size\">\u00c7a peut vous int\u00e9resser&#8230;<\/h2>\n\n\n\n<div data-block-name=\"woocommerce\/cart-cross-sells-products-block\" class=\"wp-block-woocommerce-cart-cross-sells-products-block\"><\/div>\n<\/div>\n<\/div>\n\n\n\n<div data-block-name=\"woocommerce\/cart-totals-block\" class=\"wp-block-woocommerce-cart-totals-block\">\n<div data-block-name=\"woocommerce\/cart-order-summary-block\" class=\"wp-block-woocommerce-cart-order-summary-block\">\n<div data-block-name=\"woocommerce\/cart-order-summary-heading-block\" class=\"wp-block-woocommerce-cart-order-summary-heading-block\"><\/div><div data-block-name=\"woocommerce\/cart-order-summary-coupon-form-block\" class=\"wp-block-woocommerce-cart-order-summary-coupon-form-block\"><\/div><div data-block-name=\"woocommerce\/cart-order-summary-totals-block\" class=\"wp-block-woocommerce-cart-order-summary-totals-block\">\n<div data-block-name=\"woocommerce\/cart-order-summary-subtotal-block\" class=\"wp-block-woocommerce-cart-order-summary-subtotal-block\"><\/div>\n<div data-block-name=\"woocommerce\/cart-order-summary-discount-block\" class=\"wp-block-woocommerce-cart-order-summary-discount-block\"><\/div>\n<div data-block-name=\"woocommerce\/cart-order-summary-fee-block\" class=\"wp-block-woocommerce-cart-order-summary-fee-block\"><\/div>\n<div data-block-name=\"woocommerce\/cart-order-summary-shipping-block\" class=\"wp-block-woocommerce-cart-order-summary-shipping-block\"><\/div>\n<div data-block-name=\"woocommerce\/cart-order-summary-taxes-block\" class=\"wp-block-woocommerce-cart-order-summary-taxes-block\"><\/div><\/div>\n<\/div>\n\n\n\n<div data-block-name=\"woocommerce\/cart-express-payment-block\" class=\"wp-block-woocommerce-cart-express-payment-block\"><\/div>\n\n\n\n<div data-block-name=\"woocommerce\/proceed-to-checkout-block\" class=\"wp-block-woocommerce-proceed-to-checkout-block\"><\/div>\n\n\n\n<div data-block-name=\"woocommerce\/cart-accepted-payment-methods-block\" class=\"wp-block-woocommerce-cart-accepted-payment-methods-block\"><\/div>\n<\/div>\n<\/div>\n\n\n\n<div data-block-name=\"woocommerce\/empty-cart-block\" class=\"wp-block-woocommerce-empty-cart-block\">\n<h2 class=\"wp-block-heading has-text-align-center with-empty-cart-icon wc-block-cart__empty-cart__title\">Votre panier est actuellement vide\u00a0!<\/h2>\n\n\n\n<hr class=\"wp-block-separator has-alpha-channel-opacity is-style-dots\"\/>\n\n\n\n<h2 class=\"wp-block-heading has-text-align-center\">Nouveau dans la boutique<\/h2>\n\n\n<div data-block-name=\"woocommerce\/product-new\" data-columns=\"4\" data-rows=\"1\" class=\"wc-block-grid wp-block-product-new wp-block-woocommerce-product-new wc-block-product-new has-4-columns\"><ul class=\"wc-block-grid__products\"><li class=\"wc-block-grid__product\">\n\t\t\t\t<a href=\"https:\/\/apts-consmetal.com\/de\/produkt\/bungalow-bureau-modele-stockholm-de-6x3-metres\/\" class=\"wc-block-grid__product-link\">\n\t\t\t\t\t<div class=\"wc-block-grid__product-onsale\">\n\t\t\t<span aria-hidden=\"true\" data-no-translation=\"\" data-trp-gettext=\"\">Angebot<\/span>\n\t\t\t<span class=\"screen-reader-text\" data-no-translation=\"\" data-trp-gettext=\"\">Produkt im Angebot<\/span>\n\t\t<\/div>\n\t\t\t\t\t<div class=\"wc-block-grid__product-image\"><img fetchpriority=\"high\" decoding=\"async\" width=\"430\" height=\"430\" src=\"https:\/\/apts-consmetal.com\/wp-content\/uploads\/2025\/05\/1-2-430x430.jpg?wsr\" class=\"attachment-woocommerce_thumbnail size-woocommerce_thumbnail\" alt=\"STOCKHOLMER MODELL-B\u00dcROBUNGALOW VON 6\u00d73 METERN\" srcset=\"https:\/\/apts-consmetal.com\/wp-content\/uploads\/2025\/05\/1-2-430x430.jpg 430w, https:\/\/apts-consmetal.com\/wp-content\/uploads\/2025\/05\/1-2-300x300.jpg 300w, https:\/\/apts-consmetal.com\/wp-content\/uploads\/2025\/05\/1-2-150x150.jpg 150w, https:\/\/apts-consmetal.com\/wp-content\/uploads\/2025\/05\/1-2-12x12.jpg 12w, https:\/\/apts-consmetal.com\/wp-content\/uploads\/2025\/05\/1-2.jpg 580w\" sizes=\"(max-width: 430px) 100vw, 430px\" title=\"\"><\/div>\n\t\t\t\t\t<div class=\"wc-block-grid__product-title\">STOCKHOLMER MODELL-B\u00dcROBUNGALOW VON 6\u00d73 METERN<\/div>\n\t\t\t\t<\/a>\n\t\t\t\t<div class=\"wc-block-grid__product-price price\"><del aria-hidden=\"true\"><span class=\"woocommerce-Price-amount amount\">12.995,00<span class=\"woocommerce-Price-currencySymbol\">\u20ac<\/span><\/span><\/del> <span class=\"screen-reader-text\" data-no-translation=\"\" data-trp-gettext=\"\">Urspr\u00fcnglicher Preis war: 12.995,00&euro;<\/span><ins aria-hidden=\"true\"><span class=\"woocommerce-Price-amount amount\">7.999,00<span class=\"woocommerce-Price-currencySymbol\">\u20ac<\/span><\/span><\/ins><span class=\"screen-reader-text\" data-no-translation=\"\" data-trp-gettext=\"\">Aktueller Preis ist: 7.999,00&euro;.<\/span><\/div>\n\t\t\t\t\n\t\t\t\t<div class=\"wp-block-button wc-block-grid__product-add-to-cart\"><a href=\"\/de\/wp-json\/wp\/v2\/pages\/9?add-to-cart=28919\" aria-label=\"In den Warenkorb legen: \u201eBUNGALOW BUREAU MOD\u00c8LE STOCKHOLM DE 6\u00d73 M\u00c8TRES\u201c\" data-quantity=\"1\" data-product_id=\"28919\" data-product_sku=\"ACMQ3865\" data-price=\"7999\" rel=\"nofollow\" class=\"wp-block-button__link  add_to_cart_button ajax_add_to_cart\" data-no-translation=\"\" data-trp-gettext=\"\" data-no-translation-aria-label=\"\">In den Warenkorb<\/a><\/div>\n\t\t\t<\/li><li class=\"wc-block-grid__product\">\n\t\t\t\t<a href=\"https:\/\/apts-consmetal.com\/de\/produkt\/bungalow-bureau-modele-helsinki-de-4x3-metres\/\" class=\"wc-block-grid__product-link\">\n\t\t\t\t\t<div class=\"wc-block-grid__product-onsale\">\n\t\t\t<span aria-hidden=\"true\" data-no-translation=\"\" data-trp-gettext=\"\">Angebot<\/span>\n\t\t\t<span class=\"screen-reader-text\" data-no-translation=\"\" data-trp-gettext=\"\">Produkt im Angebot<\/span>\n\t\t<\/div>\n\t\t\t\t\t<div class=\"wc-block-grid__product-image\"><img decoding=\"async\" width=\"430\" height=\"430\" src=\"https:\/\/apts-consmetal.com\/wp-content\/uploads\/2025\/05\/1-430x430.jpg?wsr\" class=\"attachment-woocommerce_thumbnail size-woocommerce_thumbnail\" alt=\"BUNGALOW-B\u00dcRO MODELL HELSINKI 4\u00d73 METER\" srcset=\"https:\/\/apts-consmetal.com\/wp-content\/uploads\/2025\/05\/1-430x430.jpg 430w, https:\/\/apts-consmetal.com\/wp-content\/uploads\/2025\/05\/1-300x300.jpg 300w, https:\/\/apts-consmetal.com\/wp-content\/uploads\/2025\/05\/1-150x150.jpg 150w, https:\/\/apts-consmetal.com\/wp-content\/uploads\/2025\/05\/1-12x12.jpg 12w, https:\/\/apts-consmetal.com\/wp-content\/uploads\/2025\/05\/1.jpg 580w\" sizes=\"(max-width: 430px) 100vw, 430px\" title=\"\"><\/div>\n\t\t\t\t\t<div class=\"wc-block-grid__product-title\">BUNGALOW-B\u00dcRO MODELL HELSINKI 4\u00d73 METER<\/div>\n\t\t\t\t<\/a>\n\t\t\t\t<div class=\"wc-block-grid__product-price price\"><del aria-hidden=\"true\"><span class=\"woocommerce-Price-amount amount\">9.195,00<span class=\"woocommerce-Price-currencySymbol\">\u20ac<\/span><\/span><\/del> <span class=\"screen-reader-text\" data-no-translation=\"\" data-trp-gettext=\"\">Urspr\u00fcnglicher Preis war: 9.195,00&euro;<\/span><ins aria-hidden=\"true\"><span class=\"woocommerce-Price-amount amount\">7.250,00<span class=\"woocommerce-Price-currencySymbol\">\u20ac<\/span><\/span><\/ins><span class=\"screen-reader-text\" data-no-translation=\"\" data-trp-gettext=\"\">Aktueller Preis ist: 7.250,00&euro;.<\/span><\/div>\n\t\t\t\t\n\t\t\t\t<div class=\"wp-block-button wc-block-grid__product-add-to-cart\"><a href=\"\/de\/wp-json\/wp\/v2\/pages\/9?add-to-cart=28910\" aria-label=\"In den Warenkorb legen: \u201eBUNGALOW BUREAU MOD\u00c8LE HELSINKI DE 4\u00d73 M\u00c8TRES\u201c\" data-quantity=\"1\" data-product_id=\"28910\" data-product_sku=\"ACML9CJ2\" data-price=\"7250\" rel=\"nofollow\" class=\"wp-block-button__link  add_to_cart_button ajax_add_to_cart\" data-no-translation=\"\" data-trp-gettext=\"\" data-no-translation-aria-label=\"\">In den Warenkorb<\/a><\/div>\n\t\t\t<\/li><li class=\"wc-block-grid__product\">\n\t\t\t\t<a href=\"https:\/\/apts-consmetal.com\/de\/produkt\/conteneur-datelier-de-10-pieds\/\" class=\"wc-block-grid__product-link\">\n\t\t\t\t\t<div class=\"wc-block-grid__product-onsale\">\n\t\t\t<span aria-hidden=\"true\" data-no-translation=\"\" data-trp-gettext=\"\">Angebot<\/span>\n\t\t\t<span class=\"screen-reader-text\" data-no-translation=\"\" data-trp-gettext=\"\">Produkt im Angebot<\/span>\n\t\t<\/div>\n\t\t\t\t\t<div class=\"wc-block-grid__product-image\"><img decoding=\"async\" width=\"430\" height=\"323\" src=\"https:\/\/apts-consmetal.com\/wp-content\/uploads\/2025\/05\/a20d56ee46e1_10ft_wc_01-430x323.jpeg?wsr\" class=\"attachment-woocommerce_thumbnail size-woocommerce_thumbnail\" alt=\"10 Fu\u00df Werkstattcontainer\" srcset=\"https:\/\/apts-consmetal.com\/wp-content\/uploads\/2025\/05\/a20d56ee46e1_10ft_wc_01-430x323.jpeg 430w, https:\/\/apts-consmetal.com\/wp-content\/uploads\/2025\/05\/a20d56ee46e1_10ft_wc_01-400x300.jpeg 400w, https:\/\/apts-consmetal.com\/wp-content\/uploads\/2025\/05\/a20d56ee46e1_10ft_wc_01-16x12.jpeg 16w, https:\/\/apts-consmetal.com\/wp-content\/uploads\/2025\/05\/a20d56ee46e1_10ft_wc_01-150x113.jpeg 150w, https:\/\/apts-consmetal.com\/wp-content\/uploads\/2025\/05\/a20d56ee46e1_10ft_wc_01.jpeg 700w\" sizes=\"(max-width: 430px) 100vw, 430px\" title=\"\"><\/div>\n\t\t\t\t\t<div class=\"wc-block-grid__product-title\">10 Fu\u00df Werkstattcontainer<\/div>\n\t\t\t\t<\/a>\n\t\t\t\t<div class=\"wc-block-grid__product-price price\"><del aria-hidden=\"true\"><span class=\"woocommerce-Price-amount amount\">6.000,00<span class=\"woocommerce-Price-currencySymbol\">\u20ac<\/span><\/span><\/del> <span class=\"screen-reader-text\" data-no-translation=\"\" data-trp-gettext=\"\">Urspr\u00fcnglicher Preis war: 6.000,00&euro;<\/span><ins aria-hidden=\"true\"><span class=\"woocommerce-Price-amount amount\">3.700,00<span class=\"woocommerce-Price-currencySymbol\">\u20ac<\/span><\/span><\/ins><span class=\"screen-reader-text\" data-no-translation=\"\" data-trp-gettext=\"\">Aktueller Preis ist: 3.700,00&euro;.<\/span><\/div>\n\t\t\t\t\n\t\t\t\t<div class=\"wp-block-button wc-block-grid__product-add-to-cart\"><a href=\"\/de\/wp-json\/wp\/v2\/pages\/9?add-to-cart=28895\" aria-label=\"In den Warenkorb legen: \u201eConteneur d&#039;atelier de 10 pieds\u201c\" data-quantity=\"1\" data-product_id=\"28895\" data-product_sku=\"ACMKZ2X3\" data-price=\"3700\" rel=\"nofollow\" class=\"wp-block-button__link  add_to_cart_button ajax_add_to_cart\" data-no-translation=\"\" data-trp-gettext=\"\" data-no-translation-aria-label=\"\">In den Warenkorb<\/a><\/div>\n\t\t\t<\/li><li class=\"wc-block-grid__product\">\n\t\t\t\t<a href=\"https:\/\/apts-consmetal.com\/de\/produkt\/conteneur-despace-de-travail-de-8-pieds\/\" class=\"wc-block-grid__product-link\">\n\t\t\t\t\t<div class=\"wc-block-grid__product-onsale\">\n\t\t\t<span aria-hidden=\"true\" data-no-translation=\"\" data-trp-gettext=\"\">Angebot<\/span>\n\t\t\t<span class=\"screen-reader-text\" data-no-translation=\"\" data-trp-gettext=\"\">Produkt im Angebot<\/span>\n\t\t<\/div>\n\t\t\t\t\t<div class=\"wc-block-grid__product-image\"><img loading=\"lazy\" decoding=\"async\" width=\"430\" height=\"323\" src=\"https:\/\/apts-consmetal.com\/wp-content\/uploads\/2025\/05\/a20d56ee46e1_1-1-430x323.jpeg?wsr\" class=\"attachment-woocommerce_thumbnail size-woocommerce_thumbnail\" alt=\"8-Fu\u00df-Arbeitsplatzcontainer\" srcset=\"https:\/\/apts-consmetal.com\/wp-content\/uploads\/2025\/05\/a20d56ee46e1_1-1-430x323.jpeg 430w, https:\/\/apts-consmetal.com\/wp-content\/uploads\/2025\/05\/a20d56ee46e1_1-1-400x300.jpeg 400w, https:\/\/apts-consmetal.com\/wp-content\/uploads\/2025\/05\/a20d56ee46e1_1-1-16x12.jpeg 16w, https:\/\/apts-consmetal.com\/wp-content\/uploads\/2025\/05\/a20d56ee46e1_1-1-150x113.jpeg 150w, https:\/\/apts-consmetal.com\/wp-content\/uploads\/2025\/05\/a20d56ee46e1_1-1.jpeg 700w\" sizes=\"(max-width: 430px) 100vw, 430px\" title=\"\"><\/div>\n\t\t\t\t\t<div class=\"wc-block-grid__product-title\">8-Fu\u00df-Arbeitsplatzcontainer<\/div>\n\t\t\t\t<\/a>\n\t\t\t\t<div class=\"wc-block-grid__product-price price\"><del aria-hidden=\"true\"><span class=\"woocommerce-Price-amount amount\">5.800,00<span class=\"woocommerce-Price-currencySymbol\">\u20ac<\/span><\/span><\/del> <span class=\"screen-reader-text\" data-no-translation=\"\" data-trp-gettext=\"\">Urspr\u00fcnglicher Preis war: 5.800,00&euro;<\/span><ins aria-hidden=\"true\"><span class=\"woocommerce-Price-amount amount\">3.120,00<span class=\"woocommerce-Price-currencySymbol\">\u20ac<\/span><\/span><\/ins><span class=\"screen-reader-text\" data-no-translation=\"\" data-trp-gettext=\"\">Aktueller Preis ist: 3.120,00&euro;.<\/span><\/div>\n\t\t\t\t\n\t\t\t\t<div class=\"wp-block-button wc-block-grid__product-add-to-cart\"><a href=\"\/de\/wp-json\/wp\/v2\/pages\/9?add-to-cart=28885\" aria-label=\"In den Warenkorb legen: \u201eConteneur d&#039;espace de travail de 8 pieds\u201c\" data-quantity=\"1\" data-product_id=\"28885\" data-product_sku=\"ACMCWR71\" data-price=\"3120\" rel=\"nofollow\" class=\"wp-block-button__link  add_to_cart_button ajax_add_to_cart\" data-no-translation=\"\" data-trp-gettext=\"\" data-no-translation-aria-label=\"\">In den Warenkorb<\/a><\/div>\n\t\t\t<\/li><\/ul><\/div><\/div>\n<\/div>","protected":false},"excerpt":{"rendered":"","protected":false},"author":1,"featured_media":0,"parent":0,"menu_order":0,"comment_status":"closed","ping_status":"closed","template":"","meta":{"footnotes":""},"class_list":["post-9","page","type-page","status-publish","hentry"],"_links":{"self":[{"href":"https:\/\/apts-consmetal.com\/de\/wp-json\/wp\/v2\/pages\/9","targetHints":{"allow":["GET"]}}],"collection":[{"href":"https:\/\/apts-consmetal.com\/de\/wp-json\/wp\/v2\/pages"}],"about":[{"href":"https:\/\/apts-consmetal.com\/de\/wp-json\/wp\/v2\/types\/page"}],"author":[{"embeddable":true,"href":"https:\/\/apts-consmetal.com\/de\/wp-json\/wp\/v2\/users\/1"}],"replies":[{"embeddable":true,"href":"https:\/\/apts-consmetal.com\/de\/wp-json\/wp\/v2\/comments?post=9"}],"version-history":[{"count":0,"href":"https:\/\/apts-consmetal.com\/de\/wp-json\/wp\/v2\/pages\/9\/revisions"}],"wp:attachment":[{"href":"https:\/\/apts-consmetal.com\/de\/wp-json\/wp\/v2\/media?parent=9"}],"curies":[{"name":"wp","href":"https:\/\/api.w.org\/{rel}","templated":true}]}}