{"id":3,"date":"2025-05-14T02:33:00","date_gmt":"2025-05-14T00:33:00","guid":{"rendered":"http:\/\/localhost:8888\/Cont\/wordpress\/?page_id=3"},"modified":"2025-05-23T12:01:43","modified_gmt":"2025-05-23T10:01:43","slug":"politique-de-confidentialite","status":"publish","type":"page","link":"https:\/\/apts-consmetal.com\/de\/politique-de-confidentialite\/","title":{"rendered":"Datenschutzrichtlinie"},"content":{"rendered":"<div data-elementor-type=\"wp-page\" data-elementor-id=\"3\" class=\"elementor elementor-3\" data-elementor-post-type=\"page\">\n\t\t\t\t<div class=\"wd-negative-gap elementor-element elementor-element-73698263 e-flex e-con-boxed e-con e-parent\" data-id=\"73698263\" data-element_type=\"container\">\n\t\t\t\t\t<div class=\"e-con-inner\">\n\t\t\t\t<div class=\"elementor-element elementor-element-3a141127 color-scheme-inherit text-left elementor-widget elementor-widget-text-editor\" data-id=\"3a141127\" data-element_type=\"widget\" data-widget_type=\"text-editor.default\">\n\t\t\t\t<div class=\"elementor-widget-container\">\n\t\t\t\t\t\t\t\t\t\n<h2 class=\"wp-block-heading\">Einf\u00fchrung<\/h2>\n<p>Im Haus von\u00a0<strong>APTS CONS M\u00c9TAL<\/strong>Wir verpflichten uns, die Vertraulichkeit Ihrer personenbezogenen Daten zu sch\u00fctzen. Diese Datenschutzrichtlinie soll Sie dar\u00fcber informieren, wie wir die auf unserer Website gesammelten Informationen erfassen, verwenden, sch\u00fctzen und weitergeben. Durch die Nutzung unserer Site akzeptieren Sie die in dieser Datenschutzrichtlinie beschriebenen Praktiken.<\/p>\n<h3 class=\"wp-block-heading\">1. Verantwortlicher<\/h3>\n<p><strong>APTS CONS M\u00c9TAL<\/strong><br \/>Adresse: 20 RUE SCHNAPPER, 78100 SAINT-GERMAIN-EN-LAYE<br \/>Telefon : <a href=\"tel:+33 06 99 36 81 17\">+33 06 99 36 81 17<\/a><br \/>E-Mail:\u00a0<a>contact@apts-consmetal.com<\/a><\/p>\n<h3 class=\"wp-block-heading\">2. Erfasste Daten<\/h3>\n<p>Wenn Sie unsere Site durchsuchen und verwenden, erfassen wir verschiedene Kategorien von Daten, darunter:<\/p>\n<ul class=\"wp-block-list\">\n<li><strong>Identifikationsdaten<\/strong>\u00a0: Name, Vorname, E-Mail-Adresse, Telefonnummer.<\/li>\n<li><strong>Verbindungs- und Navigationsdaten<\/strong>\u00a0: IP-Adresse, Browsertyp, aufgerufene Seiten, Dauer des Besuchs.<\/li>\n<li><strong>Bestelldaten<\/strong>\u00a0: Informationen, die im Rahmen eines Angebots oder einer Kaufanfrage bereitgestellt werden, einschlie\u00dflich Liefer- und Rechnungsadressen.<\/li>\n<li><strong>Cookie-Hinweis<\/strong>\u00a0: Auf Ihrem Ger\u00e4t aufgezeichnete Informationen zur Verbesserung des Benutzererlebnisses und zur Durchf\u00fchrung statistischer Analysen.<\/li>\n<\/ul>\n<h3 class=\"wp-block-heading\">3. Verwendung von Daten<\/h3>\n<p>Die erhobenen Daten werden im Rahmen folgender Zwecke verwendet:<\/p>\n<ul class=\"wp-block-list\">\n<li><strong>Auftragsverwaltung<\/strong>\u00a0: Bearbeitung von Angebotsanfragen, Nachverfolgung von Bestellungen, Lieferung von Produkten.<\/li>\n<li><strong>Verbesserung des Kundenservice<\/strong>\u00a0: Personalisierung von Antworten, Beschwerdemanagement.<\/li>\n<li><strong>La Kommunikationsmarketing<\/strong>\u00a0: Zusendung von Informationen zu Angeboten, Neuigkeiten und Dienstleistungen (mit Ihrer Zustimmung).<\/li>\n<li><strong>Analyse und Sicherheit<\/strong>\u00a0: sammelt Informationen zu Analyse- und Sicherheitszwecken, um die Site zu optimieren und Daten zu sch\u00fctzen.<\/li>\n<\/ul>\n<h3 class=\"wp-block-heading\">4. Weitergabe von Daten<\/h3>\n<p>Eine Weitergabe Ihrer personenbezogenen Daten an Dritte erfolgt nur in folgenden F\u00e4llen:<\/p>\n<ul class=\"wp-block-list\">\n<li><strong>Dienstleister<\/strong>\u00a0: zur Zahlungsabwicklung, Auftragslieferung und Analyse der Site-Leistung.<\/li>\n<li><strong>Rechtliche Verpflichtungen<\/strong>\u00a0: im Rahmen der Einhaltung der geltenden Gesetze und Vorschriften.<\/li>\n<li><strong>Vorherige Genehmigung<\/strong>\u00a0: wenn Sie der Weitergabe bestimmter Informationen ausdr\u00fccklich zugestimmt haben.<\/li>\n<\/ul>\n<h3 class=\"wp-block-heading\">5. Dauer der Datenspeicherung<\/h3>\n<p>Personenbezogene Daten werden f\u00fcr den Zeitraum gespeichert, der f\u00fcr die Zwecke, f\u00fcr die sie erhoben wurden, erforderlich ist. Daten k\u00f6nnen f\u00fcr l\u00e4ngere Zeitr\u00e4ume gespeichert werden, wenn dies aufgrund gesetzlicher Verpflichtungen erforderlich ist, beispielsweise zur Einhaltung steuerlicher und buchhalterischer Anforderungen. Die Standardaufbewahrungsfrist betr\u00e4gt\u00a0<strong>5 Jahre nach Beendigung des Vertragsverh\u00e4ltnisses<\/strong>\u00a0f\u00fcr Kundendaten.<\/p>\n<h3 class=\"wp-block-heading\">6. Datensicherheit<\/h3>\n<p>Wir setzen organisatorische und technische Sicherheitsma\u00dfnahmen ein, um Ihre Daten vor unberechtigtem Zugriff, Ver\u00e4nderung, Weitergabe oder Zerst\u00f6rung zu sch\u00fctzen. Der Zugriff auf Ihre Daten ist ausschlie\u00dflich autorisierten Personen vorbehalten, die diesen Zugriff zur Durchf\u00fchrung ihrer Arbeit ben\u00f6tigen.<\/p>\n<h3 class=\"wp-block-heading\">7. Nutzerrechte<\/h3>\n<p>Gem\u00e4\u00df den DSGVO-Bestimmungen haben Sie folgende Rechte:<\/p>\n<ul class=\"wp-block-list\">\n<li><strong>Auskunftsrecht<\/strong>\u00a0: Erhalten Sie eine Best\u00e4tigung dar\u00fcber, dass Ihre Daten verarbeitet werden, und erhalten Sie Zugriff auf Informationen dar\u00fcber.<\/li>\n<li><strong>Recht auf Berichtigung<\/strong>\u00a0: Fordern Sie die Korrektur Ihrer personenbezogenen Daten an, wenn diese ungenau sind.<\/li>\n<li><strong>Recht auf L\u00f6schung<\/strong>\u00a0: Fordern Sie in bestimmten Situationen die L\u00f6schung Ihrer Daten an.<\/li>\n<li><strong>Verj\u00e4hrungsrecht<\/strong>\u00a0: die Verarbeitung Ihrer Daten in bestimmten F\u00e4llen vor\u00fcbergehend einschr\u00e4nken.<\/li>\n<li><strong>Widerspruchsrecht<\/strong>\u00a0: Widerspruch gegen die Verarbeitung Ihrer personenbezogenen Daten zu Zwecken des Direktmarketings einlegen.<\/li>\n<li><strong>Recht auf Portabilit\u00e4t<\/strong>\u00a0: Erhalten Sie Ihre Daten in einem strukturierten und allgemein verwendeten Format.<\/li>\n<\/ul>\n<p>Um Ihre Rechte auszu\u00fcben, kontaktieren Sie uns bitte unter <strong><a>contact@apts-consmetal.com.<\/a><\/strong><\/p>\n<h3 class=\"wp-block-heading\">8. Cookie-Verwaltung<\/h3>\n<p>Wenn Sie unsere Website besuchen, k\u00f6nnen Cookies auf Ihrem Ger\u00e4t abgelegt werden. Diese Cookies werden verwendet, um:<\/p>\n<ul class=\"wp-block-list\">\n<li>Erleichtern Sie die Navigation auf der Site<\/li>\n<li>Verbessern Sie die Site-Leistung durch statistische Analysen<\/li>\n<li>Zeigen Sie zielgerichtete Anzeigen an<\/li>\n<\/ul>\n<p>Sie k\u00f6nnen Ihren Browser so konfigurieren, dass er Cookies ablehnt oder Sie benachrichtigt werden, wenn sie platziert werden. Wenn Sie dies jedoch ablehnen, kann es sein, dass einige Funktionen der Site beeintr\u00e4chtigt werden.<\/p>\n<h3 class=\"wp-block-heading\">9. \u00c4nderungen der Datenschutzrichtlinie<\/h3>\n<p><strong>APTS CONS M\u00c9TAL<\/strong>\u00a0beh\u00e4lt sich das Recht vor, diese Datenschutzrichtlinie jederzeit zu \u00e4ndern, um sie an gesetzliche und regulatorische Entwicklungen anzupassen. Alle \u00c4nderungen werden auf dieser Seite ver\u00f6ffentlicht und wir empfehlen Ihnen, sie regelm\u00e4\u00dfig durchzusehen.<\/p>\n<h3 class=\"wp-block-heading\">10. Kontakt<\/h3>\n<p>Bei Fragen zu unserer Datenschutzrichtlinie oder zur Aus\u00fcbung Ihrer Rechte wenden Sie sich bitte an unser Team unter <strong><a>contact@apts-consmetal.com<\/a><\/strong>\u00a0oder per Post an folgende Adresse:<\/p>\n<p><strong>APTS CONS M\u00c9TAL<\/strong><br \/>20 rue SCHNAPPER, 78100 SAINT-GERMAIN-EN-LAYE<\/p>\t\t\t\t\t\t\t\t<\/div>\n\t\t\t\t<\/div>\n\t\t\t\t\t<\/div>\n\t\t\t\t<\/div>\n\t\t\t\t<\/div>","protected":false},"excerpt":{"rendered":"<p>Introduction Chez\u00a0APTS CONS M\u00c9TAL, nous nous engageons \u00e0 prot\u00e9ger la confidentialit\u00e9 de vos donn\u00e9es personnelles. Cette politique de confidentialit\u00e9 vise<\/p>","protected":false},"author":1,"featured_media":0,"parent":0,"menu_order":0,"comment_status":"closed","ping_status":"open","template":"","meta":{"footnotes":""},"class_list":["post-3","page","type-page","status-publish","hentry"],"_links":{"self":[{"href":"https:\/\/apts-consmetal.com\/de\/wp-json\/wp\/v2\/pages\/3","targetHints":{"allow":["GET"]}}],"collection":[{"href":"https:\/\/apts-consmetal.com\/de\/wp-json\/wp\/v2\/pages"}],"about":[{"href":"https:\/\/apts-consmetal.com\/de\/wp-json\/wp\/v2\/types\/page"}],"author":[{"embeddable":true,"href":"https:\/\/apts-consmetal.com\/de\/wp-json\/wp\/v2\/users\/1"}],"replies":[{"embeddable":true,"href":"https:\/\/apts-consmetal.com\/de\/wp-json\/wp\/v2\/comments?post=3"}],"version-history":[{"count":0,"href":"https:\/\/apts-consmetal.com\/de\/wp-json\/wp\/v2\/pages\/3\/revisions"}],"wp:attachment":[{"href":"https:\/\/apts-consmetal.com\/de\/wp-json\/wp\/v2\/media?parent=3"}],"curies":[{"name":"wp","href":"https:\/\/api.w.org\/{rel}","templated":true}]}}