{"id":28797,"date":"2025-05-22T02:00:01","date_gmt":"2025-05-22T00:00:01","guid":{"rendered":"http:\/\/localhost:8888\/Cont\/wordpress\/?page_id=28797"},"modified":"2025-05-23T12:00:36","modified_gmt":"2025-05-23T10:00:36","slug":"mentions-legales","status":"publish","type":"page","link":"https:\/\/apts-consmetal.com\/de\/mentions-legales\/","title":{"rendered":"Rechtliche Hinweise"},"content":{"rendered":"<h3 class=\"wp-block-heading\">Site-Editor<\/h3>\n\n\n\n<p>Diese Website ist unter der Adresse erreichbar <a class=\"\" href=\"https:\/\/apts-consmetal.com\/de\/\">https:\/\/www.apts-consmetal.com<\/a>, wird herausgegeben von:<\/p>\n\n\n\n<p><strong>APTS CONSTRUCTIONS M\u00c9TALLIQUES<\/strong><br>SARL mit einem Stammkapital von 3.000 \u20ac<br>Eingetragen im Handels- und Gesellschaftsregister von Versailles unter der Nummer <strong>892 596 040<\/strong><br>GERADE : <strong>892 596 040 00014<\/strong><br>Innergemeinschaftliche Umsatzsteuer-Identifikationsnummer: <strong>FR21892596040<\/strong><br>Code APE: <strong>43.99B \u2013 Montagearbeiten an Metallkonstruktionen<\/strong><br>Hauptsitz: 20 rue Schnapper, 78100 Saint-Germain-en-Laye<br>Gesetzlicher Vertreter \/ Publikationsleiter: <strong>Rodrigues Tavares Amilcar<\/strong><br>E-Mail: <a>contact@apts-consmetal.com<\/a><\/p>\n\n\n\n<p>Das Unternehmen APTS CONSTRUCTIONS M\u00c9TALIQUES ist \u00fcber seine Website t\u00e4tig <strong>apts-consmetal.com<\/strong> um seinen Metallbau und die dazugeh\u00f6rigen Dienstleistungen vorzustellen.<\/p>\n\n\n\n<hr class=\"wp-block-separator has-alpha-channel-opacity\"\/>\n\n\n\n<h3 class=\"wp-block-heading\">Gastgeber<\/h3>\n\n\n\n<p>Die Site wird gehostet von:<br><strong>OVH SAS<\/strong><br>Adresse: 2 rue Kellermann \u2013 59100 Roubaix \u2013 Frankreich<br><\/p>\n\n\n\n<hr class=\"wp-block-separator has-alpha-channel-opacity\"\/>\n\n\n\n<h3 class=\"wp-block-heading\">Geistiges Eigentum<\/h3>\n\n\n\n<p>Alle Inhalte der Website (Texte, Bilder, Grafiken, Logos, Symbole, Dateien usw.) sind das ausschlie\u00dfliche Eigentum von <strong>APTS CONSTRUCTIONS M\u00c9TALLIQUES<\/strong>, sofern nicht anders angegeben.<br>Jede vollst\u00e4ndige oder teilweise Reproduktion, Darstellung, \u00c4nderung, Ver\u00f6ffentlichung, \u00dcbertragung oder Verf\u00e4lschung der Site oder ihres Inhalts durch jedwedes Verfahren ist ohne die ausdr\u00fcckliche Genehmigung des Unternehmens verboten und stellt eine F\u00e4lschung dar, die gem\u00e4\u00df den Artikeln L.335-2 ff. strafbar ist. des Gesetzes zum geistigen Eigentum.<\/p>\n\n\n\n<hr class=\"wp-block-separator has-alpha-channel-opacity\"\/>\n\n\n\n<h3 class=\"wp-block-heading\">personenbezogene Daten<\/h3>\n\n\n\n<p>Die \u00fcber die Formulare der Website gesammelten Informationen unterliegen einer computergest\u00fctzten Verarbeitung, die ausschlie\u00dflich f\u00fcr APTS CONSTRUCTIONS M\u00c9TALIQUES bestimmt ist, und werden ohne Zustimmung niemals an Dritte weitergegeben.<br>Gem\u00e4\u00df dem franz\u00f6sischen Datenschutzgesetz vom 6. Januar 1978 in der ge\u00e4nderten Fassung und der DSGVO (Datenschutz-Grundverordnung) haben Sie das Recht auf Zugriff, Berichtigung, L\u00f6schung, Widerspruch, Einschr\u00e4nkung der Verarbeitung und \u00dcbertragung Ihrer personenbezogenen Daten.<br>Bei Fragen k\u00f6nnen Sie uns gerne schreiben an: <strong><a>contact@apts-consmetal.com<\/a><\/strong>.<\/p>\n\n\n\n<hr class=\"wp-block-separator has-alpha-channel-opacity\"\/>\n\n\n\n<h3 class=\"wp-block-heading\">Cookie-Hinweis<\/h3>\n\n\n\n<p>Die Site kann Cookies platzieren, um das Benutzererlebnis zu verbessern, insbesondere f\u00fcr statistische oder Navigationszwecke. Sie k\u00f6nnen Cookies in Ihrem Browser ablehnen oder konfigurieren.<\/p>\n\n\n\n<hr class=\"wp-block-separator has-alpha-channel-opacity\"\/>\n\n\n\n<h3 class=\"wp-block-heading\">Verantwortung<\/h3>\n\n\n\n<p>APTS CONSTRUCTIONS M\u00c9TALIQUES ist bestrebt, auf seiner Site m\u00f6glichst genaue Informationen bereitzustellen. Sie kann jedoch nicht f\u00fcr Auslassungen, Ungenauigkeiten oder M\u00e4ngel bei der Aktualisierung von Informationen verantwortlich gemacht werden, unabh\u00e4ngig davon, ob diese von ihr selbst oder von Drittpartnern verursacht wurden.<\/p>\n\n\n\n<p><\/p>","protected":false},"excerpt":{"rendered":"<p>\u00c9diteur du site Le pr\u00e9sent site, accessible \u00e0 l\u2019adresse https:\/\/www.apts-consmetal.com, est \u00e9dit\u00e9 par : APTS CONSTRUCTIONS M\u00c9TALLIQUESSARL au capital social<\/p>","protected":false},"author":1,"featured_media":0,"parent":0,"menu_order":0,"comment_status":"closed","ping_status":"closed","template":"","meta":{"footnotes":""},"class_list":["post-28797","page","type-page","status-publish","hentry"],"_links":{"self":[{"href":"https:\/\/apts-consmetal.com\/de\/wp-json\/wp\/v2\/pages\/28797","targetHints":{"allow":["GET"]}}],"collection":[{"href":"https:\/\/apts-consmetal.com\/de\/wp-json\/wp\/v2\/pages"}],"about":[{"href":"https:\/\/apts-consmetal.com\/de\/wp-json\/wp\/v2\/types\/page"}],"author":[{"embeddable":true,"href":"https:\/\/apts-consmetal.com\/de\/wp-json\/wp\/v2\/users\/1"}],"replies":[{"embeddable":true,"href":"https:\/\/apts-consmetal.com\/de\/wp-json\/wp\/v2\/comments?post=28797"}],"version-history":[{"count":0,"href":"https:\/\/apts-consmetal.com\/de\/wp-json\/wp\/v2\/pages\/28797\/revisions"}],"wp:attachment":[{"href":"https:\/\/apts-consmetal.com\/de\/wp-json\/wp\/v2\/media?parent=28797"}],"curies":[{"name":"wp","href":"https:\/\/api.w.org\/{rel}","templated":true}]}}