{"id":28331,"date":"2025-05-16T01:19:02","date_gmt":"2025-05-15T23:19:02","guid":{"rendered":"http:\/\/localhost:8888\/Cont\/wordpress\/?page_id=28331"},"modified":"2025-05-22T13:01:03","modified_gmt":"2025-05-22T11:01:03","slug":"expeditions-et-retours","status":"publish","type":"page","link":"https:\/\/apts-consmetal.com\/de\/expeditions-et-retours\/","title":{"rendered":"Lieferung und R\u00fccksendungen"},"content":{"rendered":"<h2 class=\"wp-block-heading\">Verf\u00fcgbare Liefermethoden f\u00fcr Ihren Seecontainerkauf<\/h2>\n\n\n\n<p>Im Haus von&nbsp;<strong>APTS CONS M\u00c9TAL<\/strong>bieten wir Ihnen die Flexibilit\u00e4t, zwischen einer Lieferung mit oder ohne Entladung an die Adresse Ihrer Wahl zu w\u00e4hlen.<\/p>\n\n\n\n<h4 class=\"wp-block-heading\"><strong>Lieferung mit Entladung<\/strong><\/h4>\n\n\n\n<p>Diese Komplettoption beinhaltet die Anlieferung des Containers zum gew\u00fcnschten Ort inklusive Entladeservice per Kran. Dadurch kann der Container in einem Radius von 5 bis 6 Metern um das Fahrzeug herum positioniert werden. Ob auf Betonplatte, Unterlegplatten oder speziellen Keilen, wir k\u00fcmmern uns um die Aufstellung Ihres Containers und bieten Ihnen somit einen schl\u00fcsselfertigen Service.<\/p>\n\n\n\n<h4 class=\"wp-block-heading\"><strong>Lieferung ohne Entladen<\/strong><\/h4>\n\n\n\n<p>Wenn Sie bereits \u00fcber die n\u00f6tige Ausr\u00fcstung zum Entladen verf\u00fcgen, wie etwa einen Gabelstapler, einen Kran oder einen Br\u00fcckenkran, ist diese Option ideal. Der Container wird an die angegebene Adresse geliefert, Sie sind jedoch f\u00fcr das Entladen und Aufstellen verantwortlich.<\/p>\n\n\n\n<h4 class=\"wp-block-heading\"><strong>Unser Versprechen: Schnelle und sichere Lieferung<\/strong><\/h4>\n\n\n\n<p><strong>APTS CONS M\u00c9TAL<\/strong>&nbsp;setzt sich daf\u00fcr ein, dass Ihre Container dank unseres Netzwerks professioneller Spediteure schnell und zuverl\u00e4ssig ausgeliefert werden. Wir sorgen daf\u00fcr, dass Ihre Bestellung im bestm\u00f6glichen Zustand und innerhalb der vereinbarten Zeit dort eintrifft, wo Sie sie ben\u00f6tigen.<\/p>\n\n\n\n<h4 class=\"wp-block-heading\"><strong>Lieferzeiten f\u00fcr unsere Container<\/strong><\/h4>\n\n\n\n<p>Vorbehaltlich der Lagerverf\u00fcgbarkeit betr\u00e4gt die Lieferzeit f\u00fcr das franz\u00f6sische Festland und Korsika in der Regel 4 bis 5 Werktage ab Best\u00e4tigung Ihrer Bestellung. F\u00fcr Lieferungen in die franz\u00f6sischen \u00dcberseedepartements und -gebiete oder ins Ausland wird ein spezifisches Angebot erstellt.<\/p>\n\n\n\n<p>Im Falle einer unvorhergesehenen Verz\u00f6gerung,&nbsp;<strong>APTS CONS M\u00c9TAL<\/strong>&nbsp;kann nicht zur Verantwortung gezogen werden und es besteht kein Anspruch auf Entsch\u00e4digung. Sollte das bestellte Produkt nicht mehr verf\u00fcgbar sein, werden Sie umgehend informiert und k\u00f6nnen zwischen einer R\u00fcckerstattung oder einem Umtausch w\u00e4hlen.<\/p>\n\n\n\n<h4 class=\"wp-block-heading\"><strong>Lieferbedingungen<\/strong><\/h4>\n\n\n\n<p>Die Lieferung erfolgt nach Zahlungsbest\u00e4tigung durch unsere Bank. Es gelten die oben genannten Fristen ab Eingang der best\u00e4tigten Bestellung. Bei einer Verz\u00f6gerung von mehr als einem Monat k\u00f6nnen Sie die Bestellung stornieren und eine volle R\u00fcckerstattung erhalten.<\/p>\n\n\n\n<p>Die Lieferung der Produkte erfolgt an die bei der Bestellung angegebene Adresse. Im Falle eines Adressfehlers gehen die Kosten f\u00fcr die R\u00fccksendung zu Ihren Lasten. Sollten Sie bei der Zustellung nicht anwesend sein, hinterlassen wir eine Benachrichtigungskarte, damit Sie Ihr Paket abholen k\u00f6nnen.<\/p>\n\n\n\n<p>Sollte die Verpackung beim Erhalt besch\u00e4digt sein, pr\u00fcfen Sie unbedingt den Zustand der Artikel. Bei Besch\u00e4digungen lehnen Sie die Annahme des Pakets ab und vermerken Sie einen Vorbehalt auf dem Lieferschein.<\/p>\n\n\n\n<h4 class=\"wp-block-heading\"><strong>Im Falle eines Lieferfehlers<\/strong><\/h4>\n\n\n\n<p>Sollten Sie einen Lieferfehler oder eine Nicht\u00fcbereinstimmung der Produkte feststellen, m\u00fcssen Sie uns dies am Tag der Lieferung oder sp\u00e4testens am darauffolgenden Werktag mitteilen. Nach Ablauf dieser Frist geltend gemachte Reklamationen k\u00f6nnen nicht mehr anerkannt werden.<\/p>\n\n\n\n<p>Die R\u00fccksendung von Produkten muss im Originalzustand (Verpackung, Zubeh\u00f6r, Anleitung) und nach Best\u00e4tigung durch unseren Kundendienst erfolgen. Im Falle eines Fehlers unsererseits gehen die R\u00fccksendekosten zu unseren Lasten.<\/p>","protected":false},"excerpt":{"rendered":"<p>Les modes de livraison disponibles pour votre achat de Container Maritime Chez&nbsp;APTS CONS M\u00c9TAL, nous vous offrons la flexibilit\u00e9 de<\/p>","protected":false},"author":1,"featured_media":0,"parent":0,"menu_order":0,"comment_status":"closed","ping_status":"closed","template":"","meta":{"footnotes":""},"class_list":["post-28331","page","type-page","status-publish","hentry"],"_links":{"self":[{"href":"https:\/\/apts-consmetal.com\/de\/wp-json\/wp\/v2\/pages\/28331","targetHints":{"allow":["GET"]}}],"collection":[{"href":"https:\/\/apts-consmetal.com\/de\/wp-json\/wp\/v2\/pages"}],"about":[{"href":"https:\/\/apts-consmetal.com\/de\/wp-json\/wp\/v2\/types\/page"}],"author":[{"embeddable":true,"href":"https:\/\/apts-consmetal.com\/de\/wp-json\/wp\/v2\/users\/1"}],"replies":[{"embeddable":true,"href":"https:\/\/apts-consmetal.com\/de\/wp-json\/wp\/v2\/comments?post=28331"}],"version-history":[{"count":0,"href":"https:\/\/apts-consmetal.com\/de\/wp-json\/wp\/v2\/pages\/28331\/revisions"}],"wp:attachment":[{"href":"https:\/\/apts-consmetal.com\/de\/wp-json\/wp\/v2\/media?parent=28331"}],"curies":[{"name":"wp","href":"https:\/\/api.w.org\/{rel}","templated":true}]}}