{"id":28329,"date":"2025-05-16T01:17:33","date_gmt":"2025-05-15T23:17:33","guid":{"rendered":"http:\/\/localhost:8888\/Cont\/wordpress\/?page_id=28329"},"modified":"2025-05-23T13:14:48","modified_gmt":"2025-05-23T11:14:48","slug":"conditions-generales-de-vente","status":"publish","type":"page","link":"https:\/\/apts-consmetal.com\/de\/conditions-generales-de-vente\/","title":{"rendered":"Allgemeine Verkaufsbedingungen"},"content":{"rendered":"<h3 class=\"wp-block-heading\">Pr\u00e4ambel<\/h3>\n\n\n\n<p>Diese Allgemeinen Verkaufsbedingungen gelten f\u00fcr alle Transaktionen, die auf der Website von&nbsp;<strong>APTS CONS M\u00c9TAL<\/strong>.<\/p>\n\n\n\n<p>Die Kontaktdaten des Verk\u00e4ufers lauten wie folgt:<br><strong>APTS CONS M\u00c9TAL<\/strong>, 20 RUE SCHNAPPER, 78100 SAINT-GERMAIN-EN-LAYE.<\/p>\n\n\n\n<p>Die Website bietet folgende Produkte an: Zubeh\u00f6r f\u00fcr Schiffscontainer und Container selbst.<\/p>\n\n\n\n<p>Der Kunde erkl\u00e4rt, die Allgemeinen Verkaufsbedingungen vor der Aufgabe einer Bestellung gelesen und akzeptiert zu haben.<\/p>\n\n\n\n<p>Die Best\u00e4tigung der Bestellung setzt die Annahme dieser Allgemeinen Gesch\u00e4ftsbedingungen voraus.<\/p>\n\n\n\n<p><strong>Artikel 1 \u2013 Grunds\u00e4tze<\/strong><\/p>\n\n\n\n<p>Diese allgemeinen Verkaufsbedingungen definieren die Verpflichtungen der Parteien und stellen die einzige Grundlage ihrer Gesch\u00e4ftsbeziehung dar. Der Kunde akzeptiert diese Bedingungen vorbehaltlos.<\/p>\n\n\n\n<p>Der Kunde best\u00e4tigt, dass er \u00fcber die Rechtsf\u00e4higkeit verf\u00fcgt, Vertr\u00e4ge abzuschlie\u00dfen und die auf der Website angebotenen Produkte zu erwerben.<\/p>\n\n\n\n<p>Die Allgemeinen Verkaufsbedingungen von&nbsp;<strong><strong>APTS CONS M\u00c9TAL<\/strong><\/strong>&nbsp;Diese Dokumente haben Vorrang vor allen anderen Dokumenten und gelten uneingeschr\u00e4nkt f\u00fcr alle erbrachten Dienstleistungen.<\/p>\n\n\n\n<p>Der Verk\u00e4ufer beh\u00e4lt sich das Recht vor, diese Bedingungen zu \u00e4ndern. Diese gelten ab ihrer Online-Ver\u00f6ffentlichung.<\/p>\n\n\n\n<p><strong>Artikel 2 \u2013 Inhalt<\/strong><\/p>\n\n\n\n<p>Diese Allgemeinen Gesch\u00e4ftsbedingungen definieren die Rechte und Pflichten der Parteien f\u00fcr den Online-Verkauf von Waren, die von&nbsp;<strong><strong>APTS CONS M\u00c9TAL<\/strong><\/strong>.<\/p>\n\n\n\n<p>Diese Bedingungen gelten nur f\u00fcr K\u00e4ufe auf der Website und Lieferungen auf dem franz\u00f6sischen Festland und nach Korsika. F\u00fcr Lieferungen innerhalb der DOM-TOM-Region oder ins Ausland ist ein spezielles Angebot erforderlich.<\/p>\n\n\n\n<p><strong>Artikel 3 \u2013 Bestellung<\/strong><\/p>\n\n\n\n<p>Der Kunde gibt eine Online-Bestellung \u00fcber den Katalog der Website auf, indem er das entsprechende Formular ausf\u00fcllt.<\/p>\n\n\n\n<p>Um die Bestellung zu best\u00e4tigen, muss der Kunde diese Allgemeinen Gesch\u00e4ftsbedingungen akzeptieren. Dadurch wird der Versand einer Best\u00e4tigungs-E-Mail durch den Verk\u00e4ufer ausgel\u00f6st.<\/p>\n\n\n\n<p>Der Kunde w\u00e4hlt die Lieferadresse und die Zahlung erfolgt per Bank\u00fcberweisung.<\/p>\n\n\n\n<p><strong>Artikel 4 \u2013 Elektronische Signatur<\/strong><\/p>\n\n\n\n<p>Die Angabe der Bankdaten und die abschlie\u00dfende Best\u00e4tigung der Bestellung gelten als Nachweis f\u00fcr die Zustimmung des Kunden zur Transaktion.<\/p>\n\n\n\n<p>Im Falle einer missbr\u00e4uchlichen Verwendung von Bankdaten muss der Kunde unverz\u00fcglich Kontakt aufnehmen mit&nbsp;<strong>APTS CONS M\u00c9TAL<\/strong> an die folgende Adresse: contact@apts-consmetal.com.<\/p>\n\n\n\n<p><strong>Artikel 5 \u2013 Best\u00e4tigung der Bestellung<\/strong><\/p>\n\n\n\n<p>Die Vertragsinformationen werden sp\u00e4testens bei Lieferung per E-Mail best\u00e4tigt oder an die vom Kunden angegebene Adresse gesendet.<\/p>\n\n\n\n<p><strong>Artikel 6 \u2013 Transaktionsnachweis<\/strong><\/p>\n\n\n\n<p>Die elektronischen Aufzeichnungen des Verk\u00e4ufers gelten als Nachweis der Transaktionen und der Kommunikation zwischen den Parteien.<\/p>\n\n\n\n<p><strong>Artikel 7 \u2013 Produktinformationen<\/strong><\/p>\n\n\n\n<p>Die Produkte, die diesen Bedingungen unterliegen, sind diejenigen, die auf der Website erscheinen und als verkauft und versandt durch gekennzeichnet sind&nbsp;<strong><strong>APTS CONS M\u00c9TAL<\/strong><\/strong>, je nach Verf\u00fcgbarkeit.<\/p>\n\n\n\n<p><strong>Artikel 8 \u2013 Preise<\/strong><\/p>\n\n\n\n<p>Die Preise sind in Euro angegeben und enthalten die gesetzliche Mehrwertsteuer. Bei Best\u00e4tigung der Bestellung ist die Zahlung einer Anzahlung erforderlich.<\/p>\n\n\n\n<p><strong>Artikel 9 \u2013 Zahlungsweise<\/strong><\/p>\n\n\n\n<p>Der Kunde verpflichtet sich, die Bestellung per Bank\u00fcberweisung oder Kreditkarte zu bezahlen.&nbsp;<strong><strong>APTS CONS M\u00c9TAL<\/strong><\/strong>&nbsp;beh\u00e4lt sich das Recht vor, jede Bestellung im Falle der Nichtzahlung auszusetzen oder zu stornieren.<\/p>\n\n\n\n<p><strong>Artikel 10 \u2013 Verf\u00fcgbarkeit der Produkte<\/strong><\/p>\n\n\n\n<p>Die Lieferzeiten f\u00fcr Lieferungen auf das franz\u00f6sische Festland und nach Korsika betragen 4 bis 5 Werktage. F\u00fcr die franz\u00f6sischen \u00dcberseedepartements und -gebiete oder international wird ein spezifisches Angebot erstellt.<\/p>\n\n\n\n<p><strong>Artikel 11 \u2013 Lieferbedingungen<\/strong><\/p>\n\n\n\n<p>Die Lieferung erfolgt nach Zahlungsbest\u00e4tigung. Sollte der K\u00e4ufer zum Zeitpunkt der Lieferung abwesend sein, wird eine Visitenkarte hinterlassen.<\/p>\n\n\n\n<p><strong>Artikel 12 \u2013 Lieferfehler<\/strong><\/p>\n\n\n\n<p>Reklamationen im Zusammenhang mit einem Lieferfehler oder einer Nichtkonformit\u00e4t der Produkte m\u00fcssen innerhalb von 24 Stunden nach der Lieferung geltend gemacht werden.<\/p>\n\n\n\n<p><strong>Artikel 13 \u2013 Produktgarantie<\/strong><\/p>\n\n\n\n<p>Der Verk\u00e4ufer garantiert dem K\u00e4ufer, dass die gelieferten Produkte keine Konformit\u00e4tsm\u00e4ngel oder versteckte M\u00e4ngel aufweisen.<\/p>\n\n\n\n<p><strong>Artikel 14 \u2013 Widerrufsrecht<\/strong><\/p>\n\n\n\n<p>Der Kunde hat ein 14-t\u00e4giges Widerrufsrecht ab Erhalt der Bestellung.<\/p>\n\n\n\n<p><strong>Artikel 15 \u2013 H\u00f6here Gewalt<\/strong><\/p>\n\n\n\n<p>Als Grund f\u00fcr die Befreiung von den Verpflichtungen der Parteien gelten alle Umst\u00e4nde, die au\u00dferhalb der Kontrolle der Parteien liegen (Naturkatastrophen, Konflikte usw.).<\/p>\n\n\n\n<p><strong>Artikel 18 \u2013 Anwendbares Gesetz<\/strong><\/p>\n\n\n\n<p>Diese Allgemeinen Gesch\u00e4ftsbedingungen unterliegen franz\u00f6sischem Recht. Im Streitfall legen die Parteien ihren Streit dem Handelsgericht Bordeaux vor.<\/p>\n\n\n\n<p><strong>APTS CONS M\u00c9TAL<\/strong>&nbsp;verpflichtet sich, diese Bedingungen f\u00fcr alle auf seiner Site abgeschlossenen Transaktionen anzuwenden.<\/p>","protected":false},"excerpt":{"rendered":"<p>Pr\u00e9ambule Les pr\u00e9sentes conditions g\u00e9n\u00e9rales de vente s\u2019appliquent \u00e0 toutes les transactions conclues sur le site Internet de&nbsp;APTS CONS M\u00c9TAL.<\/p>","protected":false},"author":1,"featured_media":0,"parent":0,"menu_order":0,"comment_status":"closed","ping_status":"closed","template":"","meta":{"footnotes":""},"class_list":["post-28329","page","type-page","status-publish","hentry"],"_links":{"self":[{"href":"https:\/\/apts-consmetal.com\/de\/wp-json\/wp\/v2\/pages\/28329","targetHints":{"allow":["GET"]}}],"collection":[{"href":"https:\/\/apts-consmetal.com\/de\/wp-json\/wp\/v2\/pages"}],"about":[{"href":"https:\/\/apts-consmetal.com\/de\/wp-json\/wp\/v2\/types\/page"}],"author":[{"embeddable":true,"href":"https:\/\/apts-consmetal.com\/de\/wp-json\/wp\/v2\/users\/1"}],"replies":[{"embeddable":true,"href":"https:\/\/apts-consmetal.com\/de\/wp-json\/wp\/v2\/comments?post=28329"}],"version-history":[{"count":0,"href":"https:\/\/apts-consmetal.com\/de\/wp-json\/wp\/v2\/pages\/28329\/revisions"}],"wp:attachment":[{"href":"https:\/\/apts-consmetal.com\/de\/wp-json\/wp\/v2\/media?parent=28329"}],"curies":[{"name":"wp","href":"https:\/\/api.w.org\/{rel}","templated":true}]}}