{"id":28326,"date":"2025-05-16T01:15:53","date_gmt":"2025-05-15T23:15:53","guid":{"rendered":"http:\/\/localhost:8888\/Cont\/wordpress\/?page_id=28326"},"modified":"2025-05-23T12:34:11","modified_gmt":"2025-05-23T10:34:11","slug":"conditions-generales-de-la-vente-transitaire","status":"publish","type":"page","link":"https:\/\/apts-consmetal.com\/de\/conditions-generales-de-la-vente-transitaire\/","title":{"rendered":"Allgemeine Verkaufsbedingungen f\u00fcr Spediteure"},"content":{"rendered":"<p><strong>1. Durchsetzbarkeit<\/strong><\/p>\n\n\n\n<p>Durch die Nutzung der Dienste von&nbsp;<strong><strong>APTS CONS M\u00c9TAL<\/strong><\/strong>akzeptiert der Kunde die unten aufgef\u00fchrten allgemeinen Verkaufsbedingungen. Diese Bedingungen haben Vorrang vor etwaigen abweichenden Klauseln der Vertragsparteien.<\/p>\n\n\n\n<p><strong>2. Preis<\/strong><\/p>\n\n\n\n<p>Erst die Annahme der Bestellung durch den Kunden ist endg\u00fcltig und verbindlich.&nbsp;<strong><strong>APTS CONS M\u00c9TAL<\/strong><\/strong>&nbsp;auf den Angaben im Angebot. Die Containerverf\u00fcgbarkeit richtet sich immer nach der Verf\u00fcgbarkeit zum Zeitpunkt der Bestellung. Der Transporttarif kann je nach Treibstoffzuschlag monatlich variieren.<\/p>\n\n\n\n<p><strong>3. Lieferzeiten<\/strong><\/p>\n\n\n\n<p>Die Lieferzeitangaben sind Richtwerte und unverbindlich. Eine Verz\u00f6gerung berechtigt nicht zur Stornierung der Bestellung oder zu Schadensersatzanspr\u00fcchen. Jede \u00c4nderung der im urspr\u00fcnglichen Kostenvoranschlag genannten Arbeiten muss durch einen neuen Kostenvoranschlag best\u00e4tigt werden.<\/p>\n\n\n\n<p><strong>4. Hinweise zur Lieferung und zum Gefahren\u00fcbergang<\/strong><\/p>\n\n\n\n<p>Der Kunde ist verpflichtet, die Ware nach Erhalt zu pr\u00fcfen und etwaige sichtbare Sch\u00e4den unverz\u00fcglich zu r\u00fcgen. Nicht sichtbare Sch\u00e4den m\u00fcssen innerhalb von 15 Tagen per Einschreiben gemeldet werden.<\/p>\n\n\n\n<p><strong>5. Eigentumsvorbehalt<\/strong><\/p>\n\n\n\n<p><strong>APTS CONS M\u00c9TAL<\/strong>&nbsp;beh\u00e4lt sich das Eigentum an der Ware bis zur vollst\u00e4ndigen Bezahlung vor. Bei Nichtzahlung kann der Verk\u00e4ufer die Ware zur\u00fcckfordern und vom Verkauf zur\u00fccktreten, ohne die Anzahlung zur\u00fcckzuerstatten.<\/p>\n\n\n\n<p><strong>6. Gefahren\u00fcbergang<\/strong><\/p>\n\n\n\n<p>Mit der \u00dcbergabe der Container an den Kunden geht die Verantwortung hierf\u00fcr auf diesen \u00fcber. Mit der Besitz\u00fcbertragung geht auch die Gefahr\u00fcbertragung einher.<\/p>\n\n\n\n<p><strong>7. \u00dcbergang der Transportgefahr<\/strong><\/p>\n\n\n\n<p>Wird der Transport vom Kunden oder seinen Erf\u00fcllungsgehilfen durchgef\u00fchrt,\u00a0<strong>APTS CONS M\u00c9TAL<\/strong>\u00a0ist nur f\u00fcr das Laden zust\u00e4ndig. Die gesamte Verantwortung f\u00fcr die Lagerung liegt beim Kunden.<\/p>\n\n\n\n<p><strong>8. H\u00f6here Gewalt<\/strong><\/p>\n\n\n\n<p><strong>APTS CONS M\u00c9TAL<\/strong>&nbsp;haftet nicht im Falle h\u00f6herer Gewalt (Streiks, Naturkatastrophen, Kriege usw.), die die normale Erf\u00fcllung der Verpflichtungen unm\u00f6glich machen.<\/p>\n\n\n\n<p><strong>9. Zahlungsbedingungen: Verzugs- und Vertragsstrafenklauseln<\/strong><\/p>\n\n\n\n<p>Die Bezahlung der Leistungen erfolgt gem\u00e4\u00df den Konditionen des Angebots. Bei Zahlungsverzug wird eine Vertragsstrafe in H\u00f6he des 1,5-fachen gesetzlichen Zinssatzes f\u00e4llig.<\/p>\n\n\n\n<p><strong>10. Lieferbedingungen<\/strong><\/p>\n\n\n\n<p><strong>A \u2013 Lieferung vor Ort<\/strong>&nbsp;: Die Zufahrtsbedingungen f\u00fcr Lieferwagen sind vom Kunden festzulegen.&nbsp;<strong><strong>APTS CONS M\u00c9TAL<\/strong><\/strong>&nbsp;\u00fcbernimmt keine Verantwortung f\u00fcr Lieferunm\u00f6glichkeiten und Mehrkosten gehen zu Lasten des Kunden.<\/p>\n\n\n\n<p><strong>B \u2013 Unterst\u00fctzung bei der Hinterlegung<\/strong>&nbsp;Hinweis: Die Verf\u00fcgbarkeit des Beh\u00e4lters ist vor der Abholung durch den Kunden zu pr\u00fcfen.<\/p>\n\n\n\n<p><strong>11. R\u00fccktritt<\/strong><\/p>\n\n\n\n<p>Im Falle eines R\u00fccktritts wird die geleistete Anzahlung nicht zur\u00fcckerstattet. Wenn keine Anzahlung geleistet wurde, wird eine Strafe in H\u00f6he von 20 % des Bestellbetrags erhoben.<\/p>\n\n\n\n<p><strong>12. Mehrwertsteuerbefreiung<\/strong><\/p>\n\n\n\n<p>Bei allen Exportbestellungen wird die Mehrwertsteuer in Rechnung gestellt und gem\u00e4\u00df Artikel 262 des CGI angepasst, sofern keine Befreiung vom zollfreien Kauf m\u00f6glich ist.<\/p>\n\n\n\n<p><strong>13. Gerichtsstand<\/strong><\/p>\n\n\n\n<p>F\u00fcr alle Streitigkeiten sind ausschlie\u00dflich die Gerichte von&nbsp;<strong>Bordeaux<\/strong>, auch im Falle eines Gew\u00e4hrleistungsanspruchs oder mehrerer Beklagter.<\/p>","protected":false},"excerpt":{"rendered":"<p>1. Opposabilit\u00e9 En utilisant les services de&nbsp;APTS CONS M\u00c9TAL, le client accepte les conditions g\u00e9n\u00e9rales de vente d\u00e9taill\u00e9es ci-dessous. Ces<\/p>","protected":false},"author":1,"featured_media":0,"parent":0,"menu_order":0,"comment_status":"closed","ping_status":"closed","template":"","meta":{"footnotes":""},"class_list":["post-28326","page","type-page","status-publish","hentry"],"_links":{"self":[{"href":"https:\/\/apts-consmetal.com\/de\/wp-json\/wp\/v2\/pages\/28326","targetHints":{"allow":["GET"]}}],"collection":[{"href":"https:\/\/apts-consmetal.com\/de\/wp-json\/wp\/v2\/pages"}],"about":[{"href":"https:\/\/apts-consmetal.com\/de\/wp-json\/wp\/v2\/types\/page"}],"author":[{"embeddable":true,"href":"https:\/\/apts-consmetal.com\/de\/wp-json\/wp\/v2\/users\/1"}],"replies":[{"embeddable":true,"href":"https:\/\/apts-consmetal.com\/de\/wp-json\/wp\/v2\/comments?post=28326"}],"version-history":[{"count":0,"href":"https:\/\/apts-consmetal.com\/de\/wp-json\/wp\/v2\/pages\/28326\/revisions"}],"wp:attachment":[{"href":"https:\/\/apts-consmetal.com\/de\/wp-json\/wp\/v2\/media?parent=28326"}],"curies":[{"name":"wp","href":"https:\/\/api.w.org\/{rel}","templated":true}]}}